{"id":191492,"date":"2022-10-20T06:23:06","date_gmt":"2022-10-20T04:23:06","guid":{"rendered":"http:\/\/dev.claret.cat\/producte\/papallones-diurnes-de-catalunya\/"},"modified":"2023-01-28T05:09:43","modified_gmt":"2023-01-28T04:09:43","slug":"papallones-diurnes-de-catalunya-9788490346754","status":"publish","type":"product","link":"https:\/\/www.claret.cat\/es\/libro\/papallones-diurnes-de-catalunya-9788490346754\/","title":{"rendered":"PAPALLONES DI\u00dcRNES DE CATALUNYA"},"content":{"rendered":"<p>M\u00e9s de 100 esp\u00e8cies, les m\u00e9s comunes, vistoses i representatives   C\u00f2moda guia en format de paper plastificat desplegable que inclou m\u00e9s de 100 esp\u00e8cies de papallones di\u00fcrnes de Catalunya que per la seva abund\u00e0ncia, bellesa o singularitat cal con\u00e8ixer. A cada l\u00e0mina s&#8217;hi troben il\u00b7lustrades una desena de papallones, acompanyades d&#8217;un petit text i unes icones amb informaci\u00f3 complement\u00e0ria per facilitar-ne la localitzaci\u00f3 i identificaci\u00f3. Inclou el nom cient\u00edfic i el nom popular en castell\u00e0 i angl\u00e8s.<\/p>\n","protected":false},"excerpt":{"rendered":"<p>LLOBET FRAN\u00c7OIS, TONI \/ STEFANESCU, CONSTANT\u00cd<\/p>\n","protected":false},"featured_media":191493,"template":"","meta":{"_acf_changed":false,"om_disable_all_campaigns":false,"rs_blank_template":"","rs_page_bg_color":"","slide_template_v7":"","inline_featured_image":false,"_monsterinsights_skip_tracking":false,"_monsterinsights_sitenote_active":false,"_monsterinsights_sitenote_note":"","_monsterinsights_sitenote_category":0},"product_brand":[],"product_cat":[16],"product_tag":[],"class_list":{"0":"post-191492","1":"product","2":"type-product","3":"status-publish","4":"has-post-thumbnail","6":"product_cat-sense-categoria","8":"first","9":"instock","10":"taxable","11":"shipping-taxable","12":"purchasable","13":"product-type-simple"},"acf":{"autor":"LLOBET FRAN\u00c7OIS, TONI \/ STEFANESCU, CONSTANT\u00cd","codart":"849034675","libros-coleccion":"SUSHI BOOKS","ediciones":"1","encuadernacion":"R\u00fastica","fecha_de_publicacion":"01\/02\/2018","novedad":"1","paginas":"2","subtitulo":"QUE CAL CON\u00c8IXER","orden":"0","portada":"0","idioma":"cat","editorial":[{"ID":148407,"post_author":"3","post_date":"2022-10-14 11:58:00","post_date_gmt":"2022-10-14 09:58:00","post_content":"","post_title":"LECTIO - IMATGE-9","post_excerpt":"","post_status":"publish","comment_status":"closed","ping_status":"closed","post_password":"","post_name":"lectio-imatge-9","to_ping":"","pinged":"","post_modified":"2022-10-14 11:58:00","post_modified_gmt":"2022-10-14 09:58:00","post_content_filtered":"","post_parent":0,"guid":"http:\/\/dev.claret.cat\/editorial\/lectio-imatge-9\/","menu_order":0,"post_type":"editorial","post_mime_type":"","comment_count":"0","filter":"raw"}],"autores-libros":[{"ID":170546,"post_author":"3","post_date":"2022-10-14 22:36:13","post_date_gmt":"2022-10-14 20:36:13","post_content":"","post_title":"TONI LLOBET FRAN\u00c7OIS","post_excerpt":"","post_status":"publish","comment_status":"closed","ping_status":"closed","post_password":"","post_name":"toni-llobet-francois","to_ping":"","pinged":"","post_modified":"2022-10-14 22:36:13","post_modified_gmt":"2022-10-14 20:36:13","post_content_filtered":"","post_parent":0,"guid":"http:\/\/dev.claret.cat\/autor\/toni-llobet-francois\/","menu_order":0,"post_type":"autor","post_mime_type":"","comment_count":"0","filter":"raw"}]},"aioseo_notices":[],"_links":{"self":[{"href":"https:\/\/www.claret.cat\/es\/wp-json\/wp\/v2\/product\/191492","targetHints":{"allow":["GET"]}}],"collection":[{"href":"https:\/\/www.claret.cat\/es\/wp-json\/wp\/v2\/product"}],"about":[{"href":"https:\/\/www.claret.cat\/es\/wp-json\/wp\/v2\/types\/product"}],"wp:featuredmedia":[{"embeddable":true,"href":"https:\/\/www.claret.cat\/es\/wp-json\/wp\/v2\/media\/191493"}],"wp:attachment":[{"href":"https:\/\/www.claret.cat\/es\/wp-json\/wp\/v2\/media?parent=191492"}],"wp:term":[{"taxonomy":"product_brand","embeddable":true,"href":"https:\/\/www.claret.cat\/es\/wp-json\/wp\/v2\/product_brand?post=191492"},{"taxonomy":"product_cat","embeddable":true,"href":"https:\/\/www.claret.cat\/es\/wp-json\/wp\/v2\/product_cat?post=191492"},{"taxonomy":"product_tag","embeddable":true,"href":"https:\/\/www.claret.cat\/es\/wp-json\/wp\/v2\/product_tag?post=191492"}],"curies":[{"name":"wp","href":"https:\/\/api.w.org\/{rel}","templated":true}]}}