{"id":191576,"date":"2022-10-20T06:24:28","date_gmt":"2022-10-20T04:24:28","guid":{"rendered":"http:\/\/dev.claret.cat\/producte\/mai-no-oblidare-el-teu-nom\/"},"modified":"2023-01-28T23:39:45","modified_gmt":"2023-01-28T22:39:45","slug":"mai-no-oblidare-el-teu-nom-9788490347034","status":"publish","type":"product","link":"https:\/\/www.claret.cat\/es\/libro\/mai-no-oblidare-el-teu-nom-9788490347034\/","title":{"rendered":"MAI NO OBLIDAR\u00c9 EL TEU NOM"},"content":{"rendered":"<p>La Fu-Hao i el seu avi tenen una relaci\u00f3 molt especial. Viuen a prop del riu Yang-Ts\u00e9, a la Xina, en plena revoluci\u00f3 neol\u00edtica. Es passen el dia pescant, recollint fruits, emmagatzemant arr\u00f2s, molent el gra i fent farina. A les nits, al voltant del foc, l&#8217;avi de la Fu-Hao treu la seva flauta i toca unes boniques melodies mentre explica unes hist\u00f2ries que agraden molt a petits i grans. Un dia, per\u00f2, comen\u00e7ar\u00e0 a perdre la mem\u00f2ria. La Fu-Hao mirar\u00e0 de posar-hi remei amb una idea molt original i revolucion\u00e0ria que canviar\u00e0 la hist\u00f2ria per sempre m\u00e9s.<\/p>\n","protected":false},"excerpt":{"rendered":"<p>LLORENTE BRIONES, IGNASI<\/p>\n","protected":false},"featured_media":191577,"template":"","meta":{"_acf_changed":false,"om_disable_all_campaigns":false,"rs_blank_template":"","rs_page_bg_color":"","slide_template_v7":"","inline_featured_image":false,"_monsterinsights_skip_tracking":false,"_monsterinsights_sitenote_active":false,"_monsterinsights_sitenote_note":"","_monsterinsights_sitenote_category":0},"product_brand":[],"product_cat":[86],"product_tag":[],"class_list":{"0":"post-191576","1":"product","2":"type-product","3":"status-publish","4":"has-post-thumbnail","6":"product_cat-infantil","8":"first","9":"instock","10":"taxable","11":"shipping-taxable","12":"purchasable","13":"product-type-simple"},"acf":{"autor":"LLORENTE BRIONES, IGNASI","codart":"849034703","libros-coleccion":"Altres infantil","ediciones":"1","encuadernacion":"Carton\u00e9","fecha_de_publicacion":"01\/02\/2018","novedad":"1","paginas":"35","subtitulo":"","orden":"0","portada":"0","idioma":"cat","editorial":[{"ID":148407,"post_author":"3","post_date":"2022-10-14 11:58:00","post_date_gmt":"2022-10-14 09:58:00","post_content":"","post_title":"LECTIO - IMATGE-9","post_excerpt":"","post_status":"publish","comment_status":"closed","ping_status":"closed","post_password":"","post_name":"lectio-imatge-9","to_ping":"","pinged":"","post_modified":"2022-10-14 11:58:00","post_modified_gmt":"2022-10-14 09:58:00","post_content_filtered":"","post_parent":0,"guid":"http:\/\/dev.claret.cat\/editorial\/lectio-imatge-9\/","menu_order":0,"post_type":"editorial","post_mime_type":"","comment_count":"0","filter":"raw"}],"autores-libros":[{"ID":157804,"post_author":"3","post_date":"2022-10-14 15:31:46","post_date_gmt":"2022-10-14 13:31:46","post_content":"","post_title":"IGNASI LLORENTE BRIONES","post_excerpt":"","post_status":"publish","comment_status":"closed","ping_status":"closed","post_password":"","post_name":"ignasi-llorente-briones","to_ping":"","pinged":"","post_modified":"2022-10-14 15:31:46","post_modified_gmt":"2022-10-14 13:31:46","post_content_filtered":"","post_parent":0,"guid":"http:\/\/dev.claret.cat\/autor\/ignasi-llorente-briones\/","menu_order":0,"post_type":"autor","post_mime_type":"","comment_count":"0","filter":"raw"}]},"aioseo_notices":[],"_links":{"self":[{"href":"https:\/\/www.claret.cat\/es\/wp-json\/wp\/v2\/product\/191576","targetHints":{"allow":["GET"]}}],"collection":[{"href":"https:\/\/www.claret.cat\/es\/wp-json\/wp\/v2\/product"}],"about":[{"href":"https:\/\/www.claret.cat\/es\/wp-json\/wp\/v2\/types\/product"}],"wp:featuredmedia":[{"embeddable":true,"href":"https:\/\/www.claret.cat\/es\/wp-json\/wp\/v2\/media\/191577"}],"wp:attachment":[{"href":"https:\/\/www.claret.cat\/es\/wp-json\/wp\/v2\/media?parent=191576"}],"wp:term":[{"taxonomy":"product_brand","embeddable":true,"href":"https:\/\/www.claret.cat\/es\/wp-json\/wp\/v2\/product_brand?post=191576"},{"taxonomy":"product_cat","embeddable":true,"href":"https:\/\/www.claret.cat\/es\/wp-json\/wp\/v2\/product_cat?post=191576"},{"taxonomy":"product_tag","embeddable":true,"href":"https:\/\/www.claret.cat\/es\/wp-json\/wp\/v2\/product_tag?post=191576"}],"curies":[{"name":"wp","href":"https:\/\/api.w.org\/{rel}","templated":true}]}}