{"id":191582,"date":"2022-10-20T06:24:34","date_gmt":"2022-10-20T04:24:34","guid":{"rendered":"http:\/\/dev.claret.cat\/producte\/101-bolets-de-catalunya\/"},"modified":"2025-12-31T16:20:44","modified_gmt":"2025-12-31T15:20:44","slug":"101-bolets-de-catalunya-9788490347096","status":"publish","type":"product","link":"https:\/\/www.claret.cat\/es\/libro\/101-bolets-de-catalunya-9788490347096\/","title":{"rendered":"101 BOLETS DE CATALUNYA"},"content":{"rendered":"<p>C\u00f2moda guia en un format de paper plastificat desplegable. Inclou les 101 esp\u00e8cies de bolets que per la seva popularitat, abund\u00e0ncia, inter\u00e8s per ser comestibles o verinosos o altres singularitats cal con\u00e8ixer. A cada l\u00e0mina hi trobem il\u00b7lustrades a la mateixa escala entre 6 i 10 bolets diferents, acompanyats d&#8217;un petit text i unes icones amb informaci\u00f3 complement\u00e0ria per facilitar-ne la localitzaci\u00f3 i identificaci\u00f3. Tamb\u00e9 amb una icona s&#8217;indica la comestibilitat.<\/p>\n","protected":false},"excerpt":{"rendered":"<p>LLOBET FRAN\u00c7OIS, TONI \/ GR\u00c0CIA, ENRIC<\/p>\n","protected":false},"featured_media":1072379,"template":"","meta":{"_acf_changed":false,"om_disable_all_campaigns":false,"rs_blank_template":"","rs_page_bg_color":"","slide_template_v7":"","inline_featured_image":false,"_monsterinsights_skip_tracking":false,"_monsterinsights_sitenote_active":false,"_monsterinsights_sitenote_note":"","_monsterinsights_sitenote_category":0},"product_brand":[],"product_cat":[90,540],"product_tag":[],"class_list":{"0":"post-191582","1":"product","2":"type-product","3":"status-publish","4":"has-post-thumbnail","6":"product_cat-altres","7":"product_cat-otros","9":"first","10":"instock","11":"taxable","12":"shipping-taxable","13":"purchasable","14":"product-type-simple"},"acf":{"autor":"LLOBET FRAN\u00c7OIS, TONI \/ GR\u00c0CIA, ENRIC","codart":"849034709","libros-coleccion":"SUSHI BOOKS","ediciones":"1","encuadernacion":"R\u00fastica","fecha_de_publicacion":"01\/02\/2018","novedad":"1","paginas":"2","subtitulo":"QUE CAL CON\u00c8IXER","orden":"0","portada":"0","idioma":"cat","editorial":[{"ID":148407,"post_author":"3","post_date":"2022-10-14 11:58:00","post_date_gmt":"2022-10-14 09:58:00","post_content":"","post_title":"LECTIO - IMATGE-9","post_excerpt":"","post_status":"publish","comment_status":"closed","ping_status":"closed","post_password":"","post_name":"lectio-imatge-9","to_ping":"","pinged":"","post_modified":"2022-10-14 11:58:00","post_modified_gmt":"2022-10-14 09:58:00","post_content_filtered":"","post_parent":0,"guid":"http:\/\/dev.claret.cat\/editorial\/lectio-imatge-9\/","menu_order":0,"post_type":"editorial","post_mime_type":"","comment_count":"0","filter":"raw"}],"autores-libros":[{"ID":170546,"post_author":"3","post_date":"2022-10-14 22:36:13","post_date_gmt":"2022-10-14 20:36:13","post_content":"","post_title":"TONI LLOBET FRAN\u00c7OIS","post_excerpt":"","post_status":"publish","comment_status":"closed","ping_status":"closed","post_password":"","post_name":"toni-llobet-francois","to_ping":"","pinged":"","post_modified":"2022-10-14 22:36:13","post_modified_gmt":"2022-10-14 20:36:13","post_content_filtered":"","post_parent":0,"guid":"http:\/\/dev.claret.cat\/autor\/toni-llobet-francois\/","menu_order":0,"post_type":"autor","post_mime_type":"","comment_count":"0","filter":"raw"},{"ID":263451,"post_author":"3","post_date":"2022-12-01 11:17:31","post_date_gmt":"2022-12-01 10:17:31","post_content":"","post_title":"ENRIC GR\u00c0CIA","post_excerpt":"","post_status":"publish","comment_status":"closed","ping_status":"closed","post_password":"","post_name":"enric-gracia","to_ping":"","pinged":"","post_modified":"2022-12-01 11:17:31","post_modified_gmt":"2022-12-01 10:17:31","post_content_filtered":"","post_parent":0,"guid":"http:\/\/dev.claret.cat\/autor\/enric-gracia\/","menu_order":0,"post_type":"autor","post_mime_type":"","comment_count":"0","filter":"raw"}],"booktrailer":"","resenas":""},"aioseo_notices":[],"_links":{"self":[{"href":"https:\/\/www.claret.cat\/es\/wp-json\/wp\/v2\/product\/191582","targetHints":{"allow":["GET"]}}],"collection":[{"href":"https:\/\/www.claret.cat\/es\/wp-json\/wp\/v2\/product"}],"about":[{"href":"https:\/\/www.claret.cat\/es\/wp-json\/wp\/v2\/types\/product"}],"wp:featuredmedia":[{"embeddable":true,"href":"https:\/\/www.claret.cat\/es\/wp-json\/wp\/v2\/media\/1072379"}],"wp:attachment":[{"href":"https:\/\/www.claret.cat\/es\/wp-json\/wp\/v2\/media?parent=191582"}],"wp:term":[{"taxonomy":"product_brand","embeddable":true,"href":"https:\/\/www.claret.cat\/es\/wp-json\/wp\/v2\/product_brand?post=191582"},{"taxonomy":"product_cat","embeddable":true,"href":"https:\/\/www.claret.cat\/es\/wp-json\/wp\/v2\/product_cat?post=191582"},{"taxonomy":"product_tag","embeddable":true,"href":"https:\/\/www.claret.cat\/es\/wp-json\/wp\/v2\/product_tag?post=191582"}],"curies":[{"name":"wp","href":"https:\/\/api.w.org\/{rel}","templated":true}]}}