{"id":191591,"date":"2022-10-20T06:24:43","date_gmt":"2022-10-20T04:24:43","guid":{"rendered":"http:\/\/dev.claret.cat\/producte\/hortalisses-de-catalunya\/"},"modified":"2024-08-28T17:06:43","modified_gmt":"2024-08-28T15:06:43","slug":"hortalisses-de-catalunya-9788490346761","status":"publish","type":"product","link":"https:\/\/www.claret.cat\/es\/libro\/hortalisses-de-catalunya-9788490346761\/","title":{"rendered":"HORTALISSES DE CATALUNYA"},"content":{"rendered":"<p>M\u00e9s de 80 varietats, els seus usos culinaris, quan conrear-les i com gaudir-ne   C\u00f2moda guia en format de paper plastificat desplegable que inclou les 80 varietats d&#8217;hortalisses de Catalunya, els seus usos culinaris, quan conrear-les i com gaudir-ne. A cada l\u00e0mina s&#8217;hi troben il\u00b7lustrades entre 6 i 8 varietats diferents acompanyades d&#8217;un petit text i unes icones amb informaci\u00f3 complement\u00e0ria per facilitar-ne la identificaci\u00f3, aix\u00ed com curiositats i consells. S&#8217;afegeixen unes altres icones que indiquen els per\u00edodes de conreu, el moment de gaudir-ne, la sembra, la plantaci\u00f3 i la collita, i d&#8217;una manera molt \u00e0mplia s&#8217;expliquen sobretot els usos culinaris. Inclou el nom cient\u00edfic i el nom popular en castell\u00e0 i angl\u00e8s.<\/p>\n","protected":false},"excerpt":{"rendered":"<p>LLOBET FRAN\u00c7OIS, TONI \/ GARCIA-ARB\u00d3S, SALVADOR<\/p>\n","protected":false},"featured_media":976070,"template":"","meta":{"_acf_changed":false,"om_disable_all_campaigns":false,"rs_blank_template":"","rs_page_bg_color":"","slide_template_v7":"","inline_featured_image":false,"_monsterinsights_skip_tracking":false,"_monsterinsights_sitenote_active":false,"_monsterinsights_sitenote_note":"","_monsterinsights_sitenote_category":0},"product_brand":[],"product_cat":[90,540],"product_tag":[],"class_list":{"0":"post-191591","1":"product","2":"type-product","3":"status-publish","4":"has-post-thumbnail","6":"product_cat-altres","7":"product_cat-otros","9":"first","10":"instock","11":"taxable","12":"shipping-taxable","13":"purchasable","14":"product-type-simple"},"acf":{"autor":"LLOBET FRAN\u00c7OIS, TONI \/ GARCIA-ARB\u00d3S, SALVADOR","codart":"849034676","libros-coleccion":"SUSHI BOOKS","ediciones":"1","encuadernacion":"R\u00fastica","fecha_de_publicacion":"01\/02\/2018","novedad":"1","paginas":"2","subtitulo":"","orden":"0","portada":"0","idioma":"cat","editorial":[{"ID":148407,"post_author":"3","post_date":"2022-10-14 11:58:00","post_date_gmt":"2022-10-14 09:58:00","post_content":"","post_title":"LECTIO - IMATGE-9","post_excerpt":"","post_status":"publish","comment_status":"closed","ping_status":"closed","post_password":"","post_name":"lectio-imatge-9","to_ping":"","pinged":"","post_modified":"2022-10-14 11:58:00","post_modified_gmt":"2022-10-14 09:58:00","post_content_filtered":"","post_parent":0,"guid":"http:\/\/dev.claret.cat\/editorial\/lectio-imatge-9\/","menu_order":0,"post_type":"editorial","post_mime_type":"","comment_count":"0","filter":"raw"}],"autores-libros":[{"ID":170546,"post_author":"3","post_date":"2022-10-14 22:36:13","post_date_gmt":"2022-10-14 20:36:13","post_content":"","post_title":"TONI LLOBET FRAN\u00c7OIS","post_excerpt":"","post_status":"publish","comment_status":"closed","ping_status":"closed","post_password":"","post_name":"toni-llobet-francois","to_ping":"","pinged":"","post_modified":"2022-10-14 22:36:13","post_modified_gmt":"2022-10-14 20:36:13","post_content_filtered":"","post_parent":0,"guid":"http:\/\/dev.claret.cat\/autor\/toni-llobet-francois\/","menu_order":0,"post_type":"autor","post_mime_type":"","comment_count":"0","filter":"raw"},{"ID":168853,"post_author":"3","post_date":"2022-10-14 22:22:28","post_date_gmt":"2022-10-14 20:22:28","post_content":"","post_title":"SALVADOR GARCIA-ARB\u00d3S","post_excerpt":"","post_status":"publish","comment_status":"closed","ping_status":"closed","post_password":"","post_name":"salvador-garcia-arbos","to_ping":"","pinged":"","post_modified":"2022-10-14 22:22:28","post_modified_gmt":"2022-10-14 20:22:28","post_content_filtered":"","post_parent":0,"guid":"http:\/\/dev.claret.cat\/autor\/salvador-garcia-arbos\/","menu_order":0,"post_type":"autor","post_mime_type":"","comment_count":"0","filter":"raw"}]},"aioseo_notices":[],"_links":{"self":[{"href":"https:\/\/www.claret.cat\/es\/wp-json\/wp\/v2\/product\/191591","targetHints":{"allow":["GET"]}}],"collection":[{"href":"https:\/\/www.claret.cat\/es\/wp-json\/wp\/v2\/product"}],"about":[{"href":"https:\/\/www.claret.cat\/es\/wp-json\/wp\/v2\/types\/product"}],"wp:featuredmedia":[{"embeddable":true,"href":"https:\/\/www.claret.cat\/es\/wp-json\/wp\/v2\/media\/976070"}],"wp:attachment":[{"href":"https:\/\/www.claret.cat\/es\/wp-json\/wp\/v2\/media?parent=191591"}],"wp:term":[{"taxonomy":"product_brand","embeddable":true,"href":"https:\/\/www.claret.cat\/es\/wp-json\/wp\/v2\/product_brand?post=191591"},{"taxonomy":"product_cat","embeddable":true,"href":"https:\/\/www.claret.cat\/es\/wp-json\/wp\/v2\/product_cat?post=191591"},{"taxonomy":"product_tag","embeddable":true,"href":"https:\/\/www.claret.cat\/es\/wp-json\/wp\/v2\/product_tag?post=191591"}],"curies":[{"name":"wp","href":"https:\/\/api.w.org\/{rel}","templated":true}]}}