{"id":191639,"date":"2022-10-20T06:25:32","date_gmt":"2022-10-20T04:25:32","guid":{"rendered":"http:\/\/dev.claret.cat\/producte\/101-pasatiempos-para-pequenos-viajeros\/"},"modified":"2023-01-28T06:45:15","modified_gmt":"2023-01-28T05:45:15","slug":"101-pasatiempos-para-pequenos-viajeros-9788408165682","status":"publish","type":"product","link":"https:\/\/www.claret.cat\/es\/libro\/101-pasatiempos-para-pequenos-viajeros-9788408165682\/","title":{"rendered":"101 PASATIEMPOS PARA PEQUE\u00d1OS VIAJEROS"},"content":{"rendered":"<p>Crear un c\u00f3digo secreto, preparar una pel\u00edcula, jugar al bingo del viaje, hacer de dise\u00f1ador de moda, aprender a hacer trucos de magia? y otras 96 actividades para tachar de la lista de cosas que pueden hacer m\u00e1s divertido un viaje. \u00bfCu\u00e1ntas ser\u00e1s capaz de tachar?En algunas actividades, el ni\u00f1o aplicar\u00e1 (y ampliar\u00e1) los conocimientos adquiridos en la escuela; en otras, se estimular\u00e1 su curiosidad o se le ayudar\u00e1 a desarrollar habilidades que le har\u00e1n sentirse mayor o le permitir\u00e1n presumir entre sus amigos.<\/p>\n","protected":false},"excerpt":{"rendered":"<p>BUTTERFIELD, MOIRA<\/p>\n","protected":false},"featured_media":191640,"template":"","meta":{"_acf_changed":false,"om_disable_all_campaigns":false,"rs_blank_template":"","rs_page_bg_color":"","slide_template_v7":"","inline_featured_image":false,"_monsterinsights_skip_tracking":false,"_monsterinsights_sitenote_active":false,"_monsterinsights_sitenote_note":"","_monsterinsights_sitenote_category":0},"product_brand":[],"product_cat":[107,86,101],"product_tag":[],"class_list":{"0":"post-191639","1":"product","2":"type-product","3":"status-publish","4":"has-post-thumbnail","6":"product_cat-guies-de-viatge","7":"product_cat-infantil","8":"product_cat-manualitats","10":"first","11":"instock","12":"taxable","13":"shipping-taxable","14":"purchasable","15":"product-type-simple"},"acf":{"autor":"BUTTERFIELD, MOIRA","codart":"840816568","libros-coleccion":"geoPlaneta Kids","ediciones":"1","encuadernacion":"R\u00fastica","fecha_de_publicacion":"01\/02\/2018","novedad":"1","paginas":"144","subtitulo":"","orden":"0","portada":"0","idioma":"spa","editorial":[{"ID":8244,"post_author":"3","post_date":"2022-09-30 09:21:26","post_date_gmt":"2022-09-30 07:21:26","post_content":"","post_title":"GEOPLANETA EDITORIAL","post_excerpt":"","post_status":"publish","comment_status":"closed","ping_status":"closed","post_password":"","post_name":"geoplaneta-editorial","to_ping":"","pinged":"","post_modified":"2022-09-30 09:21:26","post_modified_gmt":"2022-09-30 07:21:26","post_content_filtered":"","post_parent":0,"guid":"http:\/\/dev.claret.cat\/editorial\/geoplaneta-editorial\/","menu_order":0,"post_type":"editorial","post_mime_type":"","comment_count":"0","filter":"raw"}],"autores-libros":[{"ID":165275,"post_author":"3","post_date":"2022-10-14 17:53:52","post_date_gmt":"2022-10-14 15:53:52","post_content":"","post_title":"MOIRA BUTTERFIELD","post_excerpt":"","post_status":"publish","comment_status":"closed","ping_status":"closed","post_password":"","post_name":"moira-butterfield","to_ping":"","pinged":"","post_modified":"2022-10-14 17:53:52","post_modified_gmt":"2022-10-14 15:53:52","post_content_filtered":"","post_parent":0,"guid":"http:\/\/dev.claret.cat\/autor\/moira-butterfield\/","menu_order":0,"post_type":"autor","post_mime_type":"","comment_count":"0","filter":"raw"}]},"aioseo_notices":[],"_links":{"self":[{"href":"https:\/\/www.claret.cat\/es\/wp-json\/wp\/v2\/product\/191639","targetHints":{"allow":["GET"]}}],"collection":[{"href":"https:\/\/www.claret.cat\/es\/wp-json\/wp\/v2\/product"}],"about":[{"href":"https:\/\/www.claret.cat\/es\/wp-json\/wp\/v2\/types\/product"}],"wp:featuredmedia":[{"embeddable":true,"href":"https:\/\/www.claret.cat\/es\/wp-json\/wp\/v2\/media\/191640"}],"wp:attachment":[{"href":"https:\/\/www.claret.cat\/es\/wp-json\/wp\/v2\/media?parent=191639"}],"wp:term":[{"taxonomy":"product_brand","embeddable":true,"href":"https:\/\/www.claret.cat\/es\/wp-json\/wp\/v2\/product_brand?post=191639"},{"taxonomy":"product_cat","embeddable":true,"href":"https:\/\/www.claret.cat\/es\/wp-json\/wp\/v2\/product_cat?post=191639"},{"taxonomy":"product_tag","embeddable":true,"href":"https:\/\/www.claret.cat\/es\/wp-json\/wp\/v2\/product_tag?post=191639"}],"curies":[{"name":"wp","href":"https:\/\/api.w.org\/{rel}","templated":true}]}}