{"id":191678,"date":"2022-10-20T06:26:14","date_gmt":"2022-10-20T04:26:14","guid":{"rendered":"http:\/\/dev.claret.cat\/producte\/60-actividades-montessori-para-tu-bebe\/"},"modified":"2023-01-28T15:21:00","modified_gmt":"2023-01-28T14:21:00","slug":"60-actividades-montessori-para-tu-bebe-9788408182160","status":"publish","type":"product","link":"https:\/\/www.claret.cat\/es\/libro\/60-actividades-montessori-para-tu-bebe-9788408182160\/","title":{"rendered":"60 ACTIVIDADES MONTESSORI PARA TU BEB\u00c9"},"content":{"rendered":"<p>Cuando un beb\u00e9 llega al mundo lo protegemos y lo cuidamos. Tambi\u00e9n podemos alimentar las ganas de descubrir, fomentar su atenci\u00f3n y ayudarle a desarrollar su concentraci\u00f3n en un ambiente de calma y serenidad. Esta obra, dedicada a la pedagog\u00eda Montessori para los m\u00e1s peque\u00f1os, desde el nacimiento hasta los 15 meses, propone ideas y actividades para: preparar el universo de los beb\u00e9s, crear y preparar el material sensorial adaptado a cada etapa de su evoluci\u00f3n, acompa\u00f1arlo en el desarrollo de sus competencias, fomentar su autonom\u00eda y ayudarle a hacer las cosas solo.<\/p>\n","protected":false},"excerpt":{"rendered":"<p>PLACE, MARIE H\u00c9L\u00c8NE<\/p>\n","protected":false},"featured_media":191679,"template":"","meta":{"_acf_changed":false,"om_disable_all_campaigns":false,"rs_blank_template":"","rs_page_bg_color":"","slide_template_v7":"","inline_featured_image":false,"_monsterinsights_skip_tracking":false,"_monsterinsights_sitenote_active":false,"_monsterinsights_sitenote_note":"","_monsterinsights_sitenote_category":0},"product_brand":[],"product_cat":[100],"product_tag":[],"class_list":{"0":"post-191678","1":"product","2":"type-product","3":"status-publish","4":"has-post-thumbnail","6":"product_cat-escola-de-pares","8":"first","9":"instock","10":"taxable","11":"shipping-taxable","12":"purchasable","13":"product-type-simple"},"acf":{"autor":"PLACE, MARIE H\u00c9L\u00c8NE","codart":"840818216","libros-coleccion":"SUSHI BOOKS","ediciones":"1","encuadernacion":"R\u00fastica","fecha_de_publicacion":"01\/02\/2018","novedad":"1","paginas":"181","subtitulo":"IDEAS PARA AYUDARLO A SER AUT\u00d3NOMO Y PREPARAR SU UNIVERSO","orden":"0","portada":"0","idioma":"spa","editorial":[{"ID":6377,"post_author":"3","post_date":"2022-07-28 17:50:53","post_date_gmt":"2022-07-28 15:50:53","post_content":"","post_title":"Timun Mas CAT","post_excerpt":"","post_status":"publish","comment_status":"closed","ping_status":"closed","post_password":"","post_name":"timun-mas-cat","to_ping":"","pinged":"","post_modified":"2022-07-28 17:50:53","post_modified_gmt":"2022-07-28 15:50:53","post_content_filtered":"","post_parent":0,"guid":"http:\/\/dev.claret.cat\/editorial\/timun-mas-cat\/","menu_order":0,"post_type":"editorial","post_mime_type":"","comment_count":"0","filter":"raw"}],"autores-libros":[{"ID":163888,"post_author":"3","post_date":"2022-10-14 17:42:39","post_date_gmt":"2022-10-14 15:42:39","post_content":"","post_title":"MARIE H\u00c9L\u00c8NE PLACE","post_excerpt":"","post_status":"publish","comment_status":"closed","ping_status":"closed","post_password":"","post_name":"marie-helene-place","to_ping":"","pinged":"","post_modified":"2022-10-14 17:42:39","post_modified_gmt":"2022-10-14 15:42:39","post_content_filtered":"","post_parent":0,"guid":"http:\/\/dev.claret.cat\/autor\/marie-helene-place\/","menu_order":0,"post_type":"autor","post_mime_type":"","comment_count":"0","filter":"raw"}]},"aioseo_notices":[],"_links":{"self":[{"href":"https:\/\/www.claret.cat\/es\/wp-json\/wp\/v2\/product\/191678","targetHints":{"allow":["GET"]}}],"collection":[{"href":"https:\/\/www.claret.cat\/es\/wp-json\/wp\/v2\/product"}],"about":[{"href":"https:\/\/www.claret.cat\/es\/wp-json\/wp\/v2\/types\/product"}],"wp:featuredmedia":[{"embeddable":true,"href":"https:\/\/www.claret.cat\/es\/wp-json\/wp\/v2\/media\/191679"}],"wp:attachment":[{"href":"https:\/\/www.claret.cat\/es\/wp-json\/wp\/v2\/media?parent=191678"}],"wp:term":[{"taxonomy":"product_brand","embeddable":true,"href":"https:\/\/www.claret.cat\/es\/wp-json\/wp\/v2\/product_brand?post=191678"},{"taxonomy":"product_cat","embeddable":true,"href":"https:\/\/www.claret.cat\/es\/wp-json\/wp\/v2\/product_cat?post=191678"},{"taxonomy":"product_tag","embeddable":true,"href":"https:\/\/www.claret.cat\/es\/wp-json\/wp\/v2\/product_tag?post=191678"}],"curies":[{"name":"wp","href":"https:\/\/api.w.org\/{rel}","templated":true}]}}