{"id":191768,"date":"2022-10-20T06:27:49","date_gmt":"2022-10-20T04:27:49","guid":{"rendered":"http:\/\/dev.claret.cat\/producte\/lofici-dhistoriador\/"},"modified":"2025-06-26T10:31:36","modified_gmt":"2025-06-26T08:31:36","slug":"lofici-dhistoriador-9788494717468","status":"publish","type":"product","link":"https:\/\/www.claret.cat\/es\/libro\/lofici-dhistoriador-9788494717468\/","title":{"rendered":"L&#8217;OFICI D&#8217;HISTORIADOR"},"content":{"rendered":"<p>La tasca de l&#8217;historiador es defineix fonamentalment pel seu comprom\u00eds amb el m\u00f3n en qu\u00e8 viu, i el seu treball ha de contribuir a explicar els problemes reals dels homes i les dones d&#8217;ahir i d&#8221;avui, per ajudar a resoldre&#8217;ls. L&#8217;ofici d&#8217;historiador \u00e9s, doncs, un ofici socialment \u00fatil. Les lli\u00e7ons aplegades en aquest llibre van ser pronunciades, originalment, en el marc de la C\u00e0tedra Ferrater Mora de la Universitat de Girona, l&#8217;any 2009.<\/p>\n","protected":false},"excerpt":{"rendered":"<p>FONTANA L\u00c1ZARO, JOSEP<\/p>\n","protected":false},"featured_media":191769,"template":"","meta":{"_acf_changed":false,"om_disable_all_campaigns":false,"rs_blank_template":"","rs_page_bg_color":"","slide_template_v7":"","inline_featured_image":false,"_monsterinsights_skip_tracking":false,"_monsterinsights_sitenote_active":false,"_monsterinsights_sitenote_note":"","_monsterinsights_sitenote_category":0},"product_brand":[],"product_cat":[351,85],"product_tag":[],"class_list":{"0":"post-191768","1":"product","2":"type-product","3":"status-publish","4":"has-post-thumbnail","6":"product_cat-historia-2_humanidades","7":"product_cat-historia","9":"first","10":"instock","11":"taxable","12":"shipping-taxable","13":"purchasable","14":"product-type-simple"},"acf":{"autor":"FONTANA L\u00c1ZARO, JOSEP","codart":"849471746","libros-coleccion":"","ediciones":"1","encuadernacion":"R\u00fastica","fecha_de_publicacion":"01\/02\/2018","novedad":"1","paginas":"260","subtitulo":"","orden":"0","portada":"0","idioma":"cat","editorial":[{"ID":6125,"post_author":"3","post_date":"2022-07-28 17:45:25","post_date_gmt":"2022-07-28 15:45:25","post_content":"","post_title":"ARC\u00c0DIA","post_excerpt":"","post_status":"publish","comment_status":"closed","ping_status":"closed","post_password":"","post_name":"arcadia","to_ping":"","pinged":"","post_modified":"2022-07-28 17:45:25","post_modified_gmt":"2022-07-28 15:45:25","post_content_filtered":"","post_parent":0,"guid":"http:\/\/dev.claret.cat\/editorial\/arcadia\/","menu_order":0,"post_type":"editorial","post_mime_type":"","comment_count":"0","filter":"raw"}],"autores-libros":[{"ID":160669,"post_author":"3","post_date":"2022-10-14 15:54:56","post_date_gmt":"2022-10-14 13:54:56","post_content":"","post_title":"JOSEP FONTANA L\u00c0ZARO","post_excerpt":"","post_status":"publish","comment_status":"closed","ping_status":"closed","post_password":"","post_name":"josep-fontana-lazaro","to_ping":"","pinged":"","post_modified":"2022-10-14 15:54:56","post_modified_gmt":"2022-10-14 13:54:56","post_content_filtered":"","post_parent":0,"guid":"http:\/\/dev.claret.cat\/autor\/josep-fontana-lazaro\/","menu_order":0,"post_type":"autor","post_mime_type":"","comment_count":"0","filter":"raw"}],"booktrailer":"","resenas":""},"aioseo_notices":[],"_links":{"self":[{"href":"https:\/\/www.claret.cat\/es\/wp-json\/wp\/v2\/product\/191768","targetHints":{"allow":["GET"]}}],"collection":[{"href":"https:\/\/www.claret.cat\/es\/wp-json\/wp\/v2\/product"}],"about":[{"href":"https:\/\/www.claret.cat\/es\/wp-json\/wp\/v2\/types\/product"}],"wp:featuredmedia":[{"embeddable":true,"href":"https:\/\/www.claret.cat\/es\/wp-json\/wp\/v2\/media\/191769"}],"wp:attachment":[{"href":"https:\/\/www.claret.cat\/es\/wp-json\/wp\/v2\/media?parent=191768"}],"wp:term":[{"taxonomy":"product_brand","embeddable":true,"href":"https:\/\/www.claret.cat\/es\/wp-json\/wp\/v2\/product_brand?post=191768"},{"taxonomy":"product_cat","embeddable":true,"href":"https:\/\/www.claret.cat\/es\/wp-json\/wp\/v2\/product_cat?post=191768"},{"taxonomy":"product_tag","embeddable":true,"href":"https:\/\/www.claret.cat\/es\/wp-json\/wp\/v2\/product_tag?post=191768"}],"curies":[{"name":"wp","href":"https:\/\/api.w.org\/{rel}","templated":true}]}}