{"id":191777,"date":"2022-10-20T06:27:58","date_gmt":"2022-10-20T04:27:58","guid":{"rendered":"http:\/\/dev.claret.cat\/producte\/berlin-3\/"},"modified":"2023-01-28T08:58:09","modified_gmt":"2023-01-28T07:58:09","slug":"berlin-9788499359960","status":"publish","type":"product","link":"https:\/\/www.claret.cat\/es\/libro\/berlin-9788499359960\/","title":{"rendered":"BERL\u00cdN"},"content":{"rendered":"<p>&quot; Lo mejor de la capital alemana en un volumen s\u00faper reducido con lo mejor de la ciudad y la informaci\u00f3n m\u00e1s \u00fatil y actualizada para ese viajero independiente que viaja con presupuesto. La informaci\u00f3n se estructura en varios cap\u00edtulos.<br \/> En Los Imprescindibles se desarrollan cinco puntos claves de la ciudad que entraman un especial inter\u00e9s para el viajero.<br \/> Los Datos pr\u00e1cticos ofrecen informaci\u00f3n de transportes, documentaci\u00f3n, tr\u00e1mites de entrada, acontecimientos culturales, sanidad, excursiones, horarios, etc. <br \/> Visita a la ciudad ofrece una descripci\u00f3n monumental de la misma, as\u00ed como informaci\u00f3n sobre compras o fiestas m\u00e1s destacadas, y otros datos adicionales. <br \/> Comer y dormir es un glosario fundamental: se da informaci\u00f3n detallada de los distintos hoteles y restaurantes que hemos seleccionado siguiendo un riguroso criterio de calidad\/precio. En cuanto a los alojamientos, organizados por barrios, se describen desde los hostales y albergues juveniles hasta los hoteles de precio m\u00e1s elevado. <br \/> Los restaurantes tambi\u00e9n se han ordenado por zonas y van desde los establecimientos m\u00e1s asequibles o con men\u00fa y otros restaurantes de mayor precio.<br \/> Acompa\u00f1ando a la visita y con el fin de facilitarla, se incluye un desplegable con dos planos (de d\u00eda y de noche) que en colores diferenciados muestran los distintos ambientes que se pueden encontrar en la ciudad. En el plano de d\u00eda se resaltan las zonas comerciales, as\u00ed como los restaurantes y monumentos m\u00e1s interesantes que merece la pena visitar. En el plano de noche, donde se destacan los hoteles recomendados, se pueden ver las calles m\u00e1s animadas para salir de noche. <br \/> El cap\u00edtulo fina, El contexto, comprende algunos apuntes sobre la historia, la gastronom\u00eda, la arquitectura, as\u00ed como otros aspectos interesantes sobre la cultura alemana. &quot;<\/p>\n","protected":false},"excerpt":{"rendered":"<p>CALVO L\u00d3PEZ-GUERRERO, GABRIEL \/ TZSCHASCHEL, SABINE<\/p>\n","protected":false},"featured_media":191778,"template":"","meta":{"_acf_changed":false,"om_disable_all_campaigns":false,"rs_blank_template":"","rs_page_bg_color":"","slide_template_v7":"","inline_featured_image":false,"_monsterinsights_skip_tracking":false,"_monsterinsights_sitenote_active":false,"_monsterinsights_sitenote_note":"","_monsterinsights_sitenote_category":0},"product_brand":[],"product_cat":[107],"product_tag":[],"class_list":{"0":"post-191777","1":"product","2":"type-product","3":"status-publish","4":"has-post-thumbnail","6":"product_cat-guies-de-viatge","8":"first","9":"instock","10":"taxable","11":"shipping-taxable","12":"purchasable","13":"product-type-simple"},"acf":{"autor":"CALVO L\u00d3PEZ-GUERRERO, GABRIEL \/ TZSCHASCHEL, SABINE","codart":"849935996","libros-coleccion":"FORA DE COL.LECCI\u00d3","ediciones":"1","encuadernacion":"R\u00fastica","fecha_de_publicacion":"01\/02\/2018","novedad":"1","paginas":"128","subtitulo":"","orden":"0","portada":"0","idioma":"spa","editorial":[{"ID":147435,"post_author":"3","post_date":"2022-10-14 11:50:33","post_date_gmt":"2022-10-14 09:50:33","post_content":"","post_title":"Anaya Touring","post_excerpt":"","post_status":"publish","comment_status":"closed","ping_status":"closed","post_password":"","post_name":"anaya-touring","to_ping":"","pinged":"","post_modified":"2022-10-14 11:50:33","post_modified_gmt":"2022-10-14 09:50:33","post_content_filtered":"","post_parent":0,"guid":"http:\/\/dev.claret.cat\/editorial\/anaya-touring\/","menu_order":0,"post_type":"editorial","post_mime_type":"","comment_count":"0","filter":"raw"}],"autores-libros":[{"ID":168771,"post_author":"3","post_date":"2022-10-14 22:21:49","post_date_gmt":"2022-10-14 20:21:49","post_content":"","post_title":"SABINE TZSCHASCHEL","post_excerpt":"","post_status":"publish","comment_status":"closed","ping_status":"closed","post_password":"","post_name":"sabine-tzschaschel","to_ping":"","pinged":"","post_modified":"2022-10-14 22:21:49","post_modified_gmt":"2022-10-14 20:21:49","post_content_filtered":"","post_parent":0,"guid":"http:\/\/dev.claret.cat\/autor\/sabine-tzschaschel\/","menu_order":0,"post_type":"autor","post_mime_type":"","comment_count":"0","filter":"raw"},{"ID":156510,"post_author":"3","post_date":"2022-10-14 15:21:23","post_date_gmt":"2022-10-14 13:21:23","post_content":"","post_title":"GABRIEL CALVO L\u00d3PEZ-GUERRERO","post_excerpt":"","post_status":"publish","comment_status":"closed","ping_status":"closed","post_password":"","post_name":"gabriel-calvo-lopez-guerrero","to_ping":"","pinged":"","post_modified":"2022-10-14 15:21:23","post_modified_gmt":"2022-10-14 13:21:23","post_content_filtered":"","post_parent":0,"guid":"http:\/\/dev.claret.cat\/autor\/gabriel-calvo-lopez-guerrero\/","menu_order":0,"post_type":"autor","post_mime_type":"","comment_count":"0","filter":"raw"}]},"aioseo_notices":[],"_links":{"self":[{"href":"https:\/\/www.claret.cat\/es\/wp-json\/wp\/v2\/product\/191777","targetHints":{"allow":["GET"]}}],"collection":[{"href":"https:\/\/www.claret.cat\/es\/wp-json\/wp\/v2\/product"}],"about":[{"href":"https:\/\/www.claret.cat\/es\/wp-json\/wp\/v2\/types\/product"}],"wp:featuredmedia":[{"embeddable":true,"href":"https:\/\/www.claret.cat\/es\/wp-json\/wp\/v2\/media\/191778"}],"wp:attachment":[{"href":"https:\/\/www.claret.cat\/es\/wp-json\/wp\/v2\/media?parent=191777"}],"wp:term":[{"taxonomy":"product_brand","embeddable":true,"href":"https:\/\/www.claret.cat\/es\/wp-json\/wp\/v2\/product_brand?post=191777"},{"taxonomy":"product_cat","embeddable":true,"href":"https:\/\/www.claret.cat\/es\/wp-json\/wp\/v2\/product_cat?post=191777"},{"taxonomy":"product_tag","embeddable":true,"href":"https:\/\/www.claret.cat\/es\/wp-json\/wp\/v2\/product_tag?post=191777"}],"curies":[{"name":"wp","href":"https:\/\/api.w.org\/{rel}","templated":true}]}}