{"id":191963,"date":"2022-10-20T06:31:12","date_gmt":"2022-10-20T04:31:12","guid":{"rendered":"http:\/\/dev.claret.cat\/producte\/la-penultima-bondad\/"},"modified":"2025-11-11T11:12:05","modified_gmt":"2025-11-11T10:12:05","slug":"la-penultima-bondad-9788416748846","status":"publish","type":"product","link":"https:\/\/www.claret.cat\/es\/libro\/la-penultima-bondad-9788416748846\/","title":{"rendered":"LA PEN\u00daLTIMA BONDAD"},"content":{"rendered":"<p>Este ensayo aborda de un modo sutil e inesperado los \u00abinfinitivos esenciales\u00bb del ser humano: vivir, pensar y amar. Y constituye, sin duda, una valiosa aportaci\u00f3n filos\u00f3fica, desarrollada a partir del concepto de \u00abrepliegue del sentir\u00bb. El estilo singular del autor va calando serena pero tenazmente, como una fina lluvia, proponi\u00e9ndonos un revelador itinerario a trav\u00e9s de p\u00e1ginas dedicadas a la conmoci\u00f3n, el deseo, la creaci\u00f3n, la amistad, la revoluci\u00f3n y el agradecimiento.<br \/> Y desde el comienzo nos anticipa lo m\u00e1s nuclear: \u00abAqu\u00ed, en las afueras, la g\u00e9nesis y la degeneraci\u00f3n, la vida y la muerte, lo humano y lo inhumano ya que s\u00f3lo el humano puede ser inhumano, la proximidad y la indiferencia. Aqu\u00ed, en las afueras, el mal es muy profundo, pero la bondad todav\u00eda lo es m\u00e1s. Aqu\u00ed, en las afueras, nada tiene m\u00e1s sentido que el amparo y la generosidad. Aqu\u00ed, en las afueras, no s\u00f3lo vivimos, sino que somos capaces de vida\u00bb.<\/p>\n","protected":false},"excerpt":{"rendered":"<p>ESQUIROL CALAF, JOSEP MARIA<\/p>\n","protected":false},"featured_media":191964,"template":"","meta":{"_acf_changed":false,"om_disable_all_campaigns":false,"rs_blank_template":"","rs_page_bg_color":"","slide_template_v7":"","inline_featured_image":false,"_monsterinsights_skip_tracking":false,"_monsterinsights_sitenote_active":false,"_monsterinsights_sitenote_note":"","_monsterinsights_sitenote_category":0},"product_brand":[],"product_cat":[83,349],"product_tag":[],"class_list":{"0":"post-191963","1":"product","2":"type-product","3":"status-publish","4":"has-post-thumbnail","6":"product_cat-filosofia","7":"product_cat-filosofia-2_humanidades","9":"first","10":"instock","11":"taxable","12":"shipping-taxable","13":"purchasable","14":"product-type-simple"},"acf":{"autor":"ESQUIROL CALAF, JOSEP MARIA","codart":"841674884","libros-coleccion":"El Acantilado","ediciones":"1","encuadernacion":"R\u00fastica","fecha_de_publicacion":"01\/02\/2018","novedad":"1","paginas":"194","subtitulo":"ENSAYO SOBRE LA VIDA HUMANA","orden":"0","portada":"0","idioma":"spa","editorial":[{"ID":6111,"post_author":"3","post_date":"2022-07-28 17:45:08","post_date_gmt":"2022-07-28 15:45:08","post_content":"","post_title":"ACANTILADO","post_excerpt":"","post_status":"publish","comment_status":"closed","ping_status":"closed","post_password":"","post_name":"acantilado","to_ping":"","pinged":"","post_modified":"2022-07-28 17:45:08","post_modified_gmt":"2022-07-28 15:45:08","post_content_filtered":"","post_parent":0,"guid":"http:\/\/dev.claret.cat\/editorial\/acantilado\/","menu_order":0,"post_type":"editorial","post_mime_type":"","comment_count":"0","filter":"raw"}],"autores-libros":[{"ID":160749,"post_author":"3","post_date":"2022-10-14 15:55:35","post_date_gmt":"2022-10-14 13:55:35","post_content":"","post_title":"JOSEP MARIA ESQUIROL CALAF","post_excerpt":"","post_status":"publish","comment_status":"closed","ping_status":"closed","post_password":"","post_name":"josep-maria-esquirol-calaf","to_ping":"","pinged":"","post_modified":"2022-10-14 15:55:35","post_modified_gmt":"2022-10-14 13:55:35","post_content_filtered":"","post_parent":0,"guid":"http:\/\/dev.claret.cat\/autor\/josep-maria-esquirol-calaf\/","menu_order":0,"post_type":"autor","post_mime_type":"","comment_count":"0","filter":"raw"}],"booktrailer":"","resenas":""},"aioseo_notices":[],"_links":{"self":[{"href":"https:\/\/www.claret.cat\/es\/wp-json\/wp\/v2\/product\/191963","targetHints":{"allow":["GET"]}}],"collection":[{"href":"https:\/\/www.claret.cat\/es\/wp-json\/wp\/v2\/product"}],"about":[{"href":"https:\/\/www.claret.cat\/es\/wp-json\/wp\/v2\/types\/product"}],"wp:featuredmedia":[{"embeddable":true,"href":"https:\/\/www.claret.cat\/es\/wp-json\/wp\/v2\/media\/191964"}],"wp:attachment":[{"href":"https:\/\/www.claret.cat\/es\/wp-json\/wp\/v2\/media?parent=191963"}],"wp:term":[{"taxonomy":"product_brand","embeddable":true,"href":"https:\/\/www.claret.cat\/es\/wp-json\/wp\/v2\/product_brand?post=191963"},{"taxonomy":"product_cat","embeddable":true,"href":"https:\/\/www.claret.cat\/es\/wp-json\/wp\/v2\/product_cat?post=191963"},{"taxonomy":"product_tag","embeddable":true,"href":"https:\/\/www.claret.cat\/es\/wp-json\/wp\/v2\/product_tag?post=191963"}],"curies":[{"name":"wp","href":"https:\/\/api.w.org\/{rel}","templated":true}]}}