{"id":191969,"date":"2022-10-20T06:31:18","date_gmt":"2022-10-20T04:31:18","guid":{"rendered":"http:\/\/dev.claret.cat\/producte\/poesia-completa-9\/"},"modified":"2023-01-28T16:37:46","modified_gmt":"2023-01-28T15:37:46","slug":"poesia-completa-9788490653852","status":"publish","type":"product","link":"https:\/\/www.claret.cat\/es\/libro\/poesia-completa-9788490653852\/","title":{"rendered":"POES\u00cdA COMPLETA"},"content":{"rendered":"<p>La vida entera de Emily Bront\u00eb est\u00e1 recorrida por una misma pasi\u00f3n: la poes\u00eda. Estos poemas, compuestos en complicidad con sus c\u00e9lebres hermanas, Charlotte y Anne, comparten y ampl\u00edan algunos de los temas centrales de su famos\u00edsima novela Cumbres Borrascosas: el amor que se sobrepone a la muerte y la esperanza, el poder de la fantas\u00eda, la lealtad y la traici\u00f3n, las energ\u00edas que solo se desprenden en soledad y est\u00e1n escritos con la misma fuerza visionaria que sobrecoge en sus mejores p\u00e1ginas narrativas. Para situar la acci\u00f3n de sus poemas Emily Bront\u00eb levant\u00f3 con la imaginaci\u00f3n un espacio m\u00edtico llamado Gondal: una isla situada al norte del Pac\u00edfico. Sus versos exploran las costumbres, las rivalidades pol\u00edticas con los reinos vecinos y las intrigas entre la familia real de Gondal y sus nobles, bajo los que se transparentan sus propios anhelos y opresiones como mujer que vive casi aislada en un rinc\u00f3n de la Inglaterra del XIX.<\/p>\n","protected":false},"excerpt":{"rendered":"<p>BR\u00d6NTE, EMILY<\/p>\n","protected":false},"featured_media":191970,"template":"","meta":{"_acf_changed":false,"om_disable_all_campaigns":false,"rs_blank_template":"","rs_page_bg_color":"","slide_template_v7":"","inline_featured_image":false,"_monsterinsights_skip_tracking":false,"_monsterinsights_sitenote_active":false,"_monsterinsights_sitenote_note":"","_monsterinsights_sitenote_category":0},"product_brand":[],"product_cat":[87],"product_tag":[],"class_list":{"0":"post-191969","1":"product","2":"type-product","3":"status-publish","4":"has-post-thumbnail","6":"product_cat-literatura","8":"first","9":"instock","10":"taxable","11":"shipping-taxable","12":"purchasable","13":"product-type-simple"},"acf":{"autor":"BR\u00d6NTE, EMILY","codart":"849065385","libros-coleccion":"Alba Poes\u00eda","ediciones":"1","encuadernacion":"R\u00fastica","fecha_de_publicacion":"01\/02\/2018","novedad":"1","paginas":"568","subtitulo":"","orden":"0","portada":"0","idioma":"spa","editorial":[{"ID":147382,"post_author":"3","post_date":"2022-10-14 11:50:09","post_date_gmt":"2022-10-14 09:50:09","post_content":"","post_title":"Alba Editorial","post_excerpt":"","post_status":"publish","comment_status":"closed","ping_status":"closed","post_password":"","post_name":"alba-editorial","to_ping":"","pinged":"","post_modified":"2022-10-14 11:50:09","post_modified_gmt":"2022-10-14 09:50:09","post_content_filtered":"","post_parent":0,"guid":"http:\/\/dev.claret.cat\/editorial\/alba-editorial\/","menu_order":0,"post_type":"editorial","post_mime_type":"","comment_count":"0","filter":"raw"}],"autores-libros":[{"ID":155005,"post_author":"3","post_date":"2022-10-14 15:09:24","post_date_gmt":"2022-10-14 13:09:24","post_content":"","post_title":"EMILY BRONTE","post_excerpt":"","post_status":"publish","comment_status":"closed","ping_status":"closed","post_password":"","post_name":"emily-bronte","to_ping":"","pinged":"","post_modified":"2022-10-14 15:09:24","post_modified_gmt":"2022-10-14 13:09:24","post_content_filtered":"","post_parent":0,"guid":"http:\/\/dev.claret.cat\/autor\/emily-bronte\/","menu_order":0,"post_type":"autor","post_mime_type":"","comment_count":"0","filter":"raw"}]},"aioseo_notices":[],"_links":{"self":[{"href":"https:\/\/www.claret.cat\/es\/wp-json\/wp\/v2\/product\/191969","targetHints":{"allow":["GET"]}}],"collection":[{"href":"https:\/\/www.claret.cat\/es\/wp-json\/wp\/v2\/product"}],"about":[{"href":"https:\/\/www.claret.cat\/es\/wp-json\/wp\/v2\/types\/product"}],"wp:featuredmedia":[{"embeddable":true,"href":"https:\/\/www.claret.cat\/es\/wp-json\/wp\/v2\/media\/191970"}],"wp:attachment":[{"href":"https:\/\/www.claret.cat\/es\/wp-json\/wp\/v2\/media?parent=191969"}],"wp:term":[{"taxonomy":"product_brand","embeddable":true,"href":"https:\/\/www.claret.cat\/es\/wp-json\/wp\/v2\/product_brand?post=191969"},{"taxonomy":"product_cat","embeddable":true,"href":"https:\/\/www.claret.cat\/es\/wp-json\/wp\/v2\/product_cat?post=191969"},{"taxonomy":"product_tag","embeddable":true,"href":"https:\/\/www.claret.cat\/es\/wp-json\/wp\/v2\/product_tag?post=191969"}],"curies":[{"name":"wp","href":"https:\/\/api.w.org\/{rel}","templated":true}]}}