{"id":191996,"date":"2022-10-20T06:31:47","date_gmt":"2022-10-20T04:31:47","guid":{"rendered":"http:\/\/dev.claret.cat\/producte\/sota-cels-llunyans\/"},"modified":"2023-12-13T14:04:54","modified_gmt":"2023-12-13T13:04:54","slug":"sota-cels-llunyans-9788416930401","status":"publish","type":"product","link":"https:\/\/www.claret.cat\/es\/libro\/sota-cels-llunyans-9788416930401\/","title":{"rendered":"SOTA CELS LLUNYANS"},"content":{"rendered":"<p>Una novel\u00b7la emocionant sobre un dram\u00e0tic secret familiar. Sarah Lark, reina del best seller internacional, narra una hist\u00f2ria sobre la veritat i el silenci, sobre decisions equivocades i correctes, sobre la confian\u00e7a i l&#8217;amor. Hamburg. A l&#8217;actualitat: la periodista alemanya Stephanie va n\u00e9ixer i cr\u00e9ixer a Nova Zelanda. Per\u00f2 ha perdut qualsevol record sobre els seus primers anys de vida all\u00e0. Ara ha de tornar al pa\u00eds de la seva infantessa i recuperar el seu passat. All\u00e0 descobreix l&#8217;exist\u00e8ncia del diari d&#8217;una jove maur\u00ed del segle  passat, la hist\u00f2ria de la qual t\u00e9 una profunda influ\u00e8ncia sobre els fets del present. En el seu viatge per Nova Zelanda l&#8217;acompanyar\u00e0 el carism\u00e0tic i atractiu  maur\u00ed Weru, que l&#8217;ajudar\u00e0 no nom\u00e9s a descobrir els seus secrets familiars amagats durant molt de temps, sin\u00f3 tamb\u00e9 emocions que Stephanie mai havia gosat explorar.<\/p>\n","protected":false},"excerpt":{"rendered":"<p>SARAH LARK<\/p>\n","protected":false},"featured_media":191997,"template":"","meta":{"_acf_changed":false,"om_disable_all_campaigns":false,"rs_blank_template":"","rs_page_bg_color":"","slide_template_v7":"","inline_featured_image":false,"_monsterinsights_skip_tracking":false,"_monsterinsights_sitenote_active":false,"_monsterinsights_sitenote_note":"","_monsterinsights_sitenote_category":0},"product_brand":[],"product_cat":[353,87],"product_tag":[],"class_list":{"0":"post-191996","1":"product","2":"type-product","3":"status-publish","4":"has-post-thumbnail","6":"product_cat-literatura-2_humanidades","7":"product_cat-literatura","9":"first","10":"instock","11":"taxable","12":"shipping-taxable","13":"purchasable","14":"product-type-simple"},"acf":{"autor":"SARAH LARK","codart":"841693040","libros-coleccion":"Narrativa","ediciones":"1","encuadernacion":"Carton\u00e9","fecha_de_publicacion":"01\/02\/2018","novedad":"1","paginas":"656","subtitulo":"","orden":"0","portada":"0","idioma":"cat","editorial":[{"ID":6350,"post_author":"3","post_date":"2022-07-28 17:50:18","post_date_gmt":"2022-07-28 15:50:18","post_content":"","post_title":"ROSA DELS VENTS","post_excerpt":"","post_status":"publish","comment_status":"closed","ping_status":"closed","post_password":"","post_name":"rosa-dels-vents","to_ping":"","pinged":"","post_modified":"2022-07-28 17:50:18","post_modified_gmt":"2022-07-28 15:50:18","post_content_filtered":"","post_parent":0,"guid":"http:\/\/dev.claret.cat\/editorial\/rosa-dels-vents\/","menu_order":0,"post_type":"editorial","post_mime_type":"","comment_count":"0","filter":"raw"}],"autores-libros":[{"ID":169150,"post_author":"3","post_date":"2022-10-14 22:24:52","post_date_gmt":"2022-10-14 20:24:52","post_content":"","post_title":"SARAH LARK","post_excerpt":"","post_status":"publish","comment_status":"closed","ping_status":"closed","post_password":"","post_name":"sarah-lark-2","to_ping":"","pinged":"","post_modified":"2022-10-14 22:24:52","post_modified_gmt":"2022-10-14 20:24:52","post_content_filtered":"","post_parent":0,"guid":"http:\/\/dev.claret.cat\/autor\/sarah-lark-2\/","menu_order":0,"post_type":"autor","post_mime_type":"","comment_count":"0","filter":"raw"}]},"aioseo_notices":[],"_links":{"self":[{"href":"https:\/\/www.claret.cat\/es\/wp-json\/wp\/v2\/product\/191996","targetHints":{"allow":["GET"]}}],"collection":[{"href":"https:\/\/www.claret.cat\/es\/wp-json\/wp\/v2\/product"}],"about":[{"href":"https:\/\/www.claret.cat\/es\/wp-json\/wp\/v2\/types\/product"}],"wp:featuredmedia":[{"embeddable":true,"href":"https:\/\/www.claret.cat\/es\/wp-json\/wp\/v2\/media\/191997"}],"wp:attachment":[{"href":"https:\/\/www.claret.cat\/es\/wp-json\/wp\/v2\/media?parent=191996"}],"wp:term":[{"taxonomy":"product_brand","embeddable":true,"href":"https:\/\/www.claret.cat\/es\/wp-json\/wp\/v2\/product_brand?post=191996"},{"taxonomy":"product_cat","embeddable":true,"href":"https:\/\/www.claret.cat\/es\/wp-json\/wp\/v2\/product_cat?post=191996"},{"taxonomy":"product_tag","embeddable":true,"href":"https:\/\/www.claret.cat\/es\/wp-json\/wp\/v2\/product_tag?post=191996"}],"curies":[{"name":"wp","href":"https:\/\/api.w.org\/{rel}","templated":true}]}}