{"id":192035,"date":"2022-10-20T06:32:28","date_gmt":"2022-10-20T04:32:28","guid":{"rendered":"http:\/\/dev.claret.cat\/producte\/el-fantasma-de-loportunitat\/"},"modified":"2023-01-28T10:12:04","modified_gmt":"2023-01-28T09:12:04","slug":"el-fantasma-de-loportunitat-9788494780004","status":"publish","type":"product","link":"https:\/\/www.claret.cat\/es\/libro\/el-fantasma-de-loportunitat-9788494780004\/","title":{"rendered":"EL FANTASMA DE L&#8217;OPORTUNITAT"},"content":{"rendered":"<p>Al segle XVII, el capit\u00e0 James Misson i la seva tripulaci\u00f3 de pirates van retirar-se a l\u2019illa de Madagascar, on van fundar la comunitat ut\u00f2pica coneguda hist\u00f2ricament com Libert\u00e0tia, una societat que amb els segles ha anat adquirint ress\u00f2 llegendari. A trav\u00e9s de la mirada de Burroughs, ens endinsem en la relaci\u00f3 entre el capit\u00e0 Misson i els l\u00e8murs, una esp\u00e8cie amena\u00e7ada,que, com veurem, resultar\u00e0 m\u00e9s important per al futur de la humanitat del que ens pens\u00e0vem. En aquesta faula ecologista, Burroughs destapa la capsa de Pandora de la mare natura per crear un h\u00edbrid entre ficci\u00f3 i pensament que ultrapassa les coordenades de la novel\u00b7la d\u2019aventures.<\/p>\n","protected":false},"excerpt":{"rendered":"<p>S. BURROUGHS, WILLIAM \/ DEFOE, DANIEL<\/p>\n","protected":false},"featured_media":192036,"template":"","meta":{"_acf_changed":false,"om_disable_all_campaigns":false,"rs_blank_template":"","rs_page_bg_color":"","slide_template_v7":"","inline_featured_image":false,"_monsterinsights_skip_tracking":false,"_monsterinsights_sitenote_active":false,"_monsterinsights_sitenote_note":"","_monsterinsights_sitenote_category":0},"product_brand":[],"product_cat":[87],"product_tag":[],"class_list":{"0":"post-192035","1":"product","2":"type-product","3":"status-publish","4":"has-post-thumbnail","6":"product_cat-literatura","8":"first","9":"instock","10":"taxable","11":"shipping-taxable","12":"purchasable","13":"product-type-simple"},"acf":{"editorial":[{"ID":6230,"post_author":"3","post_date":"2022-07-28 17:47:42","post_date_gmt":"2022-07-28 15:47:42","post_content":"","post_title":"Editorial Males Herbes","post_excerpt":"","post_status":"publish","comment_status":"closed","ping_status":"closed","post_password":"","post_name":"editorial-males-herbes","to_ping":"","pinged":"","post_modified":"2022-07-28 17:47:42","post_modified_gmt":"2022-07-28 15:47:42","post_content_filtered":"","post_parent":0,"guid":"http:\/\/dev.claret.cat\/editorial\/editorial-males-herbes\/","menu_order":0,"post_type":"editorial","post_mime_type":"","comment_count":"0","filter":"raw"}],"autores-libros":[{"ID":153571,"post_author":"3","post_date":"2022-10-14 14:57:49","post_date_gmt":"2022-10-14 12:57:49","post_content":"","post_title":"DANIEL DEFOE","post_excerpt":"","post_status":"publish","comment_status":"closed","ping_status":"closed","post_password":"","post_name":"daniel-defoe","to_ping":"","pinged":"","post_modified":"2022-10-14 14:57:49","post_modified_gmt":"2022-10-14 12:57:49","post_content_filtered":"","post_parent":0,"guid":"http:\/\/dev.claret.cat\/autor\/daniel-defoe\/","menu_order":0,"post_type":"autor","post_mime_type":"","comment_count":"0","filter":"raw"}],"autor":"S. BURROUGHS, WILLIAM \/ DEFOE, DANIEL","codart":"849478000","libros-coleccion":"FORA DE COL.LECCI\u00d3","ediciones":"1","encuadernacion":"R\u00fastica","fecha_de_publicacion":"01\/02\/2018","novedad":"1","paginas":"155","subtitulo":"SEGUIT DE 'SOBRE EL CAPIT\u00c0 MISSON'","orden":"0","portada":"0","idioma":"cat"},"aioseo_notices":[],"_links":{"self":[{"href":"https:\/\/www.claret.cat\/es\/wp-json\/wp\/v2\/product\/192035","targetHints":{"allow":["GET"]}}],"collection":[{"href":"https:\/\/www.claret.cat\/es\/wp-json\/wp\/v2\/product"}],"about":[{"href":"https:\/\/www.claret.cat\/es\/wp-json\/wp\/v2\/types\/product"}],"wp:featuredmedia":[{"embeddable":true,"href":"https:\/\/www.claret.cat\/es\/wp-json\/wp\/v2\/media\/192036"}],"wp:attachment":[{"href":"https:\/\/www.claret.cat\/es\/wp-json\/wp\/v2\/media?parent=192035"}],"wp:term":[{"taxonomy":"product_brand","embeddable":true,"href":"https:\/\/www.claret.cat\/es\/wp-json\/wp\/v2\/product_brand?post=192035"},{"taxonomy":"product_cat","embeddable":true,"href":"https:\/\/www.claret.cat\/es\/wp-json\/wp\/v2\/product_cat?post=192035"},{"taxonomy":"product_tag","embeddable":true,"href":"https:\/\/www.claret.cat\/es\/wp-json\/wp\/v2\/product_tag?post=192035"}],"curies":[{"name":"wp","href":"https:\/\/api.w.org\/{rel}","templated":true}]}}