{"id":192113,"date":"2022-10-20T06:33:52","date_gmt":"2022-10-20T04:33:52","guid":{"rendered":"http:\/\/dev.claret.cat\/producte\/la-rioja\/"},"modified":"2023-01-28T12:18:57","modified_gmt":"2023-01-28T11:18:57","slug":"la-rioja-9788491580768","status":"publish","type":"product","link":"https:\/\/www.claret.cat\/es\/libro\/la-rioja-9788491580768\/","title":{"rendered":"LA RIOJA"},"content":{"rendered":"<p>La mejor informaci\u00f3n sobre La Rioja completamente actualizada.<br \/> Al principio de la gu\u00eda hay un mapa de carreteras escala 1:800.000 con todas las localidades y lugares que aparecen en ella.<br \/> En el apartado La Rioja de la A a la Z est\u00e1n ordenados alfab\u00e9ticamente los lugares tur\u00edsticos y espacios naturales m\u00e1s significativos de la comunidad riojana. Cada descripci\u00f3n consta de secciones fijas como Info, Transportes, Visita, Alojamientos, Tapeo, Restaurantes, Caf\u00e9s, La Noche, Compras, Fiestas&#8230; Tambi\u00e9n se incluyen dos planos de Logro\u00f1o (de d\u00eda y de noche) con las zonas de ambiente m\u00e1s interesantes para el viajero.<br \/> La secci\u00f3n Dormir y Comer est\u00e1 formada por una selecci\u00f3n de hoteles y restaurantes elegidos siguiendo un riguroso criterio de calidad-precio. Resultar\u00e1 f\u00e1cil localizar los alojamientos y restaurantes en los planos.<br \/> En el apartado titulado Rutas por La Rioja se hace un exhaustivo recorrido por la regi\u00f3n siguiendo los mejores itinerarios: el camino de Santiago por La Rioja, la Rioja Alavesa, la Rioja Alta, la sierra de Cameros y los valles del Cidacos y el Alhama.<br \/> El siguiente apartado, El Contexto, ofrece algunos apuntes sobre la historia, la naturaleza, la arquitectura popular y la gastronom\u00eda de La Rioja, as\u00ed como otros aspectos interesantes relacionados con su cultura.<br \/> Y finalmente, en el \u00faltimo apartado se incluye una exclusiva selecci\u00f3n de los alojamientos con m\u00e1s encanto de la comunidad riojana.<br \/> El car\u00e1cter pr\u00e1ctico de esta gu\u00eda se ve reforzado por su abundante informaci\u00f3n cartogr\u00e1fica: 6 mapas, 8 planos y 2 plantas de edificios hist\u00f3ricos.<\/p>\n","protected":false},"excerpt":{"rendered":"<p>RAMOS CAMPOS, ALFREDO \/ HERN\u00c1NDEZ COLORADO, ARANTXA \/ G\u00d3MEZ, I\u00d1AKI<\/p>\n","protected":false},"featured_media":192114,"template":"","meta":{"_acf_changed":false,"om_disable_all_campaigns":false,"rs_blank_template":"","rs_page_bg_color":"","slide_template_v7":"","inline_featured_image":false,"_monsterinsights_skip_tracking":false,"_monsterinsights_sitenote_active":false,"_monsterinsights_sitenote_note":"","_monsterinsights_sitenote_category":0},"product_brand":[],"product_cat":[107],"product_tag":[],"class_list":{"0":"post-192113","1":"product","2":"type-product","3":"status-publish","4":"has-post-thumbnail","6":"product_cat-guies-de-viatge","8":"first","9":"instock","10":"taxable","11":"shipping-taxable","12":"purchasable","13":"product-type-simple"},"acf":{"autor":"RAMOS CAMPOS, ALFREDO \/ HERN\u00c1NDEZ COLORADO, ARANTXA \/ G\u00d3MEZ, I\u00d1AKI","codart":"849158076","libros-coleccion":"FORA DE COL.LECCI\u00d3","ediciones":"1","encuadernacion":"R\u00fastica","fecha_de_publicacion":"01\/02\/2018","novedad":"1","paginas":"167","subtitulo":"","orden":"0","portada":"0","idioma":"spa","editorial":[{"ID":147435,"post_author":"3","post_date":"2022-10-14 11:50:33","post_date_gmt":"2022-10-14 09:50:33","post_content":"","post_title":"Anaya Touring","post_excerpt":"","post_status":"publish","comment_status":"closed","ping_status":"closed","post_password":"","post_name":"anaya-touring","to_ping":"","pinged":"","post_modified":"2022-10-14 11:50:33","post_modified_gmt":"2022-10-14 09:50:33","post_content_filtered":"","post_parent":0,"guid":"http:\/\/dev.claret.cat\/editorial\/anaya-touring\/","menu_order":0,"post_type":"editorial","post_mime_type":"","comment_count":"0","filter":"raw"}],"autores-libros":[{"ID":157950,"post_author":"3","post_date":"2022-10-14 15:32:57","post_date_gmt":"2022-10-14 13:32:57","post_content":"","post_title":"I\u00d1AKI G\u00d3MEZ","post_excerpt":"","post_status":"publish","comment_status":"closed","ping_status":"closed","post_password":"","post_name":"inaki-gomez","to_ping":"","pinged":"","post_modified":"2022-10-14 15:32:57","post_modified_gmt":"2022-10-14 13:32:57","post_content_filtered":"","post_parent":0,"guid":"http:\/\/dev.claret.cat\/autor\/inaki-gomez\/","menu_order":0,"post_type":"autor","post_mime_type":"","comment_count":"0","filter":"raw"},{"ID":151052,"post_author":"3","post_date":"2022-10-14 14:37:49","post_date_gmt":"2022-10-14 12:37:49","post_content":"","post_title":"ARANTXA HERNANDEZ COLORADO","post_excerpt":"","post_status":"publish","comment_status":"closed","ping_status":"closed","post_password":"","post_name":"arantxa-hernandez-colorado","to_ping":"","pinged":"","post_modified":"2022-10-14 14:37:49","post_modified_gmt":"2022-10-14 12:37:49","post_content_filtered":"","post_parent":0,"guid":"http:\/\/dev.claret.cat\/autor\/arantxa-hernandez-colorado\/","menu_order":0,"post_type":"autor","post_mime_type":"","comment_count":"0","filter":"raw"}]},"aioseo_notices":[],"_links":{"self":[{"href":"https:\/\/www.claret.cat\/es\/wp-json\/wp\/v2\/product\/192113","targetHints":{"allow":["GET"]}}],"collection":[{"href":"https:\/\/www.claret.cat\/es\/wp-json\/wp\/v2\/product"}],"about":[{"href":"https:\/\/www.claret.cat\/es\/wp-json\/wp\/v2\/types\/product"}],"wp:featuredmedia":[{"embeddable":true,"href":"https:\/\/www.claret.cat\/es\/wp-json\/wp\/v2\/media\/192114"}],"wp:attachment":[{"href":"https:\/\/www.claret.cat\/es\/wp-json\/wp\/v2\/media?parent=192113"}],"wp:term":[{"taxonomy":"product_brand","embeddable":true,"href":"https:\/\/www.claret.cat\/es\/wp-json\/wp\/v2\/product_brand?post=192113"},{"taxonomy":"product_cat","embeddable":true,"href":"https:\/\/www.claret.cat\/es\/wp-json\/wp\/v2\/product_cat?post=192113"},{"taxonomy":"product_tag","embeddable":true,"href":"https:\/\/www.claret.cat\/es\/wp-json\/wp\/v2\/product_tag?post=192113"}],"curies":[{"name":"wp","href":"https:\/\/api.w.org\/{rel}","templated":true}]}}