{"id":192128,"date":"2022-10-20T06:34:08","date_gmt":"2022-10-20T04:34:08","guid":{"rendered":"http:\/\/dev.claret.cat\/producte\/andalucia\/"},"modified":"2023-01-28T00:47:43","modified_gmt":"2023-01-27T23:47:43","slug":"andalucia-9788491580522","status":"publish","type":"product","link":"https:\/\/www.claret.cat\/es\/libro\/andalucia-9788491580522\/","title":{"rendered":"ANDALUC\u00cdA"},"content":{"rendered":"<p>&quot; Crisol de pueblos a lo largo de la historia, esta Gu\u00eda Total de Andaluc\u00eda ofrece la m\u00e1s completa y mejor informaci\u00f3n de la Comunidad, dividida en cuatro apartados.<br \/> En el primero, titulado Excursiones por Andaluc\u00eda, se describen catorce recorridos por los paisajes m\u00e1s representativos. Todos se acompa\u00f1an de un mapa detallado en el que se se\u00f1ala el itinerario descrito.<br \/> En el segundo, Andaluc\u00eda de la A a la Z, se encuentran todas las localidades y lugares de inter\u00e9s tur\u00edstico. Los planos de las ciudades facilitar\u00e1n el desplazamiento por \u00e9stas y ayudar\u00e1n a localizar los monumentos m\u00e1s destacados. <br \/> La tercera parte, El contexto, es una introducci\u00f3n a la naturaleza, la historia, el arte, la gastronom\u00eda, la arquitectura popular y la oferta cultural de la Comunidad de Andaluc\u00eda. <br \/> Por \u00faltimo, en el cap\u00edtulo Informaciones pr\u00e1cticas se pueden obtener las direcciones y tel\u00e9fonos de hoteles, restaurantes y otros servicios tur\u00edsticos seleccionados.<br \/> El car\u00e1cter pr\u00e1ctico de la gu\u00eda se ve reforzado con un mapa de carreteras de la Comunidad. &quot;<\/p>\n","protected":false},"excerpt":{"rendered":"<p>ARJONA MOLINA, RAFAEL<\/p>\n","protected":false},"featured_media":192129,"template":"","meta":{"_acf_changed":false,"om_disable_all_campaigns":false,"rs_blank_template":"","rs_page_bg_color":"","slide_template_v7":"","inline_featured_image":false,"_monsterinsights_skip_tracking":false,"_monsterinsights_sitenote_active":false,"_monsterinsights_sitenote_note":"","_monsterinsights_sitenote_category":0},"product_brand":[],"product_cat":[107],"product_tag":[],"class_list":{"0":"post-192128","1":"product","2":"type-product","3":"status-publish","4":"has-post-thumbnail","6":"product_cat-guies-de-viatge","8":"first","9":"instock","10":"taxable","11":"shipping-taxable","12":"purchasable","13":"product-type-simple"},"acf":{"autor":"ARJONA MOLINA, RAFAEL","codart":"849158052","libros-coleccion":"FORA DE COL.LECCI\u00d3","ediciones":"1","encuadernacion":"R\u00fastica","fecha_de_publicacion":"01\/02\/2018","novedad":"1","paginas":"583","subtitulo":"","orden":"0","portada":"0","idioma":"spa","editorial":[{"ID":147435,"post_author":"3","post_date":"2022-10-14 11:50:33","post_date_gmt":"2022-10-14 09:50:33","post_content":"","post_title":"Anaya Touring","post_excerpt":"","post_status":"publish","comment_status":"closed","ping_status":"closed","post_password":"","post_name":"anaya-touring","to_ping":"","pinged":"","post_modified":"2022-10-14 11:50:33","post_modified_gmt":"2022-10-14 09:50:33","post_content_filtered":"","post_parent":0,"guid":"http:\/\/dev.claret.cat\/editorial\/anaya-touring\/","menu_order":0,"post_type":"editorial","post_mime_type":"","comment_count":"0","filter":"raw"}],"autores-libros":[{"ID":167561,"post_author":"3","post_date":"2022-10-14 18:12:11","post_date_gmt":"2022-10-14 16:12:11","post_content":"","post_title":"RAFAEL ARJONA MOLINA","post_excerpt":"","post_status":"publish","comment_status":"closed","ping_status":"closed","post_password":"","post_name":"rafael-arjona-molina","to_ping":"","pinged":"","post_modified":"2022-10-14 18:12:11","post_modified_gmt":"2022-10-14 16:12:11","post_content_filtered":"","post_parent":0,"guid":"http:\/\/dev.claret.cat\/autor\/rafael-arjona-molina\/","menu_order":0,"post_type":"autor","post_mime_type":"","comment_count":"0","filter":"raw"}]},"aioseo_notices":[],"_links":{"self":[{"href":"https:\/\/www.claret.cat\/es\/wp-json\/wp\/v2\/product\/192128","targetHints":{"allow":["GET"]}}],"collection":[{"href":"https:\/\/www.claret.cat\/es\/wp-json\/wp\/v2\/product"}],"about":[{"href":"https:\/\/www.claret.cat\/es\/wp-json\/wp\/v2\/types\/product"}],"wp:featuredmedia":[{"embeddable":true,"href":"https:\/\/www.claret.cat\/es\/wp-json\/wp\/v2\/media\/192129"}],"wp:attachment":[{"href":"https:\/\/www.claret.cat\/es\/wp-json\/wp\/v2\/media?parent=192128"}],"wp:term":[{"taxonomy":"product_brand","embeddable":true,"href":"https:\/\/www.claret.cat\/es\/wp-json\/wp\/v2\/product_brand?post=192128"},{"taxonomy":"product_cat","embeddable":true,"href":"https:\/\/www.claret.cat\/es\/wp-json\/wp\/v2\/product_cat?post=192128"},{"taxonomy":"product_tag","embeddable":true,"href":"https:\/\/www.claret.cat\/es\/wp-json\/wp\/v2\/product_tag?post=192128"}],"curies":[{"name":"wp","href":"https:\/\/api.w.org\/{rel}","templated":true}]}}