{"id":192137,"date":"2022-10-20T06:34:18","date_gmt":"2022-10-20T04:34:18","guid":{"rendered":"http:\/\/dev.claret.cat\/producte\/cordoba\/"},"modified":"2023-01-28T04:07:51","modified_gmt":"2023-01-28T03:07:51","slug":"cordoba-9788491580157","status":"publish","type":"product","link":"https:\/\/www.claret.cat\/es\/libro\/cordoba-9788491580157\/","title":{"rendered":"C\u00d3RDOBA"},"content":{"rendered":"<p>&quot; La informaci\u00f3n m\u00e1s pr\u00e1ctica y actualizada de C\u00f3rdoba en una gu\u00eda de bolsillo muy manejable y con un atractivo dise\u00f1o. Para viajeros que disponen de poco tiempo y tienen un presupuesto muy ajustado.<br \/> La gu\u00eda se divide en cuatro apartados:<br \/> En el primero, titulado Los imprescindibles, se han seleccionado los lugares y curiosidades que no hay que perderse si se est\u00e1 pocos d\u00edas en C\u00f3rdoba: La Mezquita, El Ac\u00e1zar de los Reyes Cristianos, Medina Azahara, El flamenco, El puente romano&#8230;<br \/> El segundo apartado, Datos pr\u00e1cticos, ofrece toda la informaci\u00f3n necesaria para preparar el viaje y moverse por la ciudad (consejos, direcciones, p\u00e1ginas web, etc.).<br \/> El apartado, Visita a la ciudad, se divide en 6 cap\u00edtulos: La Juder\u00eda, La Mezquita, En torno al Guadalquivir, Tres museos, Las iglesias fernandinas y Alrededores. En todos ellos se proporciona informaci\u00f3n detallada de los lugares m\u00e1s emblem\u00e1ticos y se incluye una selecci\u00f3n de alojamientos, restaurantes y locales de ocio para salir por la noche. <br \/> Y, finalmente, en El contexto se ofrecen algunos apuntes sobre la historia, gastronom\u00eda, tradiciones y costumbres de la ciudad, as\u00ed como otros aspectos interesantes relacionados con su cultura.<br \/> Adem\u00e1s, para hacer m\u00e1s f\u00e1cil la visita se incluye, al final de la gu\u00eda, un plano desplegable de C\u00f3rdoba donde se destacan los restaurantes, alojamientos y las zonas de ambiente de d\u00eda y de noche. &quot;<\/p>\n","protected":false},"excerpt":{"rendered":"<p>ARJONA MOLINA, RAFAEL \/ RIBES, FRANCESC<\/p>\n","protected":false},"featured_media":192138,"template":"","meta":{"_acf_changed":false,"om_disable_all_campaigns":false,"rs_blank_template":"","rs_page_bg_color":"","slide_template_v7":"","inline_featured_image":false,"_monsterinsights_skip_tracking":false,"_monsterinsights_sitenote_active":false,"_monsterinsights_sitenote_note":"","_monsterinsights_sitenote_category":0},"product_brand":[],"product_cat":[107],"product_tag":[],"class_list":{"0":"post-192137","1":"product","2":"type-product","3":"status-publish","4":"has-post-thumbnail","6":"product_cat-guies-de-viatge","8":"first","9":"instock","10":"taxable","11":"shipping-taxable","12":"purchasable","13":"product-type-simple"},"acf":{"autor":"ARJONA MOLINA, RAFAEL \/ RIBES, FRANCESC","codart":"849158015","libros-coleccion":"FORA DE COL.LECCI\u00d3","ediciones":"1","encuadernacion":"R\u00fastica","fecha_de_publicacion":"01\/02\/2018","novedad":"1","paginas":"128","subtitulo":"","orden":"0","portada":"0","idioma":"spa","editorial":[{"ID":147435,"post_author":"3","post_date":"2022-10-14 11:50:33","post_date_gmt":"2022-10-14 09:50:33","post_content":"","post_title":"Anaya Touring","post_excerpt":"","post_status":"publish","comment_status":"closed","ping_status":"closed","post_password":"","post_name":"anaya-touring","to_ping":"","pinged":"","post_modified":"2022-10-14 11:50:33","post_modified_gmt":"2022-10-14 09:50:33","post_content_filtered":"","post_parent":0,"guid":"http:\/\/dev.claret.cat\/editorial\/anaya-touring\/","menu_order":0,"post_type":"editorial","post_mime_type":"","comment_count":"0","filter":"raw"}],"autores-libros":[{"ID":167561,"post_author":"3","post_date":"2022-10-14 18:12:11","post_date_gmt":"2022-10-14 16:12:11","post_content":"","post_title":"RAFAEL ARJONA MOLINA","post_excerpt":"","post_status":"publish","comment_status":"closed","ping_status":"closed","post_password":"","post_name":"rafael-arjona-molina","to_ping":"","pinged":"","post_modified":"2022-10-14 18:12:11","post_modified_gmt":"2022-10-14 16:12:11","post_content_filtered":"","post_parent":0,"guid":"http:\/\/dev.claret.cat\/autor\/rafael-arjona-molina\/","menu_order":0,"post_type":"autor","post_mime_type":"","comment_count":"0","filter":"raw"}]},"aioseo_notices":[],"_links":{"self":[{"href":"https:\/\/www.claret.cat\/es\/wp-json\/wp\/v2\/product\/192137","targetHints":{"allow":["GET"]}}],"collection":[{"href":"https:\/\/www.claret.cat\/es\/wp-json\/wp\/v2\/product"}],"about":[{"href":"https:\/\/www.claret.cat\/es\/wp-json\/wp\/v2\/types\/product"}],"wp:featuredmedia":[{"embeddable":true,"href":"https:\/\/www.claret.cat\/es\/wp-json\/wp\/v2\/media\/192138"}],"wp:attachment":[{"href":"https:\/\/www.claret.cat\/es\/wp-json\/wp\/v2\/media?parent=192137"}],"wp:term":[{"taxonomy":"product_brand","embeddable":true,"href":"https:\/\/www.claret.cat\/es\/wp-json\/wp\/v2\/product_brand?post=192137"},{"taxonomy":"product_cat","embeddable":true,"href":"https:\/\/www.claret.cat\/es\/wp-json\/wp\/v2\/product_cat?post=192137"},{"taxonomy":"product_tag","embeddable":true,"href":"https:\/\/www.claret.cat\/es\/wp-json\/wp\/v2\/product_tag?post=192137"}],"curies":[{"name":"wp","href":"https:\/\/api.w.org\/{rel}","templated":true}]}}