{"id":192161,"date":"2022-10-20T06:34:43","date_gmt":"2022-10-20T04:34:43","guid":{"rendered":"http:\/\/dev.claret.cat\/producte\/nunca-olvidare-tu-nombre\/"},"modified":"2023-01-28T22:27:38","modified_gmt":"2023-01-28T21:27:38","slug":"nunca-olvidare-tu-nombre-9788416918287","status":"publish","type":"product","link":"https:\/\/www.claret.cat\/es\/libro\/nunca-olvidare-tu-nombre-9788416918287\/","title":{"rendered":"NUNCA OLVIDAR\u00c9 TU NOMBRE"},"content":{"rendered":"<p>Wei-Lin y su abuelo tienen una relaci\u00f3n muy especial. Viven cerca del rio Yang-Ts\u00e9, en China, en plena revoluci\u00f3n neol\u00edtica. Se pasan los d\u00edas pescando, recolectando frutos, almacenando arroz, moliendo grano y haciendo harina. Por las noches, alrededor del fuego, el abuelo de Wei-Lin saca su flauta y toca unas bonitas melod\u00edas mientras explica unas historias que gustan tanto a peque\u00f1os como a mayores. Hasta que un d\u00eda empieza a perder la memoria. Wei-Lin tratar\u00e1 de encontrar una soluci\u00f3n a este problema con una idea muy original y revolucionaria que cambiar\u00e1 la historia para siempre.<\/p>\n","protected":false},"excerpt":{"rendered":"<p>LLORENTE BRIONES, IGNASI<\/p>\n","protected":false},"featured_media":317424,"template":"","meta":{"_acf_changed":false,"om_disable_all_campaigns":false,"rs_blank_template":"","rs_page_bg_color":"","slide_template_v7":"","inline_featured_image":false,"_monsterinsights_skip_tracking":false,"_monsterinsights_sitenote_active":false,"_monsterinsights_sitenote_note":"","_monsterinsights_sitenote_category":0},"product_brand":[],"product_cat":[86,352],"product_tag":[],"class_list":{"0":"post-192161","1":"product","2":"type-product","3":"status-publish","4":"has-post-thumbnail","6":"product_cat-infantil","7":"product_cat-infantil-3_infantil-juvenil-spa","9":"first","10":"instock","11":"taxable","12":"shipping-taxable","13":"purchasable","14":"product-type-simple"},"acf":{"autor":"LLORENTE BRIONES, IGNASI","codart":"841691828","libros-coleccion":"Otros Infantil","ediciones":"1","encuadernacion":"Carton\u00e9","fecha_de_publicacion":"01\/02\/2018","novedad":"1","paginas":"31","subtitulo":"","orden":"0","portada":"0","idioma":"spa","editorial":[{"ID":148408,"post_author":"3","post_date":"2022-10-14 11:58:01","post_date_gmt":"2022-10-14 09:58:01","post_content":"","post_title":"Lectio Ediciones","post_excerpt":"","post_status":"publish","comment_status":"closed","ping_status":"closed","post_password":"","post_name":"lectio-ediciones","to_ping":"","pinged":"","post_modified":"2022-10-14 11:58:01","post_modified_gmt":"2022-10-14 09:58:01","post_content_filtered":"","post_parent":0,"guid":"http:\/\/dev.claret.cat\/editorial\/lectio-ediciones\/","menu_order":0,"post_type":"editorial","post_mime_type":"","comment_count":"0","filter":"raw"}],"autores-libros":[{"ID":157804,"post_author":"3","post_date":"2022-10-14 15:31:46","post_date_gmt":"2022-10-14 13:31:46","post_content":"","post_title":"IGNASI LLORENTE BRIONES","post_excerpt":"","post_status":"publish","comment_status":"closed","ping_status":"closed","post_password":"","post_name":"ignasi-llorente-briones","to_ping":"","pinged":"","post_modified":"2022-10-14 15:31:46","post_modified_gmt":"2022-10-14 13:31:46","post_content_filtered":"","post_parent":0,"guid":"http:\/\/dev.claret.cat\/autor\/ignasi-llorente-briones\/","menu_order":0,"post_type":"autor","post_mime_type":"","comment_count":"0","filter":"raw"}]},"aioseo_notices":[],"_links":{"self":[{"href":"https:\/\/www.claret.cat\/es\/wp-json\/wp\/v2\/product\/192161","targetHints":{"allow":["GET"]}}],"collection":[{"href":"https:\/\/www.claret.cat\/es\/wp-json\/wp\/v2\/product"}],"about":[{"href":"https:\/\/www.claret.cat\/es\/wp-json\/wp\/v2\/types\/product"}],"wp:featuredmedia":[{"embeddable":true,"href":"https:\/\/www.claret.cat\/es\/wp-json\/wp\/v2\/media\/317424"}],"wp:attachment":[{"href":"https:\/\/www.claret.cat\/es\/wp-json\/wp\/v2\/media?parent=192161"}],"wp:term":[{"taxonomy":"product_brand","embeddable":true,"href":"https:\/\/www.claret.cat\/es\/wp-json\/wp\/v2\/product_brand?post=192161"},{"taxonomy":"product_cat","embeddable":true,"href":"https:\/\/www.claret.cat\/es\/wp-json\/wp\/v2\/product_cat?post=192161"},{"taxonomy":"product_tag","embeddable":true,"href":"https:\/\/www.claret.cat\/es\/wp-json\/wp\/v2\/product_tag?post=192161"}],"curies":[{"name":"wp","href":"https:\/\/api.w.org\/{rel}","templated":true}]}}