{"id":192260,"date":"2022-10-20T06:36:29","date_gmt":"2022-10-20T04:36:29","guid":{"rendered":"http:\/\/dev.claret.cat\/producte\/mi-primer-miniimaginario-de-la-a-a-la-z\/"},"modified":"2023-01-28T18:23:27","modified_gmt":"2023-01-28T17:23:27","slug":"mi-primer-miniimaginario-de-la-a-a-la-z-9788469620625","status":"publish","type":"product","link":"https:\/\/www.claret.cat\/es\/libro\/mi-primer-miniimaginario-de-la-a-a-la-z-9788469620625\/","title":{"rendered":"MI PRIMER MINIIMAGINARIO DE LA A A LA Z"},"content":{"rendered":"<p>En este MiniImaginario dirigido a los m\u00e1s peque\u00f1os, las famosas letras divertidas creadas por Pilar L\u00f3pez \u00c1vila y M.\u00aa Luisa Torcida presentan una amplia galer\u00eda de im\u00e1genes acompa\u00f1adas por sus respectivas representaciones escritas, para que los ni\u00f1os aprendan y afiancen su primeras palabras de la forma m\u00e1s l\u00fadica y eficaz.<br \/> Un libro duro repleto de simp\u00e1ticas ilustraciones llenas de dinamismo, con todas las palabras en MAY\u00daSCULAS y con sencillos juegos en sus p\u00e1ginas finales.<\/p>\n","protected":false},"excerpt":{"rendered":"<p>L\u00d3PEZ \u00c1VILA, PILAR<\/p>\n","protected":false},"featured_media":192261,"template":"","meta":{"_acf_changed":false,"om_disable_all_campaigns":false,"rs_blank_template":"","rs_page_bg_color":"","slide_template_v7":"","inline_featured_image":false,"_monsterinsights_skip_tracking":false,"_monsterinsights_sitenote_active":false,"_monsterinsights_sitenote_note":"","_monsterinsights_sitenote_category":0},"product_brand":[],"product_cat":[86],"product_tag":[],"class_list":{"0":"post-192260","1":"product","2":"type-product","3":"status-publish","4":"has-post-thumbnail","6":"product_cat-infantil","8":"first","9":"instock","10":"taxable","11":"shipping-taxable","12":"purchasable","13":"product-type-simple"},"acf":{"autor":"L\u00d3PEZ \u00c1VILA, PILAR","codart":"846962062","libros-coleccion":"Castellano - A Partir De 0 A\u00f1os - Imagin","ediciones":"1","encuadernacion":"Carton\u00e9","fecha_de_publicacion":"01\/02\/2018","novedad":"1","paginas":"12","subtitulo":"","orden":"0","portada":"0","idioma":"cat","editorial":[{"ID":147936,"post_author":"3","post_date":"2022-10-14 11:54:22","post_date_gmt":"2022-10-14 09:54:22","post_content":"","post_title":"Editorial Bru\u00f1o","post_excerpt":"","post_status":"publish","comment_status":"closed","ping_status":"closed","post_password":"","post_name":"editorial-bruno","to_ping":"","pinged":"","post_modified":"2022-10-14 11:54:22","post_modified_gmt":"2022-10-14 09:54:22","post_content_filtered":"","post_parent":0,"guid":"http:\/\/dev.claret.cat\/editorial\/editorial-bruno\/","menu_order":0,"post_type":"editorial","post_mime_type":"","comment_count":"0","filter":"raw"}],"autores-libros":[{"ID":167313,"post_author":"3","post_date":"2022-10-14 18:10:13","post_date_gmt":"2022-10-14 16:10:13","post_content":"","post_title":"PILAR L\u00d3PEZ \u00c1VILA","post_excerpt":"","post_status":"publish","comment_status":"closed","ping_status":"closed","post_password":"","post_name":"pilar-lopez-avila","to_ping":"","pinged":"","post_modified":"2022-10-14 18:10:13","post_modified_gmt":"2022-10-14 16:10:13","post_content_filtered":"","post_parent":0,"guid":"http:\/\/dev.claret.cat\/autor\/pilar-lopez-avila\/","menu_order":0,"post_type":"autor","post_mime_type":"","comment_count":"0","filter":"raw"}]},"aioseo_notices":[],"_links":{"self":[{"href":"https:\/\/www.claret.cat\/es\/wp-json\/wp\/v2\/product\/192260","targetHints":{"allow":["GET"]}}],"collection":[{"href":"https:\/\/www.claret.cat\/es\/wp-json\/wp\/v2\/product"}],"about":[{"href":"https:\/\/www.claret.cat\/es\/wp-json\/wp\/v2\/types\/product"}],"wp:featuredmedia":[{"embeddable":true,"href":"https:\/\/www.claret.cat\/es\/wp-json\/wp\/v2\/media\/192261"}],"wp:attachment":[{"href":"https:\/\/www.claret.cat\/es\/wp-json\/wp\/v2\/media?parent=192260"}],"wp:term":[{"taxonomy":"product_brand","embeddable":true,"href":"https:\/\/www.claret.cat\/es\/wp-json\/wp\/v2\/product_brand?post=192260"},{"taxonomy":"product_cat","embeddable":true,"href":"https:\/\/www.claret.cat\/es\/wp-json\/wp\/v2\/product_cat?post=192260"},{"taxonomy":"product_tag","embeddable":true,"href":"https:\/\/www.claret.cat\/es\/wp-json\/wp\/v2\/product_tag?post=192260"}],"curies":[{"name":"wp","href":"https:\/\/api.w.org\/{rel}","templated":true}]}}