{"id":192407,"date":"2022-10-20T06:39:01","date_gmt":"2022-10-20T04:39:01","guid":{"rendered":"http:\/\/dev.claret.cat\/producte\/el-dia-3-edicio-en-valencia\/"},"modified":"2023-01-28T14:56:29","modified_gmt":"2023-01-28T13:56:29","slug":"el-dia-3-edicio-en-valencia-9788416880690","status":"publish","type":"product","link":"https:\/\/www.claret.cat\/es\/libro\/el-dia-3-edicio-en-valencia-9788416880690\/","title":{"rendered":"EL DIA 3 &#8211; EDICI\u00d3 EN VALENCI\u00c0"},"content":{"rendered":"<p>3 de juliol del 2006, sis dies abans de la visita del papa Benet XVI, el subs\u00f2l de Val\u00e8ncia vivia el pitjor accident de metro de la hist\u00f2ria d&#8217;Espanya. Les vies de l&#8217;estaci\u00f3 de Jes\u00fas es van endur 43 vides, van ferir de gravetat 47 persones i van deixar trencades centenars de fam\u00edlies. A la superf\u00edcie, els representants institucionals s&#8217;afanyaven a passar p\u00e0gina davant de l&#8217;arribada imminent del summe pont\u00edfex. La versi\u00f3 oficial de la fatalitat s&#8217;imposava, el blindatge governamental obstaculitzava les investigacions i una capa densa d&#8217;oblit s&#8217;estenia sobre la trag\u00e8dia. No obstant aix\u00f2, davant de l&#8217;aband\u00f3 de les institucions, les v\u00edctimes sempre van mantindre la dignitat i l&#8217;esperan\u00e7a. Mes rere mes, durant vora deu anys, es van concentrar a la pla\u00e7a de la Mare de D\u00e9u per a demanar just\u00edcia.<br \/> &#8221;El dia 3&#8221; \u00e9s la hist\u00f2ria d&#8217;una lluita contra el silenci i l&#8217;oblit i contra la mentida programada. &#8221;El dia 3&#8221; \u00e9s la hist\u00f2ria de la lluita d&#8217;unes fam\u00edlies, com la teua o la meua, que es van veure obligades per les circumst\u00e0ncies a mobilitzarse per a trobar respostes. &#8221;El dia 3&#8221; \u00e9s la hist\u00f2ria d&#8217;una gran onada de solidaritat, del despertament d&#8217;una societat.<br \/> Per a fer el llibre, els autors s&#8217;han basat en les investigacions de la mateixa Laura Ballester reflectides en el llibre &#8221;Lluitant contra l&#8217;oblit, el llarg cam\u00ed de les v\u00edctimes del metro de Val\u00e8ncia&#8221; (Sembra Llibres, 2015) i en els seus articles per al diari &#8221;Levante-EMV&#8221;. Tamb\u00e9 en el treball de la productora Barret Cooperativa Valenciana, recopilat en el seu web 0responsables, i en el documental &#8221;L&#8217;estrat\u00e8gia del silenci&#8221;. Els autors han tingut el suport i l&#8217;assessorament de l?AVM3J (Associaci\u00f3 de V\u00edctimes del Metro 3 de Juliol).<br \/> Esta obra va guanyar el Premi Ciutat de Palma de C\u00f2mic 2016.<\/p>\n","protected":false},"excerpt":{"rendered":"<p>DUR\u00c1N, CRISTINA \/ GINER BOU, MIGUEL \u00c1NGEL \/ BALLESTER, LAURA<\/p>\n","protected":false},"featured_media":192408,"template":"","meta":{"_acf_changed":false,"om_disable_all_campaigns":false,"rs_blank_template":"","rs_page_bg_color":"","slide_template_v7":"","inline_featured_image":false,"_monsterinsights_skip_tracking":false,"_monsterinsights_sitenote_active":false,"_monsterinsights_sitenote_note":"","_monsterinsights_sitenote_category":0},"product_brand":[],"product_cat":[108],"product_tag":[],"class_list":{"0":"post-192407","1":"product","2":"type-product","3":"status-publish","4":"has-post-thumbnail","6":"product_cat-comic","8":"first","9":"instock","10":"taxable","11":"shipping-taxable","12":"purchasable","13":"product-type-simple"},"acf":{"autor":"DUR\u00c1N, CRISTINA \/ GINER BOU, MIGUEL \u00c1NGEL \/ BALLESTER, LAURA","codart":"841688069","libros-coleccion":"Sill\u00f3n Orejero","ediciones":"1","encuadernacion":"Carton\u00e9","fecha_de_publicacion":"01\/02\/2018","novedad":"1","paginas":"215","subtitulo":"","orden":"0","portada":"0","idioma":"cat","editorial":[{"ID":6130,"post_author":"3","post_date":"2022-07-28 17:45:32","post_date_gmt":"2022-07-28 15:45:32","post_content":"","post_title":"ASTIBERRI EDICIONES","post_excerpt":"","post_status":"publish","comment_status":"closed","ping_status":"closed","post_password":"","post_name":"astiberri-ediciones","to_ping":"","pinged":"","post_modified":"2022-07-28 17:45:32","post_modified_gmt":"2022-07-28 15:45:32","post_content_filtered":"","post_parent":0,"guid":"http:\/\/dev.claret.cat\/editorial\/astiberri-ediciones\/","menu_order":0,"post_type":"editorial","post_mime_type":"","comment_count":"0","filter":"raw"}],"autores-libros":[{"ID":164926,"post_author":"3","post_date":"2022-10-14 17:50:59","post_date_gmt":"2022-10-14 15:50:59","post_content":"","post_title":"MIGUEL \u00c1NGEL GINER BOU","post_excerpt":"","post_status":"publish","comment_status":"closed","ping_status":"closed","post_password":"","post_name":"miguel-angel-giner-bou","to_ping":"","pinged":"","post_modified":"2022-10-14 17:50:59","post_modified_gmt":"2022-10-14 15:50:59","post_content_filtered":"","post_parent":0,"guid":"http:\/\/dev.claret.cat\/autor\/miguel-angel-giner-bou\/","menu_order":0,"post_type":"autor","post_mime_type":"","comment_count":"0","filter":"raw"}]},"aioseo_notices":[],"_links":{"self":[{"href":"https:\/\/www.claret.cat\/es\/wp-json\/wp\/v2\/product\/192407","targetHints":{"allow":["GET"]}}],"collection":[{"href":"https:\/\/www.claret.cat\/es\/wp-json\/wp\/v2\/product"}],"about":[{"href":"https:\/\/www.claret.cat\/es\/wp-json\/wp\/v2\/types\/product"}],"wp:featuredmedia":[{"embeddable":true,"href":"https:\/\/www.claret.cat\/es\/wp-json\/wp\/v2\/media\/192408"}],"wp:attachment":[{"href":"https:\/\/www.claret.cat\/es\/wp-json\/wp\/v2\/media?parent=192407"}],"wp:term":[{"taxonomy":"product_brand","embeddable":true,"href":"https:\/\/www.claret.cat\/es\/wp-json\/wp\/v2\/product_brand?post=192407"},{"taxonomy":"product_cat","embeddable":true,"href":"https:\/\/www.claret.cat\/es\/wp-json\/wp\/v2\/product_cat?post=192407"},{"taxonomy":"product_tag","embeddable":true,"href":"https:\/\/www.claret.cat\/es\/wp-json\/wp\/v2\/product_tag?post=192407"}],"curies":[{"name":"wp","href":"https:\/\/api.w.org\/{rel}","templated":true}]}}