{"id":192446,"date":"2022-10-20T06:39:40","date_gmt":"2022-10-20T04:39:40","guid":{"rendered":"http:\/\/dev.claret.cat\/producte\/como-aprendio-a-contar-el-tigre\/"},"modified":"2023-01-28T12:47:13","modified_gmt":"2023-01-28T11:47:13","slug":"como-aprendio-a-contar-el-tigre-9788417376000","status":"publish","type":"product","link":"https:\/\/www.claret.cat\/es\/libro\/como-aprendio-a-contar-el-tigre-9788417376000\/","title":{"rendered":"COMO APRENDIO A CONTAR EL TIGRE"},"content":{"rendered":"<p>Quien va por la vida sin saber contar no llega a ning\u00fan sitio, \u00bfhasta cu\u00e1nto podr\u00edas contar t\u00fa?<br \/>\u00abQuien va por la vida sin saber contar no llega a ning\u00fan sitio\u00bb, dijo el peque\u00f1o oso al peque\u00f1o tigre.<br \/>As\u00ed que contaron juntos todo lo que pudieron: 1 tigre, 1 oso, 1 patito-tigre, 2 setas, 2 orejas, 11 frambuesas, 39 granos de pan rallado, 51 estrellas\u2026 \u00bfHasta cu\u00e1nto podr\u00edas contar t\u00fa?<br \/>Una encantadora historia protagonizada por los personajes m\u00e1s entra\u00f1ables de Janosch, repleta de humor y ternura.<\/p>\n","protected":false},"excerpt":{"rendered":"<p>JANOSCH<\/p>\n","protected":false},"featured_media":192447,"template":"","meta":{"_acf_changed":false,"om_disable_all_campaigns":false,"rs_blank_template":"","rs_page_bg_color":"","slide_template_v7":"","inline_featured_image":false,"_monsterinsights_skip_tracking":false,"_monsterinsights_sitenote_active":false,"_monsterinsights_sitenote_note":"","_monsterinsights_sitenote_category":0},"product_brand":[],"product_cat":[86],"product_tag":[],"class_list":{"0":"post-192446","1":"product","2":"type-product","3":"status-publish","4":"has-post-thumbnail","6":"product_cat-infantil","8":"first","9":"instock","10":"taxable","11":"shipping-taxable","12":"purchasable","13":"product-type-simple"},"acf":{"autor":"JANOSCH","codart":"841737600","libros-coleccion":"PATIO","ediciones":"1","encuadernacion":"Carton\u00e9","fecha_de_publicacion":"01\/02\/2018","novedad":"1","paginas":"46","subtitulo":"","orden":"0","portada":"0","idioma":"spa","autores-libros":[{"ID":158521,"post_author":"3","post_date":"2022-10-14 15:37:30","post_date_gmt":"2022-10-14 13:37:30","post_content":"","post_title":"JANOSCH","post_excerpt":"","post_status":"publish","comment_status":"closed","ping_status":"closed","post_password":"","post_name":"janosch","to_ping":"","pinged":"","post_modified":"2022-10-14 15:37:30","post_modified_gmt":"2022-10-14 13:37:30","post_content_filtered":"","post_parent":0,"guid":"http:\/\/dev.claret.cat\/autor\/janosch\/","menu_order":0,"post_type":"autor","post_mime_type":"","comment_count":"0","filter":"raw"}]},"aioseo_notices":[],"_links":{"self":[{"href":"https:\/\/www.claret.cat\/es\/wp-json\/wp\/v2\/product\/192446","targetHints":{"allow":["GET"]}}],"collection":[{"href":"https:\/\/www.claret.cat\/es\/wp-json\/wp\/v2\/product"}],"about":[{"href":"https:\/\/www.claret.cat\/es\/wp-json\/wp\/v2\/types\/product"}],"wp:featuredmedia":[{"embeddable":true,"href":"https:\/\/www.claret.cat\/es\/wp-json\/wp\/v2\/media\/192447"}],"wp:attachment":[{"href":"https:\/\/www.claret.cat\/es\/wp-json\/wp\/v2\/media?parent=192446"}],"wp:term":[{"taxonomy":"product_brand","embeddable":true,"href":"https:\/\/www.claret.cat\/es\/wp-json\/wp\/v2\/product_brand?post=192446"},{"taxonomy":"product_cat","embeddable":true,"href":"https:\/\/www.claret.cat\/es\/wp-json\/wp\/v2\/product_cat?post=192446"},{"taxonomy":"product_tag","embeddable":true,"href":"https:\/\/www.claret.cat\/es\/wp-json\/wp\/v2\/product_tag?post=192446"}],"curies":[{"name":"wp","href":"https:\/\/api.w.org\/{rel}","templated":true}]}}