{"id":192455,"date":"2022-10-20T06:39:48","date_gmt":"2022-10-20T04:39:48","guid":{"rendered":"http:\/\/dev.claret.cat\/producte\/recetas-expres-sanas-y-sabrosas\/"},"modified":"2025-02-04T18:05:21","modified_gmt":"2025-02-04T17:05:21","slug":"recetas-expres-sanas-y-sabrosas-9788490569764","status":"publish","type":"product","link":"https:\/\/www.claret.cat\/es\/libro\/recetas-expres-sanas-y-sabrosas-9788490569764\/","title":{"rendered":"RECETAS EXPR\u00c9S SANAS Y SABROSAS"},"content":{"rendered":"<p>En este libro te proponemos recetas que podr\u00e1s preparar de manera sencilla y expr\u00e9s, porque la buena cocina no est\u00e1 re\u00f1ida con la rapidez. Trucos y consejos para cocinar m\u00e1s r\u00e1pido con resultados espectaculares. M\u00e1s de 50 recetas expr\u00e9s que nos permitir\u00e1n sorprender y comer bien en cualquier ocasi\u00f3n. Explicaciones paso a paso y con indicaciones sobre el tiempo de preparaci\u00f3n de cada receta. Tapas, chupitos, cremas, ensaladas, carnes, pescados, huevos&#8230; cualquier plato puede prepararse en un pisp\u00e1s.<\/p>\n","protected":false},"excerpt":{"rendered":"<p>REDACCION RBA LIBROS, S.A.<\/p>\n","protected":false},"featured_media":192456,"template":"","meta":{"_acf_changed":false,"om_disable_all_campaigns":false,"rs_blank_template":"","rs_page_bg_color":"","slide_template_v7":"","inline_featured_image":false,"_monsterinsights_skip_tracking":false,"_monsterinsights_sitenote_active":false,"_monsterinsights_sitenote_note":"","_monsterinsights_sitenote_category":0},"product_brand":[],"product_cat":[553,103],"product_tag":[],"class_list":{"0":"post-192455","1":"product","2":"type-product","3":"status-publish","4":"has-post-thumbnail","6":"product_cat-cocina","7":"product_cat-cuina","9":"first","10":"instock","11":"taxable","12":"shipping-taxable","13":"purchasable","14":"product-type-simple"},"acf":{"autor":"REDACCION RBA LIBROS, S.A.","codart":"849056976","libros-coleccion":"PRACTICA","ediciones":"1","encuadernacion":"R\u00fastica","fecha_de_publicacion":"01\/02\/2018","novedad":"1","paginas":"128","subtitulo":"","orden":"0","portada":"0","idioma":"spa","editorial":[{"ID":148737,"post_author":"3","post_date":"2022-10-14 12:00:35","post_date_gmt":"2022-10-14 10:00:35","post_content":"","post_title":"RBA Libros","post_excerpt":"","post_status":"publish","comment_status":"closed","ping_status":"closed","post_password":"","post_name":"rba-libros","to_ping":"","pinged":"","post_modified":"2022-10-14 12:00:35","post_modified_gmt":"2022-10-14 10:00:35","post_content_filtered":"","post_parent":0,"guid":"http:\/\/dev.claret.cat\/editorial\/rba-libros\/","menu_order":0,"post_type":"editorial","post_mime_type":"","comment_count":"0","filter":"raw"}],"autores-libros":[{"ID":167922,"post_author":"3","post_date":"2022-10-14 18:15:05","post_date_gmt":"2022-10-14 16:15:05","post_content":"","post_title":"REDACCION RBA LIBROS","post_excerpt":"","post_status":"publish","comment_status":"closed","ping_status":"closed","post_password":"","post_name":"redaccion-rba-libros","to_ping":"","pinged":"","post_modified":"2022-10-14 18:15:05","post_modified_gmt":"2022-10-14 16:15:05","post_content_filtered":"","post_parent":0,"guid":"http:\/\/dev.claret.cat\/autor\/redaccion-rba-libros\/","menu_order":0,"post_type":"autor","post_mime_type":"","comment_count":"0","filter":"raw"}]},"aioseo_notices":[],"_links":{"self":[{"href":"https:\/\/www.claret.cat\/es\/wp-json\/wp\/v2\/product\/192455","targetHints":{"allow":["GET"]}}],"collection":[{"href":"https:\/\/www.claret.cat\/es\/wp-json\/wp\/v2\/product"}],"about":[{"href":"https:\/\/www.claret.cat\/es\/wp-json\/wp\/v2\/types\/product"}],"wp:featuredmedia":[{"embeddable":true,"href":"https:\/\/www.claret.cat\/es\/wp-json\/wp\/v2\/media\/192456"}],"wp:attachment":[{"href":"https:\/\/www.claret.cat\/es\/wp-json\/wp\/v2\/media?parent=192455"}],"wp:term":[{"taxonomy":"product_brand","embeddable":true,"href":"https:\/\/www.claret.cat\/es\/wp-json\/wp\/v2\/product_brand?post=192455"},{"taxonomy":"product_cat","embeddable":true,"href":"https:\/\/www.claret.cat\/es\/wp-json\/wp\/v2\/product_cat?post=192455"},{"taxonomy":"product_tag","embeddable":true,"href":"https:\/\/www.claret.cat\/es\/wp-json\/wp\/v2\/product_tag?post=192455"}],"curies":[{"name":"wp","href":"https:\/\/api.w.org\/{rel}","templated":true}]}}