{"id":192578,"date":"2022-10-20T06:41:53","date_gmt":"2022-10-20T04:41:53","guid":{"rendered":"http:\/\/dev.claret.cat\/producte\/galatas-efesios-filipenses-la-biblia-comentada-por-los-padres-de-la-iglesia\/"},"modified":"2024-06-07T10:00:16","modified_gmt":"2024-06-07T08:00:16","slug":"galatas-efesios-filipenses-la-biblia-comentada-por-los-padres-de-la-iglesia-9788497153980","status":"publish","type":"product","link":"https:\/\/www.claret.cat\/es\/libro\/galatas-efesios-filipenses-la-biblia-comentada-por-los-padres-de-la-iglesia-9788497153980\/","title":{"rendered":"G\u00c1LATAS, EFESIOS, FILIPENSES. LA BIBLIA COMENTADA POR LOS PADRES DE LA IGLESIA"},"content":{"rendered":"<p>Las cartas de Pablo a los G\u00e1latas, Efesios y Filipenses han dejado una huella imborrable en la tradici\u00f3n y piedad cristianas. Las doctrinas sobre Cristo, la salvaci\u00f3n y la Iglesia ocupan un lugar central en estas cartas, y tambi\u00e9n el misterio de la Trinidad encuentra una referencia muy significativa en la alabanza que el Ap\u00f3stol dirige a Dios, quien est\u00e1 &#8216;sobre todos, por todos y en todos&#8217; (Ef 4,6). Para los Santos Padres -que pose\u00edan una insaciable curiosidad respecto al misterio de Dios- estas cartas constitu\u00edan una fuente de profundos conocimientos, raramente captados hoy en d\u00eda.<\/p>\n","protected":false},"excerpt":{"rendered":"<p>EDWARDS, MARK J.; ODEN, THOMAS C.<\/p>\n","protected":false},"featured_media":387843,"template":"","meta":{"_acf_changed":false,"om_disable_all_campaigns":false,"rs_blank_template":"","rs_page_bg_color":"","slide_template_v7":"","inline_featured_image":false,"_monsterinsights_skip_tracking":false,"_monsterinsights_sitenote_active":false,"_monsterinsights_sitenote_note":"","_monsterinsights_sitenote_category":0},"product_brand":[],"product_cat":[78,344],"product_tag":[],"class_list":{"0":"post-192578","1":"product","2":"type-product","3":"status-publish","4":"has-post-thumbnail","6":"product_cat-pastoral","7":"product_cat-pastoral-1_espiritualidad","9":"first","10":"instock","11":"taxable","12":"shipping-taxable","13":"purchasable","14":"product-type-simple"},"acf":{"autor":"EDWARDS, MARK J.; ODEN, THOMAS C.","codart":"849715398","libros-coleccion":"","ediciones":"2","encuadernacion":"Carton\u00e9","fecha_de_publicacion":"26\/01\/2018","novedad":"1","paginas":"384","subtitulo":"LA BIBLIA COMENTADA POR LOS PADRES DE LA IGLESIA - N\u00ba 8 - NUEVO TESTAMENTO","orden":"0","portada":"0","idioma":"spa","editorial":[{"ID":6157,"post_author":"3","post_date":"2022-07-28 17:46:07","post_date_gmt":"2022-07-28 15:46:07","post_content":"","post_title":"Ciudad Nueva","post_excerpt":"","post_status":"publish","comment_status":"closed","ping_status":"closed","post_password":"","post_name":"ciudad-nueva","to_ping":"","pinged":"","post_modified":"2022-07-28 17:46:07","post_modified_gmt":"2022-07-28 15:46:07","post_content_filtered":"","post_parent":0,"guid":"http:\/\/dev.claret.cat\/editorial\/ciudad-nueva\/","menu_order":0,"post_type":"editorial","post_mime_type":"","comment_count":"0","filter":"raw"}],"autores-libros":[{"ID":164072,"post_author":"3","post_date":"2022-10-14 17:44:08","post_date_gmt":"2022-10-14 15:44:08","post_content":"","post_title":"MARK J. EDWARDS","post_excerpt":"","post_status":"publish","comment_status":"closed","ping_status":"closed","post_password":"","post_name":"mark-j-edwards","to_ping":"","pinged":"","post_modified":"2022-10-14 17:44:08","post_modified_gmt":"2022-10-14 15:44:08","post_content_filtered":"","post_parent":0,"guid":"http:\/\/dev.claret.cat\/autor\/mark-j-edwards\/","menu_order":0,"post_type":"autor","post_mime_type":"","comment_count":"0","filter":"raw"},{"ID":170329,"post_author":"3","post_date":"2022-10-14 22:34:26","post_date_gmt":"2022-10-14 20:34:26","post_content":"","post_title":"THOMAS C. ODEN","post_excerpt":"","post_status":"publish","comment_status":"closed","ping_status":"closed","post_password":"","post_name":"thomas-c-oden","to_ping":"","pinged":"","post_modified":"2022-10-14 22:34:26","post_modified_gmt":"2022-10-14 20:34:26","post_content_filtered":"","post_parent":0,"guid":"http:\/\/dev.claret.cat\/autor\/thomas-c-oden\/","menu_order":0,"post_type":"autor","post_mime_type":"","comment_count":"0","filter":"raw"}]},"aioseo_notices":[],"_links":{"self":[{"href":"https:\/\/www.claret.cat\/es\/wp-json\/wp\/v2\/product\/192578","targetHints":{"allow":["GET"]}}],"collection":[{"href":"https:\/\/www.claret.cat\/es\/wp-json\/wp\/v2\/product"}],"about":[{"href":"https:\/\/www.claret.cat\/es\/wp-json\/wp\/v2\/types\/product"}],"wp:featuredmedia":[{"embeddable":true,"href":"https:\/\/www.claret.cat\/es\/wp-json\/wp\/v2\/media\/387843"}],"wp:attachment":[{"href":"https:\/\/www.claret.cat\/es\/wp-json\/wp\/v2\/media?parent=192578"}],"wp:term":[{"taxonomy":"product_brand","embeddable":true,"href":"https:\/\/www.claret.cat\/es\/wp-json\/wp\/v2\/product_brand?post=192578"},{"taxonomy":"product_cat","embeddable":true,"href":"https:\/\/www.claret.cat\/es\/wp-json\/wp\/v2\/product_cat?post=192578"},{"taxonomy":"product_tag","embeddable":true,"href":"https:\/\/www.claret.cat\/es\/wp-json\/wp\/v2\/product_tag?post=192578"}],"curies":[{"name":"wp","href":"https:\/\/api.w.org\/{rel}","templated":true}]}}