{"id":192629,"date":"2022-10-20T06:42:44","date_gmt":"2022-10-20T04:42:44","guid":{"rendered":"http:\/\/dev.claret.cat\/producte\/cara-y-cruz\/"},"modified":"2024-05-02T08:59:10","modified_gmt":"2024-05-02T06:59:10","slug":"cara-y-cruz-9788428552394","status":"publish","type":"product","link":"https:\/\/www.claret.cat\/es\/libro\/cara-y-cruz-9788428552394\/","title":{"rendered":"CARA Y CRUZ"},"content":{"rendered":"<p>\u00bfFue la vida de Josemar\u00eda Escriv\u00e1 una vida exitosa o fracas\u00f3? Desde esa clave parad\u00f3jica, Jos\u00e9 Miguel Cejas, escritor y periodista, analiza la existencia y el mensaje de este sacerdote canonizado por san Juan Pablo II en 2002, famoso en todo el mundo por ser el fundador del Opus Dei, por sus obras de espiritualidad y por las innumerables iniciativas que propuls\u00f3. El resultado es una semblanza amena y documentada, apoyada en cuantiosos testimonios, recuerdos, fuentes cercanas y vivencias personales tanto del autor como de otras personas, que muestra la cara y la cruz de san Josemar\u00eda, analiza sus virtudes y sus defectos y se detiene en sus respuestas al drama de la pobreza que sufren tantas personas en todo el planeta. El libro se completa con una historia del Opus Dei tras la muerte de su fundador, algunos escritos suyos y un art\u00edculo sobre la Prelatura del Opus Dei.<\/p>\n","protected":false},"excerpt":{"rendered":"<p>CEJAS, JOS\u00c9 MIGUEL<\/p>\n","protected":false},"featured_media":335525,"template":"","meta":{"_acf_changed":false,"om_disable_all_campaigns":false,"rs_blank_template":"","rs_page_bg_color":"","slide_template_v7":"","inline_featured_image":false,"_monsterinsights_skip_tracking":false,"_monsterinsights_sitenote_active":false,"_monsterinsights_sitenote_note":"","_monsterinsights_sitenote_category":0},"product_brand":[],"product_cat":[345,79],"product_tag":[],"class_list":{"0":"post-192629","1":"product","2":"type-product","3":"status-publish","4":"has-post-thumbnail","6":"product_cat-espiritualidad","7":"product_cat-espiritualitat","9":"first","10":"instock","11":"taxable","12":"shipping-taxable","13":"purchasable","14":"product-type-simple"},"acf":{"autor":"CEJAS, JOS\u00c9 MIGUEL","codart":"842855239","libros-coleccion":"Caminos XL","ediciones":"3","encuadernacion":"R\u00fastica","fecha_de_publicacion":"23\/01\/2018","novedad":"1","paginas":"704","subtitulo":"JOSEMAR\u00cdA ESCRIV\u00c1","orden":"0","portada":"0","idioma":"spa","editorial":[{"ID":6356,"post_author":"3","post_date":"2022-07-28 17:50:26","post_date_gmt":"2022-07-28 15:50:26","post_content":"","post_title":"SAN PABLO COMUNICACI\u00d3N","post_excerpt":"","post_status":"publish","comment_status":"closed","ping_status":"closed","post_password":"","post_name":"san-pablo-comunicacion","to_ping":"","pinged":"","post_modified":"2022-07-28 17:50:26","post_modified_gmt":"2022-07-28 15:50:26","post_content_filtered":"","post_parent":0,"guid":"http:\/\/dev.claret.cat\/editorial\/san-pablo-comunicacion\/","menu_order":0,"post_type":"editorial","post_mime_type":"","comment_count":"0","filter":"raw"}],"autores-libros":[{"ID":160508,"post_author":"3","post_date":"2022-10-14 15:53:38","post_date_gmt":"2022-10-14 13:53:38","post_content":"","post_title":"JOS\u00c9 MIGUEL CEJAS","post_excerpt":"","post_status":"publish","comment_status":"closed","ping_status":"closed","post_password":"","post_name":"jose-miguel-cejas","to_ping":"","pinged":"","post_modified":"2022-10-14 15:53:38","post_modified_gmt":"2022-10-14 13:53:38","post_content_filtered":"","post_parent":0,"guid":"http:\/\/dev.claret.cat\/autor\/jose-miguel-cejas\/","menu_order":0,"post_type":"autor","post_mime_type":"","comment_count":"0","filter":"raw"}]},"aioseo_notices":[],"_links":{"self":[{"href":"https:\/\/www.claret.cat\/es\/wp-json\/wp\/v2\/product\/192629","targetHints":{"allow":["GET"]}}],"collection":[{"href":"https:\/\/www.claret.cat\/es\/wp-json\/wp\/v2\/product"}],"about":[{"href":"https:\/\/www.claret.cat\/es\/wp-json\/wp\/v2\/types\/product"}],"wp:featuredmedia":[{"embeddable":true,"href":"https:\/\/www.claret.cat\/es\/wp-json\/wp\/v2\/media\/335525"}],"wp:attachment":[{"href":"https:\/\/www.claret.cat\/es\/wp-json\/wp\/v2\/media?parent=192629"}],"wp:term":[{"taxonomy":"product_brand","embeddable":true,"href":"https:\/\/www.claret.cat\/es\/wp-json\/wp\/v2\/product_brand?post=192629"},{"taxonomy":"product_cat","embeddable":true,"href":"https:\/\/www.claret.cat\/es\/wp-json\/wp\/v2\/product_cat?post=192629"},{"taxonomy":"product_tag","embeddable":true,"href":"https:\/\/www.claret.cat\/es\/wp-json\/wp\/v2\/product_tag?post=192629"}],"curies":[{"name":"wp","href":"https:\/\/api.w.org\/{rel}","templated":true}]}}