{"id":192671,"date":"2022-10-20T06:43:27","date_gmt":"2022-10-20T04:43:27","guid":{"rendered":"http:\/\/dev.claret.cat\/producte\/sentido-y-existencia\/"},"modified":"2026-01-28T11:02:16","modified_gmt":"2026-01-28T10:02:16","slug":"sentido-y-existencia-9788425438448","status":"publish","type":"product","link":"https:\/\/www.claret.cat\/es\/libro\/sentido-y-existencia-9788425438448\/","title":{"rendered":"SENTIDO Y EXISTENCIA"},"content":{"rendered":"<p>Sentido y existencia , la obra principal de Markus Gabriel, aborda el tema de la validez y los l\u00edmites de la ontolog\u00eda y la metaf\u00edsica con un extraordinario conocimiento tanto de la historia de la filosof\u00eda como de la moderna teor\u00eda de la ciencia.<br \/>La ontolog\u00eda moderna, desde Kant, nos ha familiarizado con la idea de que \u00abexistencia\u00bb no es un concepto que contribuya a determinar las propiedades de un objeto. Pero si la existencia (el ser) no es una propiedad del objeto, \u00bfqu\u00e9 es? Markus Gabriel se enfrenta a este problema con su ontolog\u00eda de los campos de sentido, tesis inherente a un radical \u00abpluralismo ontol\u00f3gico\u00bb. El autor parte de la experiencia preontol\u00f3gica de una pluralidad de campos de sentido y rechaza la idea de una totalidad en la que est\u00e1n insertos los diversos campos de objetos, junto con el sentimiento oce\u00e1nico de unidad con ella. Esa unidad queda suplantada por una proliferaci\u00f3n transfinita de campos de sentido. Dicho con toda brevedad, en Sentido y existencia Gabriel niega que haya un mundo unitario, un mundo que podamos presentar en una \u00abimagen\u00bb o captar en una \u00abintuici\u00f3n\u00bb. Con ello se abren grietas en conceptos como \u00aborden del mundo\u00bb, \u00abuniverso\u00bb, \u00abciencia en general\u00bb e incluso \u00abraz\u00f3n\u00bb.<\/p>\n","protected":false},"excerpt":{"rendered":"<p>GABRIEL, MARKUS<\/p>\n","protected":false},"featured_media":331431,"template":"","meta":{"_acf_changed":false,"om_disable_all_campaigns":false,"rs_blank_template":"","rs_page_bg_color":"","slide_template_v7":"","inline_featured_image":false,"_monsterinsights_skip_tracking":false,"_monsterinsights_sitenote_active":false,"_monsterinsights_sitenote_note":"","_monsterinsights_sitenote_category":0},"product_brand":[],"product_cat":[83,349],"product_tag":[],"class_list":{"0":"post-192671","1":"product","2":"type-product","3":"status-publish","4":"has-post-thumbnail","6":"product_cat-filosofia","7":"product_cat-filosofia-2_humanidades","9":"first","10":"instock","11":"taxable","12":"shipping-taxable","13":"purchasable","14":"product-type-simple"},"acf":{"autor":"GABRIEL, MARKUS","codart":"842543844","libros-coleccion":"BIBLIOTECA DE FILOSOFIA","ediciones":"1","encuadernacion":"R\u00fastica","fecha_de_publicacion":"18\/01\/2018","novedad":"1","paginas":"400","subtitulo":"UNA ONTOLOG\u00cdA REALISTA","orden":"0","portada":"0","idioma":"spa","editorial":[{"ID":6266,"post_author":"3","post_date":"2022-07-28 17:48:31","post_date_gmt":"2022-07-28 15:48:31","post_content":"","post_title":"HERDER","post_excerpt":"","post_status":"publish","comment_status":"closed","ping_status":"closed","post_password":"","post_name":"herder","to_ping":"","pinged":"","post_modified":"2022-07-28 17:48:31","post_modified_gmt":"2022-07-28 15:48:31","post_content_filtered":"","post_parent":0,"guid":"http:\/\/dev.claret.cat\/editorial\/herder\/","menu_order":0,"post_type":"editorial","post_mime_type":"","comment_count":"0","filter":"raw"}],"autores-libros":[{"ID":164098,"post_author":"3","post_date":"2022-10-14 17:44:20","post_date_gmt":"2022-10-14 15:44:20","post_content":"","post_title":"MARKUS GABRIEL","post_excerpt":"","post_status":"publish","comment_status":"closed","ping_status":"closed","post_password":"","post_name":"markus-gabriel","to_ping":"","pinged":"","post_modified":"2022-10-14 17:44:20","post_modified_gmt":"2022-10-14 15:44:20","post_content_filtered":"","post_parent":0,"guid":"http:\/\/dev.claret.cat\/autor\/markus-gabriel\/","menu_order":0,"post_type":"autor","post_mime_type":"","comment_count":"0","filter":"raw"}],"booktrailer":"","resenas":""},"aioseo_notices":[],"_links":{"self":[{"href":"https:\/\/www.claret.cat\/es\/wp-json\/wp\/v2\/product\/192671","targetHints":{"allow":["GET"]}}],"collection":[{"href":"https:\/\/www.claret.cat\/es\/wp-json\/wp\/v2\/product"}],"about":[{"href":"https:\/\/www.claret.cat\/es\/wp-json\/wp\/v2\/types\/product"}],"wp:featuredmedia":[{"embeddable":true,"href":"https:\/\/www.claret.cat\/es\/wp-json\/wp\/v2\/media\/331431"}],"wp:attachment":[{"href":"https:\/\/www.claret.cat\/es\/wp-json\/wp\/v2\/media?parent=192671"}],"wp:term":[{"taxonomy":"product_brand","embeddable":true,"href":"https:\/\/www.claret.cat\/es\/wp-json\/wp\/v2\/product_brand?post=192671"},{"taxonomy":"product_cat","embeddable":true,"href":"https:\/\/www.claret.cat\/es\/wp-json\/wp\/v2\/product_cat?post=192671"},{"taxonomy":"product_tag","embeddable":true,"href":"https:\/\/www.claret.cat\/es\/wp-json\/wp\/v2\/product_tag?post=192671"}],"curies":[{"name":"wp","href":"https:\/\/api.w.org\/{rel}","templated":true}]}}