{"id":192677,"date":"2022-10-20T06:43:33","date_gmt":"2022-10-20T04:43:33","guid":{"rendered":"http:\/\/dev.claret.cat\/producte\/medicina-tibetana\/"},"modified":"2026-02-28T13:35:26","modified_gmt":"2026-02-28T12:35:26","slug":"medicina-tibetana-9788499175188","status":"publish","type":"product","link":"https:\/\/www.claret.cat\/es\/libro\/medicina-tibetana-9788499175188\/","title":{"rendered":"MEDICINA TIBETANA"},"content":{"rendered":"<p>Desde hace m\u00e1s de 2.000 a\u00f1os la medicina tibetana viene ofreciendo al mundo sus m\u00e9todos de tratamiento y sanaci\u00f3n de las enfermedades desde un punto de vista hol\u00edstico.<\/p>\n","protected":false},"excerpt":{"rendered":"<p>CHARLIZE BROOKS<\/p>\n","protected":false},"featured_media":1087030,"template":"","meta":{"_acf_changed":false,"om_disable_all_campaigns":false,"rs_blank_template":"","rs_page_bg_color":"","slide_template_v7":"","inline_featured_image":false,"_monsterinsights_skip_tracking":false,"_monsterinsights_sitenote_active":false,"_monsterinsights_sitenote_note":"","_monsterinsights_sitenote_category":0},"product_brand":[],"product_cat":[90,540],"product_tag":[],"class_list":{"0":"post-192677","1":"product","2":"type-product","3":"status-publish","4":"has-post-thumbnail","6":"product_cat-altres","7":"product_cat-otros","9":"first","10":"outofstock","11":"taxable","12":"shipping-taxable","13":"purchasable","14":"product-type-simple"},"acf":{"autor":"CHARLIZE BROOKS","codart":"849917518","libros-coleccion":"","ediciones":"1","encuadernacion":"R\u00fastica","fecha_de_publicacion":"17\/01\/2018","novedad":"1","paginas":"132","subtitulo":"","orden":"0","portada":"0","idioma":"spa","editorial":[{"ID":148738,"post_author":"3","post_date":"2022-10-14 12:00:35","post_date_gmt":"2022-10-14 10:00:35","post_content":"","post_title":"RED BOOK EDICIONES","post_excerpt":"","post_status":"publish","comment_status":"closed","ping_status":"closed","post_password":"","post_name":"red-book-ediciones","to_ping":"","pinged":"","post_modified":"2022-10-14 12:00:35","post_modified_gmt":"2022-10-14 10:00:35","post_content_filtered":"","post_parent":0,"guid":"http:\/\/dev.claret.cat\/editorial\/red-book-ediciones\/","menu_order":0,"post_type":"editorial","post_mime_type":"","comment_count":"0","filter":"raw"}],"booktrailer":"","resenas":"","autores-libros":[{"ID":421268,"post_author":"3","post_date":"2023-05-16 06:54:35","post_date_gmt":"2023-05-16 04:54:35","post_content":"","post_title":"CHARLIZE BROOKS","post_excerpt":"","post_status":"publish","comment_status":"closed","ping_status":"closed","post_password":"","post_name":"charlize-brooks","to_ping":"","pinged":"","post_modified":"2023-05-16 06:54:35","post_modified_gmt":"2023-05-16 04:54:35","post_content_filtered":"","post_parent":0,"guid":"https:\/\/www.claret.cat\/autor\/charlize-brooks\/","menu_order":0,"post_type":"autor","post_mime_type":"","comment_count":"0","filter":"raw"}]},"aioseo_notices":[],"_links":{"self":[{"href":"https:\/\/www.claret.cat\/es\/wp-json\/wp\/v2\/product\/192677","targetHints":{"allow":["GET"]}}],"collection":[{"href":"https:\/\/www.claret.cat\/es\/wp-json\/wp\/v2\/product"}],"about":[{"href":"https:\/\/www.claret.cat\/es\/wp-json\/wp\/v2\/types\/product"}],"wp:featuredmedia":[{"embeddable":true,"href":"https:\/\/www.claret.cat\/es\/wp-json\/wp\/v2\/media\/1087030"}],"wp:attachment":[{"href":"https:\/\/www.claret.cat\/es\/wp-json\/wp\/v2\/media?parent=192677"}],"wp:term":[{"taxonomy":"product_brand","embeddable":true,"href":"https:\/\/www.claret.cat\/es\/wp-json\/wp\/v2\/product_brand?post=192677"},{"taxonomy":"product_cat","embeddable":true,"href":"https:\/\/www.claret.cat\/es\/wp-json\/wp\/v2\/product_cat?post=192677"},{"taxonomy":"product_tag","embeddable":true,"href":"https:\/\/www.claret.cat\/es\/wp-json\/wp\/v2\/product_tag?post=192677"}],"curies":[{"name":"wp","href":"https:\/\/api.w.org\/{rel}","templated":true}]}}