{"id":192701,"date":"2022-10-20T06:43:57","date_gmt":"2022-10-20T04:43:57","guid":{"rendered":"http:\/\/dev.claret.cat\/producte\/rezar-con-domingo-savio\/"},"modified":"2024-05-23T06:23:23","modified_gmt":"2024-05-23T04:23:23","slug":"rezar-con-domingo-savio-9788490234785","status":"publish","type":"product","link":"https:\/\/www.claret.cat\/es\/libro\/rezar-con-domingo-savio-9788490234785\/","title":{"rendered":"REZAR CON DOMINGO SAVIO"},"content":{"rendered":"<p>\u00a1Un santo de 15 a\u00f1os! Esta obra destinada a j\u00f3venes, y a las personas que colaboran con ellos, nos propone a un adolescente de 15 a\u00f1os como modelo de vida feliz y de santidad. Domingo Savio (1842-1857), alumno de Don Bosco, ten\u00eda un don especial para ayudar a los compa\u00f1eros y para evitar problemas. Amigo de todo el mundo, testigo de esperanza, trabajaba siempre por ser constructor de armon\u00eda de los j\u00f3venes con los j\u00f3venes, de los j\u00f3venes con los mayores, de los j\u00f3venes con Dios. En este tiempo, donde la convivencia entre culturas es tan evidente; cuando el di\u00e1logo intergeneracional es cada vez m\u00e1s complicado y los adolescentes se alejan de la fe; el mensaje de Domingo Savio es muy actual.<\/p>\n","protected":false},"excerpt":{"rendered":"<p>PETITCLERC, JEAN-MARIE<\/p>\n","protected":false},"featured_media":359381,"template":"","meta":{"_acf_changed":false,"om_disable_all_campaigns":false,"rs_blank_template":"","rs_page_bg_color":"","slide_template_v7":"","inline_featured_image":false,"_monsterinsights_skip_tracking":false,"_monsterinsights_sitenote_active":false,"_monsterinsights_sitenote_note":"","_monsterinsights_sitenote_category":0},"product_brand":[],"product_cat":[345,79,545,95,542,92],"product_tag":[],"class_list":{"0":"post-192701","1":"product","2":"type-product","3":"status-publish","4":"has-post-thumbnail","6":"product_cat-espiritualidad","7":"product_cat-espiritualitat","8":"product_cat-santoral-1_espiritualidad-spa","9":"product_cat-santoral","10":"product_cat-vida-religiosa-1_espiritualidad-spa","11":"product_cat-vida-religiosa","13":"first","14":"instock","15":"taxable","16":"shipping-taxable","17":"purchasable","18":"product-type-simple"},"acf":{"autor":"PETITCLERC, JEAN-MARIE","codart":"849023478","libros-coleccion":"","ediciones":"1","encuadernacion":"R\u00fastica","fecha_de_publicacion":"11\/01\/2018","novedad":"1","paginas":"108","subtitulo":"15 PROPUESTAS PARA ORAR CON EL ADOLESCENTE QUE SE ENCONTR\u00d3 CON DON BOSCO","orden":"0","portada":"0","idioma":"spa","editorial":[{"ID":6155,"post_author":"3","post_date":"2022-07-28 17:46:04","post_date_gmt":"2022-07-28 15:46:04","post_content":"","post_title":"Central Catequ\u00edstica Salesiana","post_excerpt":"","post_status":"publish","comment_status":"closed","ping_status":"closed","post_password":"","post_name":"central-catequistica-salesiana","to_ping":"","pinged":"","post_modified":"2022-07-28 17:46:04","post_modified_gmt":"2022-07-28 15:46:04","post_content_filtered":"","post_parent":0,"guid":"http:\/\/dev.claret.cat\/editorial\/central-catequistica-salesiana\/","menu_order":0,"post_type":"editorial","post_mime_type":"","comment_count":"0","filter":"raw"}],"autores-libros":[{"ID":158908,"post_author":"3","post_date":"2022-10-14 15:40:33","post_date_gmt":"2022-10-14 13:40:33","post_content":"","post_title":"JEAN-MARIE PETITCLERC","post_excerpt":"","post_status":"publish","comment_status":"closed","ping_status":"closed","post_password":"","post_name":"jean-marie-petitclerc","to_ping":"","pinged":"","post_modified":"2022-10-14 15:40:33","post_modified_gmt":"2022-10-14 13:40:33","post_content_filtered":"","post_parent":0,"guid":"http:\/\/dev.claret.cat\/autor\/jean-marie-petitclerc\/","menu_order":0,"post_type":"autor","post_mime_type":"","comment_count":"0","filter":"raw"}]},"aioseo_notices":[],"_links":{"self":[{"href":"https:\/\/www.claret.cat\/es\/wp-json\/wp\/v2\/product\/192701","targetHints":{"allow":["GET"]}}],"collection":[{"href":"https:\/\/www.claret.cat\/es\/wp-json\/wp\/v2\/product"}],"about":[{"href":"https:\/\/www.claret.cat\/es\/wp-json\/wp\/v2\/types\/product"}],"wp:featuredmedia":[{"embeddable":true,"href":"https:\/\/www.claret.cat\/es\/wp-json\/wp\/v2\/media\/359381"}],"wp:attachment":[{"href":"https:\/\/www.claret.cat\/es\/wp-json\/wp\/v2\/media?parent=192701"}],"wp:term":[{"taxonomy":"product_brand","embeddable":true,"href":"https:\/\/www.claret.cat\/es\/wp-json\/wp\/v2\/product_brand?post=192701"},{"taxonomy":"product_cat","embeddable":true,"href":"https:\/\/www.claret.cat\/es\/wp-json\/wp\/v2\/product_cat?post=192701"},{"taxonomy":"product_tag","embeddable":true,"href":"https:\/\/www.claret.cat\/es\/wp-json\/wp\/v2\/product_tag?post=192701"}],"curies":[{"name":"wp","href":"https:\/\/api.w.org\/{rel}","templated":true}]}}