{"id":192704,"date":"2022-10-20T06:44:00","date_gmt":"2022-10-20T04:44:00","guid":{"rendered":"http:\/\/dev.claret.cat\/producte\/orientacion-personal-y-familiar\/"},"modified":"2024-06-28T16:51:21","modified_gmt":"2024-06-28T14:51:21","slug":"orientacion-personal-y-familiar-9788490234815","status":"publish","type":"product","link":"https:\/\/www.claret.cat\/es\/libro\/orientacion-personal-y-familiar-9788490234815\/","title":{"rendered":"ORIENTACI\u00d3N PERSONAL Y FAMILIAR"},"content":{"rendered":"<p>Este libro sobre orientaci\u00f3n se centra en la persona, en toda su esencia, en su interioridad, en su profundidad y en su proyecci\u00f3n inmensa, cualesquiera que sean las facetas de la vida humana, siempre compleja, aunque unitaria. Junto a la orientaci\u00f3n personal, en estas p\u00e1ginas asume especial trascendencia la familia, la primera y m\u00e1s importante instituci\u00f3n educadora. Por ello, la orientaci\u00f3n familiar se plantea aqu\u00ed como un proceso de ayuda para que esta gran instituci\u00f3n, conjuntamente con la escuela, pueda cumplir su elevada y c\u00e1lida misi\u00f3n personalizadora. Adem\u00e1s de abordar cuestiones te\u00f3ricas b\u00e1sicas sobre el proceso orientador, como el repaso a numerosos modelos, se ofrecen claves humanistas de alcance pr\u00e1ctico sobre tem\u00e1ticas de actualidad como la comunicaci\u00f3n, la afectividad, los valores, etc., al tiempo que se incluyen y comentan, desde una perspectiva hispanoamericana, algunos programas y recursos facilitadores de la labor orientadora. En suma, un libro destinado a profesores, padres, orientadores, pedagogos, psicopedagogos y educadores sociales comprometidos, desde los respectivos \u00e1mbitos, con el anhelado despliegue personal y familiar en un mundo crecientemente complejo.<\/p>\n","protected":false},"excerpt":{"rendered":"<p>MARTINEZ-OTERO, VALENT\u00cdN<\/p>\n","protected":false},"featured_media":972590,"template":"","meta":{"_acf_changed":false,"om_disable_all_campaigns":false,"rs_blank_template":"","rs_page_bg_color":"","slide_template_v7":"","inline_featured_image":false,"_monsterinsights_skip_tracking":false,"_monsterinsights_sitenote_active":false,"_monsterinsights_sitenote_note":"","_monsterinsights_sitenote_category":0},"product_brand":[],"product_cat":[100,550],"product_tag":[],"class_list":{"0":"post-192704","1":"product","2":"type-product","3":"status-publish","4":"has-post-thumbnail","6":"product_cat-escola-de-pares","7":"product_cat-escuela-de-padres-3_infantil-juvenil-spa-spa","9":"first","10":"outofstock","11":"taxable","12":"shipping-taxable","13":"purchasable","14":"product-type-simple"},"acf":{"autor":"MARTINEZ-OTERO, VALENT\u00cdN","codart":"849023481","libros-coleccion":"","ediciones":"1","encuadernacion":"R\u00fastica","fecha_de_publicacion":"11\/01\/2018","novedad":"1","paginas":"148","subtitulo":"","orden":"0","portada":"0","idioma":"spa","editorial":[{"ID":6155,"post_author":"3","post_date":"2022-07-28 17:46:04","post_date_gmt":"2022-07-28 15:46:04","post_content":"","post_title":"Central Catequ\u00edstica Salesiana","post_excerpt":"","post_status":"publish","comment_status":"closed","ping_status":"closed","post_password":"","post_name":"central-catequistica-salesiana","to_ping":"","pinged":"","post_modified":"2022-07-28 17:46:04","post_modified_gmt":"2022-07-28 15:46:04","post_content_filtered":"","post_parent":0,"guid":"http:\/\/dev.claret.cat\/editorial\/central-catequistica-salesiana\/","menu_order":0,"post_type":"editorial","post_mime_type":"","comment_count":"0","filter":"raw"}],"autores-libros":[{"ID":170761,"post_author":"3","post_date":"2022-10-14 22:37:57","post_date_gmt":"2022-10-14 20:37:57","post_content":"","post_title":"VALENT\u00cdN MART\u00cdNEZ-OTERO","post_excerpt":"","post_status":"publish","comment_status":"closed","ping_status":"closed","post_password":"","post_name":"valentin-martinez-otero-2","to_ping":"","pinged":"","post_modified":"2022-10-14 22:37:57","post_modified_gmt":"2022-10-14 20:37:57","post_content_filtered":"","post_parent":0,"guid":"http:\/\/dev.claret.cat\/autor\/valentin-martinez-otero-2\/","menu_order":0,"post_type":"autor","post_mime_type":"","comment_count":"0","filter":"raw"}]},"aioseo_notices":[],"_links":{"self":[{"href":"https:\/\/www.claret.cat\/es\/wp-json\/wp\/v2\/product\/192704","targetHints":{"allow":["GET"]}}],"collection":[{"href":"https:\/\/www.claret.cat\/es\/wp-json\/wp\/v2\/product"}],"about":[{"href":"https:\/\/www.claret.cat\/es\/wp-json\/wp\/v2\/types\/product"}],"wp:featuredmedia":[{"embeddable":true,"href":"https:\/\/www.claret.cat\/es\/wp-json\/wp\/v2\/media\/972590"}],"wp:attachment":[{"href":"https:\/\/www.claret.cat\/es\/wp-json\/wp\/v2\/media?parent=192704"}],"wp:term":[{"taxonomy":"product_brand","embeddable":true,"href":"https:\/\/www.claret.cat\/es\/wp-json\/wp\/v2\/product_brand?post=192704"},{"taxonomy":"product_cat","embeddable":true,"href":"https:\/\/www.claret.cat\/es\/wp-json\/wp\/v2\/product_cat?post=192704"},{"taxonomy":"product_tag","embeddable":true,"href":"https:\/\/www.claret.cat\/es\/wp-json\/wp\/v2\/product_tag?post=192704"}],"curies":[{"name":"wp","href":"https:\/\/api.w.org\/{rel}","templated":true}]}}