{"id":192812,"date":"2022-10-20T06:45:46","date_gmt":"2022-10-20T04:45:46","guid":{"rendered":"http:\/\/dev.claret.cat\/producte\/la-historia-de-la-ciencia-com-mai-te-lhan-explicat\/"},"modified":"2023-01-28T12:06:34","modified_gmt":"2023-01-28T11:06:34","slug":"la-historia-de-la-ciencia-com-mai-te-lhan-explicat-9788417214159","status":"publish","type":"product","link":"https:\/\/www.claret.cat\/es\/libro\/la-historia-de-la-ciencia-com-mai-te-lhan-explicat-9788417214159\/","title":{"rendered":"LA HIST\u00d2RIA DE LA CI\u00c8NCIA COM MAI TE L&#8217;HAN EXPLICAT"},"content":{"rendered":"<p>Com eren i com van viure els grans cient\u00edfics de la hist\u00f2ria?  Com van fer avan\u00e7ar la humanitat amb les seves idees i teories?  Com encaixava la seva genialitat amb una societat que sovint els prenia per bojos?  Ignasi Llorente ens acosta a la ci\u00e8ncia mitjan\u00e7ant la recreaci\u00f3 d&#8217;episodis significatius en les vides dels cient\u00edfics de manera que, aportant el factor hum\u00e0, aconsegueix desmuntar mites absurds al voltant d&#8217;ells, les seves idees i els seus aven\u00e7os. I alhora ens fa entendre la import\u00e0ncia hist\u00f2rica de cada cient\u00edfic i el quid de cada nova teoria.  Llegirem com Tales de Milet evita una guerra gr\u00e0cies a l&#8217;astronomia. Observarem el cel amb Brahe, Kepler i Galileu. Patirem per Lavoisier durant el seu judici a mort. Assistirem a l&#8217;enterrament de Darwin a l&#8217;abadia de Westminster, al costat de Newton. I acabarem amb Robert Dicke, que escolta al seu televisor el so m\u00e9s antic del m\u00f3n, originat en el Big Bang.<\/p>\n","protected":false},"excerpt":{"rendered":"<p>LLORENTE BRIONES, IGNASI<\/p>\n","protected":false},"featured_media":317770,"template":"","meta":{"_acf_changed":false,"om_disable_all_campaigns":false,"rs_blank_template":"","rs_page_bg_color":"","slide_template_v7":"","inline_featured_image":false,"_monsterinsights_skip_tracking":false,"_monsterinsights_sitenote_active":false,"_monsterinsights_sitenote_note":"","_monsterinsights_sitenote_category":0},"product_brand":[],"product_cat":[104,554],"product_tag":[],"class_list":{"0":"post-192812","1":"product","2":"type-product","3":"status-publish","4":"has-post-thumbnail","6":"product_cat-ciencia","7":"product_cat-ciencia-5_otras-spa","9":"first","10":"instock","11":"taxable","12":"shipping-taxable","13":"purchasable","14":"product-type-simple"},"acf":{"autor":"LLORENTE BRIONES, IGNASI","codart":"841721415","libros-coleccion":"Inspira","ediciones":"1","encuadernacion":"R\u00fastica","fecha_de_publicacion":"01\/01\/2018","novedad":"1","paginas":"272","subtitulo":"MOMENTS EXCEPCIONALS, MENTS PRODIGIOSES I GRANS DESCOBRIMENTS","orden":"0","portada":"0","idioma":"cat","editorial":[{"ID":6122,"post_author":"3","post_date":"2022-07-28 17:45:22","post_date_gmt":"2022-07-28 15:45:22","post_content":"","post_title":"ANGLE EDITORIAL","post_excerpt":"","post_status":"publish","comment_status":"closed","ping_status":"closed","post_password":"","post_name":"angle-editorial","to_ping":"","pinged":"","post_modified":"2022-07-28 17:45:22","post_modified_gmt":"2022-07-28 15:45:22","post_content_filtered":"","post_parent":0,"guid":"http:\/\/dev.claret.cat\/editorial\/angle-editorial\/","menu_order":0,"post_type":"editorial","post_mime_type":"","comment_count":"0","filter":"raw"}],"autores-libros":[{"ID":157804,"post_author":"3","post_date":"2022-10-14 15:31:46","post_date_gmt":"2022-10-14 13:31:46","post_content":"","post_title":"IGNASI LLORENTE BRIONES","post_excerpt":"","post_status":"publish","comment_status":"closed","ping_status":"closed","post_password":"","post_name":"ignasi-llorente-briones","to_ping":"","pinged":"","post_modified":"2022-10-14 15:31:46","post_modified_gmt":"2022-10-14 13:31:46","post_content_filtered":"","post_parent":0,"guid":"http:\/\/dev.claret.cat\/autor\/ignasi-llorente-briones\/","menu_order":0,"post_type":"autor","post_mime_type":"","comment_count":"0","filter":"raw"}]},"aioseo_notices":[],"_links":{"self":[{"href":"https:\/\/www.claret.cat\/es\/wp-json\/wp\/v2\/product\/192812","targetHints":{"allow":["GET"]}}],"collection":[{"href":"https:\/\/www.claret.cat\/es\/wp-json\/wp\/v2\/product"}],"about":[{"href":"https:\/\/www.claret.cat\/es\/wp-json\/wp\/v2\/types\/product"}],"wp:featuredmedia":[{"embeddable":true,"href":"https:\/\/www.claret.cat\/es\/wp-json\/wp\/v2\/media\/317770"}],"wp:attachment":[{"href":"https:\/\/www.claret.cat\/es\/wp-json\/wp\/v2\/media?parent=192812"}],"wp:term":[{"taxonomy":"product_brand","embeddable":true,"href":"https:\/\/www.claret.cat\/es\/wp-json\/wp\/v2\/product_brand?post=192812"},{"taxonomy":"product_cat","embeddable":true,"href":"https:\/\/www.claret.cat\/es\/wp-json\/wp\/v2\/product_cat?post=192812"},{"taxonomy":"product_tag","embeddable":true,"href":"https:\/\/www.claret.cat\/es\/wp-json\/wp\/v2\/product_tag?post=192812"}],"curies":[{"name":"wp","href":"https:\/\/api.w.org\/{rel}","templated":true}]}}