{"id":192836,"date":"2022-10-20T06:46:10","date_gmt":"2022-10-20T04:46:10","guid":{"rendered":"http:\/\/dev.claret.cat\/producte\/la-mujer-oculta\/"},"modified":"2023-01-28T03:49:13","modified_gmt":"2023-01-28T02:49:13","slug":"la-mujer-oculta-9788417216023","status":"publish","type":"product","link":"https:\/\/www.claret.cat\/es\/libro\/la-mujer-oculta-9788417216023\/","title":{"rendered":"LA MUJER OCULTA"},"content":{"rendered":"<p>Maridos y mujeres. Madres e hijas. El pasado y el futuro.Los secretos los unen y los secretos los pueden destruir.La autora del afamado Flores cortadas vuelve con un electrizante thriller, muy complejo emocionalmente y que sumergir\u00e1 su protagonista en las oscuras profundidades de un caso que puede destruirle.El descubrimiento de un asesinato en una obra abandonada conduce a Will Trent y al Georgia Bureau of Investigation a un caso que se convierte en mucho m\u00e1s peligroso cuando el cad\u00e1ver es identificado como el de un ex polic\u00eda.Tras hacer la autopsia, Sara Linto -la nueva forense del GBI y amante de Will- descubre que la ingente cantidad de sangre encontrada no pertenece a la v\u00edctima. Con seguridad, un rastro de sangre que sale fuera de la escena del crimen indica que hay otra v\u00edctima, una mujer que ha desaparecido&#8230; y si no la encuentran pronto, morir\u00e1.La escena del crimen pertenece al habitante m\u00e1s famoso de la ciudad: un rico, poderoso, bien conectado atleta protegido por los abogados m\u00e1s caros de Estados Unidos, un hombre que ya se hab\u00eda librado de un caso de violaci\u00f3n pese a los esfuerzos de Will por encarcelarle.<\/p>\n","protected":false},"excerpt":{"rendered":"<p>SLAUGHTER, KARIN<\/p>\n","protected":false},"featured_media":192837,"template":"","meta":{"_acf_changed":false,"om_disable_all_campaigns":false,"rs_blank_template":"","rs_page_bg_color":"","slide_template_v7":"","inline_featured_image":false,"_monsterinsights_skip_tracking":false,"_monsterinsights_sitenote_active":false,"_monsterinsights_sitenote_note":"","_monsterinsights_sitenote_category":0},"product_brand":[],"product_cat":[87],"product_tag":[],"class_list":{"0":"post-192836","1":"product","2":"type-product","3":"status-publish","4":"has-post-thumbnail","6":"product_cat-literatura","8":"first","9":"instock","10":"taxable","11":"shipping-taxable","12":"purchasable","13":"product-type-simple"},"acf":{"autor":"SLAUGHTER, KARIN","codart":"841721602","libros-coleccion":"FORA DE COL.LECCI\u00d3","ediciones":"1","encuadernacion":"R\u00fastica","fecha_de_publicacion":"01\/01\/2018","novedad":"1","paginas":"525","subtitulo":"","orden":"0","portada":"0","idioma":"spa","editorial":[{"ID":6264,"post_author":"3","post_date":"2022-07-28 17:48:28","post_date_gmt":"2022-07-28 15:48:28","post_content":"","post_title":"Harper Bolsillo","post_excerpt":"","post_status":"publish","comment_status":"closed","ping_status":"closed","post_password":"","post_name":"harper-bolsillo","to_ping":"","pinged":"","post_modified":"2022-07-28 17:48:28","post_modified_gmt":"2022-07-28 15:48:28","post_content_filtered":"","post_parent":0,"guid":"http:\/\/dev.claret.cat\/editorial\/harper-bolsillo\/","menu_order":0,"post_type":"editorial","post_mime_type":"","comment_count":"0","filter":"raw"}],"autores-libros":[{"ID":161430,"post_author":"3","post_date":"2022-10-14 17:18:09","post_date_gmt":"2022-10-14 15:18:09","post_content":"","post_title":"KARIN SLAUGHTER","post_excerpt":"","post_status":"publish","comment_status":"closed","ping_status":"closed","post_password":"","post_name":"karin-slaughter","to_ping":"","pinged":"","post_modified":"2022-10-14 17:18:09","post_modified_gmt":"2022-10-14 15:18:09","post_content_filtered":"","post_parent":0,"guid":"http:\/\/dev.claret.cat\/autor\/karin-slaughter\/","menu_order":0,"post_type":"autor","post_mime_type":"","comment_count":"0","filter":"raw"}]},"aioseo_notices":[],"_links":{"self":[{"href":"https:\/\/www.claret.cat\/es\/wp-json\/wp\/v2\/product\/192836","targetHints":{"allow":["GET"]}}],"collection":[{"href":"https:\/\/www.claret.cat\/es\/wp-json\/wp\/v2\/product"}],"about":[{"href":"https:\/\/www.claret.cat\/es\/wp-json\/wp\/v2\/types\/product"}],"wp:featuredmedia":[{"embeddable":true,"href":"https:\/\/www.claret.cat\/es\/wp-json\/wp\/v2\/media\/192837"}],"wp:attachment":[{"href":"https:\/\/www.claret.cat\/es\/wp-json\/wp\/v2\/media?parent=192836"}],"wp:term":[{"taxonomy":"product_brand","embeddable":true,"href":"https:\/\/www.claret.cat\/es\/wp-json\/wp\/v2\/product_brand?post=192836"},{"taxonomy":"product_cat","embeddable":true,"href":"https:\/\/www.claret.cat\/es\/wp-json\/wp\/v2\/product_cat?post=192836"},{"taxonomy":"product_tag","embeddable":true,"href":"https:\/\/www.claret.cat\/es\/wp-json\/wp\/v2\/product_tag?post=192836"}],"curies":[{"name":"wp","href":"https:\/\/api.w.org\/{rel}","templated":true}]}}