{"id":192878,"date":"2022-10-20T06:46:50","date_gmt":"2022-10-20T04:46:50","guid":{"rendered":"http:\/\/dev.claret.cat\/producte\/marie-curie-una-vida-por-la-ciencia\/"},"modified":"2025-02-04T17:28:19","modified_gmt":"2025-02-04T16:28:19","slug":"marie-curie-una-vida-por-la-ciencia-9788482986913","status":"publish","type":"product","link":"https:\/\/www.claret.cat\/es\/libro\/marie-curie-una-vida-por-la-ciencia-9788482986913\/","title":{"rendered":"MARIE CURIE. UNA VIDA POR LA CIENCIA"},"content":{"rendered":"<p>Marie Curie fue la primera cient\u00edfica en recibir un reconocimiento universal y la primera en recibir un premio Nobel. El descubrimiento de la radiactividad, que hizo con su marido, Pierre Curie, fue el inicio de una brillante carrera que culmin\u00f3 con la adici\u00f3n de dos nuevos elementos a la tabla peri\u00f3dica: el radio y el polonio. A pesar de que su labor minaba seriamente su salud, nunca dej\u00f3 el laboratorio y, cuando estall\u00f3 la Primera Guerra Mundial, supo poner al servicio del ej\u00e9rcito franc\u00e9s y de sus heridos todos sus logros. Muri\u00f3 v\u00edctima de su pasi\u00f3n, pero su legado ha salvado miles de vidas.<\/p>\n","protected":false},"excerpt":{"rendered":"<p>MU\u00d1OZ PAEZ, ADELA<\/p>\n","protected":false},"featured_media":192879,"template":"","meta":{"_acf_changed":false,"om_disable_all_campaigns":false,"rs_blank_template":"","rs_page_bg_color":"","slide_template_v7":"","inline_featured_image":false,"_monsterinsights_skip_tracking":false,"_monsterinsights_sitenote_active":false,"_monsterinsights_sitenote_note":"","_monsterinsights_sitenote_category":0},"product_brand":[],"product_cat":[104,554],"product_tag":[],"class_list":{"0":"post-192878","1":"product","2":"type-product","3":"status-publish","4":"has-post-thumbnail","6":"product_cat-ciencia","7":"product_cat-ciencia-5_otras-spa","9":"first","10":"instock","11":"taxable","12":"shipping-taxable","13":"purchasable","14":"product-type-simple"},"acf":{"autor":"MU\u00d1OZ PAEZ, ADELA","codart":"848298691","libros-coleccion":"SUSHI BOOKS","ediciones":"1","encuadernacion":"Carton\u00e9","fecha_de_publicacion":"01\/01\/2018","novedad":"1","paginas":"152","subtitulo":"","orden":"0","portada":"0","idioma":"spa","editorial":[{"ID":148560,"post_author":"3","post_date":"2022-10-14 11:59:12","post_date_gmt":"2022-10-14 09:59:12","post_content":"","post_title":"National Geographic","post_excerpt":"","post_status":"publish","comment_status":"closed","ping_status":"closed","post_password":"","post_name":"national-geographic","to_ping":"","pinged":"","post_modified":"2022-10-14 11:59:12","post_modified_gmt":"2022-10-14 09:59:12","post_content_filtered":"","post_parent":0,"guid":"http:\/\/dev.claret.cat\/editorial\/national-geographic\/","menu_order":0,"post_type":"editorial","post_mime_type":"","comment_count":"0","filter":"raw"}],"autores-libros":[{"ID":262751,"post_author":"3","post_date":"2022-12-01 11:08:06","post_date_gmt":"2022-12-01 10:08:06","post_content":"","post_title":"ADELA MU\u00d1OZ PAEZ","post_excerpt":"","post_status":"publish","comment_status":"closed","ping_status":"closed","post_password":"","post_name":"adela-munoz-paez-2","to_ping":"","pinged":"","post_modified":"2022-12-01 11:08:06","post_modified_gmt":"2022-12-01 10:08:06","post_content_filtered":"","post_parent":0,"guid":"http:\/\/dev.claret.cat\/autor\/adela-munoz-paez-2\/","menu_order":0,"post_type":"autor","post_mime_type":"","comment_count":"0","filter":"raw"}]},"aioseo_notices":[],"_links":{"self":[{"href":"https:\/\/www.claret.cat\/es\/wp-json\/wp\/v2\/product\/192878","targetHints":{"allow":["GET"]}}],"collection":[{"href":"https:\/\/www.claret.cat\/es\/wp-json\/wp\/v2\/product"}],"about":[{"href":"https:\/\/www.claret.cat\/es\/wp-json\/wp\/v2\/types\/product"}],"wp:featuredmedia":[{"embeddable":true,"href":"https:\/\/www.claret.cat\/es\/wp-json\/wp\/v2\/media\/192879"}],"wp:attachment":[{"href":"https:\/\/www.claret.cat\/es\/wp-json\/wp\/v2\/media?parent=192878"}],"wp:term":[{"taxonomy":"product_brand","embeddable":true,"href":"https:\/\/www.claret.cat\/es\/wp-json\/wp\/v2\/product_brand?post=192878"},{"taxonomy":"product_cat","embeddable":true,"href":"https:\/\/www.claret.cat\/es\/wp-json\/wp\/v2\/product_cat?post=192878"},{"taxonomy":"product_tag","embeddable":true,"href":"https:\/\/www.claret.cat\/es\/wp-json\/wp\/v2\/product_tag?post=192878"}],"curies":[{"name":"wp","href":"https:\/\/api.w.org\/{rel}","templated":true}]}}