{"id":192914,"date":"2022-10-20T06:47:25","date_gmt":"2022-10-20T04:47:25","guid":{"rendered":"http:\/\/dev.claret.cat\/producte\/cerebro-y-meditacion\/"},"modified":"2023-01-28T11:40:11","modified_gmt":"2023-01-28T10:40:11","slug":"cerebro-y-meditacion-9788499886183","status":"publish","type":"product","link":"https:\/\/www.claret.cat\/es\/libro\/cerebro-y-meditacion-9788499886183\/","title":{"rendered":"CEREBRO Y MEDITACI\u00d3N"},"content":{"rendered":"<p>Durante ocho a\u00f1os, Ricard y Singer han compartido sus conocimientos y se han interrogado sobre el funcionamiento de la mente: \u00bfLa meditaci\u00f3n modifica los circuitos neuronales? \u00bfC\u00f3mo se forman las emociones? \u00bfCu\u00e1les son los diferentes estados modificados de la consciencia? \u00bfQu\u00e9 es el \u00abyo\u00bb? \u00bfExiste el libre albedr\u00edo? \u00bfQu\u00e9 podemos decir de la naturaleza de la consciencia?<br \/> En cada tema, se confrontan con inteligencia dos tradiciones de pensamiento. Una, la filosof\u00eda budista, es un conocimiento en primera persona, resultado de pr\u00e1cticas milenarias de meditaci\u00f3n en el cerebro. La otra, las neurociencias, es un conocimiento en tercera persona, procedente de experimentaciones en laboratorio. Los dos enfoques son radicalmente diferentes, pero bastante a menudo llegan a las mismas conclusiones. Para poder desarrollar una verdadera \u00abciencia de la mente\u00bb, la aproximaci\u00f3n entre ambos enfoques resulta indispensable. Y eso es exactamente lo que propone esta obra: un di\u00e1logo profundo entre las ciencias contemplativas y las modernas con la idea de penetrar en los misterios de la mente humana.<\/p>\n","protected":false},"excerpt":{"rendered":"<p>RICARD, MATTHIEU \/ SINGER, WOLF<\/p>\n","protected":false},"featured_media":192915,"template":"","meta":{"_acf_changed":false,"om_disable_all_campaigns":false,"rs_blank_template":"","rs_page_bg_color":"","slide_template_v7":"","inline_featured_image":false,"_monsterinsights_skip_tracking":false,"_monsterinsights_sitenote_active":false,"_monsterinsights_sitenote_note":"","_monsterinsights_sitenote_category":0},"product_brand":[],"product_cat":[79,94],"product_tag":[],"class_list":{"0":"post-192914","1":"product","2":"type-product","3":"status-publish","4":"has-post-thumbnail","6":"product_cat-espiritualitat","7":"product_cat-religions","9":"first","10":"instock","11":"taxable","12":"shipping-taxable","13":"purchasable","14":"product-type-simple"},"acf":{"autor":"RICARD, MATTHIEU \/ SINGER, WOLF","codart":"849988618","libros-coleccion":"Ensayo","ediciones":"1","encuadernacion":"R\u00fastica","fecha_de_publicacion":"01\/01\/2018","novedad":"1","paginas":"484","subtitulo":"DI\u00c1LOGO ENTRE EL BUDISMO Y LAS NEUROCIENCIAS","orden":"0","portada":"0","idioma":"spa","editorial":[{"ID":147993,"post_author":"3","post_date":"2022-10-14 11:54:48","post_date_gmt":"2022-10-14 09:54:48","post_content":"","post_title":"Editorial Kair\u00f3s SA","post_excerpt":"","post_status":"publish","comment_status":"closed","ping_status":"closed","post_password":"","post_name":"editorial-kairos-sa","to_ping":"","pinged":"","post_modified":"2022-10-14 11:54:48","post_modified_gmt":"2022-10-14 09:54:48","post_content_filtered":"","post_parent":0,"guid":"http:\/\/dev.claret.cat\/editorial\/editorial-kairos-sa\/","menu_order":0,"post_type":"editorial","post_mime_type":"","comment_count":"0","filter":"raw"}],"autores-libros":[{"ID":164503,"post_author":"3","post_date":"2022-10-14 17:47:35","post_date_gmt":"2022-10-14 15:47:35","post_content":"","post_title":"MATTHIEU RICARD","post_excerpt":"","post_status":"publish","comment_status":"closed","ping_status":"closed","post_password":"","post_name":"matthieu-ricard","to_ping":"","pinged":"","post_modified":"2022-10-14 17:47:35","post_modified_gmt":"2022-10-14 15:47:35","post_content_filtered":"","post_parent":0,"guid":"http:\/\/dev.claret.cat\/autor\/matthieu-ricard\/","menu_order":0,"post_type":"autor","post_mime_type":"","comment_count":"0","filter":"raw"}]},"aioseo_notices":[],"_links":{"self":[{"href":"https:\/\/www.claret.cat\/es\/wp-json\/wp\/v2\/product\/192914","targetHints":{"allow":["GET"]}}],"collection":[{"href":"https:\/\/www.claret.cat\/es\/wp-json\/wp\/v2\/product"}],"about":[{"href":"https:\/\/www.claret.cat\/es\/wp-json\/wp\/v2\/types\/product"}],"wp:featuredmedia":[{"embeddable":true,"href":"https:\/\/www.claret.cat\/es\/wp-json\/wp\/v2\/media\/192915"}],"wp:attachment":[{"href":"https:\/\/www.claret.cat\/es\/wp-json\/wp\/v2\/media?parent=192914"}],"wp:term":[{"taxonomy":"product_brand","embeddable":true,"href":"https:\/\/www.claret.cat\/es\/wp-json\/wp\/v2\/product_brand?post=192914"},{"taxonomy":"product_cat","embeddable":true,"href":"https:\/\/www.claret.cat\/es\/wp-json\/wp\/v2\/product_cat?post=192914"},{"taxonomy":"product_tag","embeddable":true,"href":"https:\/\/www.claret.cat\/es\/wp-json\/wp\/v2\/product_tag?post=192914"}],"curies":[{"name":"wp","href":"https:\/\/api.w.org\/{rel}","templated":true}]}}