{"id":19307,"date":"2022-10-02T09:03:36","date_gmt":"2022-10-02T07:03:36","guid":{"rendered":"http:\/\/dev.claret.cat\/producte\/circuits-dalta-muntanya-pel-pirineu-occidental-catala\/"},"modified":"2023-01-28T12:49:40","modified_gmt":"2023-01-28T11:49:40","slug":"circuits-dalta-muntanya-pel-pirineu-occidental-catala-9788497912105","status":"publish","type":"product","link":"https:\/\/www.claret.cat\/es\/libro\/circuits-dalta-muntanya-pel-pirineu-occidental-catala-9788497912105\/","title":{"rendered":"CIRCUITS D&#8221;ALTA MUNTANYA PEL PIRINEU OCCIDENTAL CATAL\u00c0"},"content":{"rendered":"<p>La guia presenta vint-i-cinc circuits d&#8221;alta muntanya, escollits per con\u00e8ixer el Pirineu occidental catal\u00e0, assequibles en un sol dia per a un gran nombre d&#8221;excursionistes. Per Pirineu occidental catal\u00e0 entenem la franja que va des d&#8221;Andorra, a l&#8221;oest de l&#8221;eix tra\u00e7at pel riu Valira d&#8221;Encamp o d&#8221;Orient, fins a la vall de Barrav\u00e9s, on hi ha els pics m\u00e9s elevats dels Pa\u00efsos Catalans, com la pica d&#8221;Estats, el pic de Sotllo, el de Comaloforno, els de Besiberri o la punta Alta, tots per sobre dels 3.000 m. Cada circuit consta d&#8221;una presentaci\u00f3, una fitxa t\u00e8cnica i una descripci\u00f3 on s&#8221;indiquen la ubicaci\u00f3, l&#8221;acc\u00e9s, el desnivell acumulat, l&#8221;altitud m\u00e0xima assolida, el temps o horari total aproximat, uns consells i els llocs &#8211;refugis, cabanes, cases de pag\u00e8s, hotels, etc.&#8211; on allotjar-nos.<\/p>\n","protected":false},"excerpt":{"rendered":"<p>FIGUERA I ABADAL, MANEL<\/p>\n","protected":false},"featured_media":322650,"template":"","meta":{"_acf_changed":false,"om_disable_all_campaigns":false,"rs_blank_template":"","rs_page_bg_color":"","slide_template_v7":"","inline_featured_image":false,"_monsterinsights_skip_tracking":false,"_monsterinsights_sitenote_active":false,"_monsterinsights_sitenote_note":"","_monsterinsights_sitenote_category":0},"product_brand":[],"product_cat":[557,107],"product_tag":[],"class_list":{"0":"post-19307","1":"product","2":"type-product","3":"status-publish","4":"has-post-thumbnail","6":"product_cat-guias-de-viaje","7":"product_cat-guies-de-viatge","9":"first","10":"instock","11":"taxable","12":"shipping-taxable","13":"purchasable","14":"product-type-simple"},"acf":{"autor":"FIGUERA I ABADAL, MANEL","codart":"849791210","libros-coleccion":"","ediciones":"1","encuadernacion":"R\u00fastica","fecha_de_publicacion":"01\/06\/2006","novedad":"0","paginas":"168","subtitulo":"25 ITINERARIS PER CARENES DEL SAL\u00d2RIA ALS BESIBERRI","orden":"999","portada":"0","idioma":"cat","editorial":[{"ID":6171,"post_author":"3","post_date":"2022-07-28 17:46:25","post_date_gmt":"2022-07-28 15:46:25","post_content":"","post_title":"COSSETANIA EDICIONS","post_excerpt":"","post_status":"publish","comment_status":"closed","ping_status":"closed","post_password":"","post_name":"cossetania-edicions","to_ping":"","pinged":"","post_modified":"2022-07-28 17:46:25","post_modified_gmt":"2022-07-28 15:46:25","post_content_filtered":"","post_parent":0,"guid":"http:\/\/dev.claret.cat\/editorial\/cossetania-edicions\/","menu_order":0,"post_type":"editorial","post_mime_type":"","comment_count":"0","filter":"raw"}],"autores-libros":[{"ID":163075,"post_author":"3","post_date":"2022-10-14 17:36:07","post_date_gmt":"2022-10-14 15:36:07","post_content":"","post_title":"MANEL FIGUERA I ABADAL","post_excerpt":"","post_status":"publish","comment_status":"closed","ping_status":"closed","post_password":"","post_name":"manel-figuera-i-abadal","to_ping":"","pinged":"","post_modified":"2022-10-14 17:36:07","post_modified_gmt":"2022-10-14 15:36:07","post_content_filtered":"","post_parent":0,"guid":"http:\/\/dev.claret.cat\/autor\/manel-figuera-i-abadal\/","menu_order":0,"post_type":"autor","post_mime_type":"","comment_count":"0","filter":"raw"}]},"aioseo_notices":[],"_links":{"self":[{"href":"https:\/\/www.claret.cat\/es\/wp-json\/wp\/v2\/product\/19307","targetHints":{"allow":["GET"]}}],"collection":[{"href":"https:\/\/www.claret.cat\/es\/wp-json\/wp\/v2\/product"}],"about":[{"href":"https:\/\/www.claret.cat\/es\/wp-json\/wp\/v2\/types\/product"}],"wp:featuredmedia":[{"embeddable":true,"href":"https:\/\/www.claret.cat\/es\/wp-json\/wp\/v2\/media\/322650"}],"wp:attachment":[{"href":"https:\/\/www.claret.cat\/es\/wp-json\/wp\/v2\/media?parent=19307"}],"wp:term":[{"taxonomy":"product_brand","embeddable":true,"href":"https:\/\/www.claret.cat\/es\/wp-json\/wp\/v2\/product_brand?post=19307"},{"taxonomy":"product_cat","embeddable":true,"href":"https:\/\/www.claret.cat\/es\/wp-json\/wp\/v2\/product_cat?post=19307"},{"taxonomy":"product_tag","embeddable":true,"href":"https:\/\/www.claret.cat\/es\/wp-json\/wp\/v2\/product_tag?post=19307"}],"curies":[{"name":"wp","href":"https:\/\/api.w.org\/{rel}","templated":true}]}}