{"id":193079,"date":"2022-10-20T06:50:00","date_gmt":"2022-10-20T04:50:00","guid":{"rendered":"http:\/\/dev.claret.cat\/producte\/macanudo-12\/"},"modified":"2023-01-28T21:32:52","modified_gmt":"2023-01-28T20:32:52","slug":"macanudo-12-9788417125097","status":"publish","type":"product","link":"https:\/\/www.claret.cat\/es\/libro\/macanudo-12-9788417125097\/","title":{"rendered":"MACANUDO 12"},"content":{"rendered":"<p>El fabuloso universo de Macanudo llega a su n\u00famero 12. Con la misma facilidad que en las entregas anteriores, Liniers consigue sugerir un estado de humor diferente en cada vi\u00f1eta: tierno, sagaz, ir\u00f3nico, inteligente, el humor es siempre constante. Enriqueta y su osito Madariaga, la aceituna Oliveiro, Olga, los duendes, los ping\u00fcinos  y el gato Fellini son algunos de los protagonistas de las situaciones m\u00e1s cotidianas y bizarras de un mundo aparte que, sin embargo, tiene mucho que ver con el nuestro. En este volumen el lector encontrar\u00e1 un sinf\u00edn de historias fant\u00e1sticamente reales de la mano de uno de los mejores dibujantes internacionales. Rese\u00f1as: <br \/>\u00abLiniers tiene el don de encandilar a los lectores, as\u00ed como el envidiable talento de haber alumbrado un universo que \u00e9l parece  disfrutar creando tanto como sus lectores explor\u00e1ndolo. Con un gancho irresistible, Macanudo se ha convertido en un cl\u00e1sico de las vi\u00f1etas como lo son Mafalda,The Far Side de Gary Larson o Los Simpson.\u00bb <br \/>Miguel Brieva \u00abSi Liniers no fuera rematadamente genial, tal vez podr\u00eda rozarle la suela del zapato.\u00bb <br \/>Juanjo S\u00e1ez<\/p>\n","protected":false},"excerpt":{"rendered":"<p>LINIERS<\/p>\n","protected":false},"featured_media":193080,"template":"","meta":{"_acf_changed":false,"om_disable_all_campaigns":false,"rs_blank_template":"","rs_page_bg_color":"","slide_template_v7":"","inline_featured_image":false,"_monsterinsights_skip_tracking":false,"_monsterinsights_sitenote_active":false,"_monsterinsights_sitenote_note":"","_monsterinsights_sitenote_category":0},"product_brand":[],"product_cat":[108],"product_tag":[],"class_list":{"0":"post-193079","1":"product","2":"type-product","3":"status-publish","4":"has-post-thumbnail","6":"product_cat-comic","8":"first","9":"instock","10":"taxable","11":"shipping-taxable","12":"purchasable","13":"product-type-simple"},"acf":{"autor":"LINIERS","codart":"841712509","libros-coleccion":"FORA DE COL.LECCI\u00d3","ediciones":"1","encuadernacion":"R\u00fastica","fecha_de_publicacion":"01\/01\/2018","novedad":"1","paginas":"93","subtitulo":"","orden":"0","portada":"0","idioma":"spa","editorial":[{"ID":148749,"post_author":"3","post_date":"2022-10-14 12:00:41","post_date_gmt":"2022-10-14 10:00:41","post_content":"","post_title":"RESERVOIR BOOKS","post_excerpt":"","post_status":"publish","comment_status":"closed","ping_status":"closed","post_password":"","post_name":"reservoir-books","to_ping":"","pinged":"","post_modified":"2022-10-14 12:00:41","post_modified_gmt":"2022-10-14 10:00:41","post_content_filtered":"","post_parent":0,"guid":"http:\/\/dev.claret.cat\/editorial\/reservoir-books\/","menu_order":0,"post_type":"editorial","post_mime_type":"","comment_count":"0","filter":"raw"}],"autores-libros":[{"ID":162243,"post_author":"3","post_date":"2022-10-14 17:29:28","post_date_gmt":"2022-10-14 15:29:28","post_content":"","post_title":"LINIERS","post_excerpt":"","post_status":"publish","comment_status":"closed","ping_status":"closed","post_password":"","post_name":"liniers","to_ping":"","pinged":"","post_modified":"2022-10-14 17:29:28","post_modified_gmt":"2022-10-14 15:29:28","post_content_filtered":"","post_parent":0,"guid":"http:\/\/dev.claret.cat\/autor\/liniers\/","menu_order":0,"post_type":"autor","post_mime_type":"","comment_count":"0","filter":"raw"}]},"aioseo_notices":[],"_links":{"self":[{"href":"https:\/\/www.claret.cat\/es\/wp-json\/wp\/v2\/product\/193079","targetHints":{"allow":["GET"]}}],"collection":[{"href":"https:\/\/www.claret.cat\/es\/wp-json\/wp\/v2\/product"}],"about":[{"href":"https:\/\/www.claret.cat\/es\/wp-json\/wp\/v2\/types\/product"}],"wp:featuredmedia":[{"embeddable":true,"href":"https:\/\/www.claret.cat\/es\/wp-json\/wp\/v2\/media\/193080"}],"wp:attachment":[{"href":"https:\/\/www.claret.cat\/es\/wp-json\/wp\/v2\/media?parent=193079"}],"wp:term":[{"taxonomy":"product_brand","embeddable":true,"href":"https:\/\/www.claret.cat\/es\/wp-json\/wp\/v2\/product_brand?post=193079"},{"taxonomy":"product_cat","embeddable":true,"href":"https:\/\/www.claret.cat\/es\/wp-json\/wp\/v2\/product_cat?post=193079"},{"taxonomy":"product_tag","embeddable":true,"href":"https:\/\/www.claret.cat\/es\/wp-json\/wp\/v2\/product_tag?post=193079"}],"curies":[{"name":"wp","href":"https:\/\/api.w.org\/{rel}","templated":true}]}}