{"id":193109,"date":"2022-10-20T06:50:30","date_gmt":"2022-10-20T04:50:30","guid":{"rendered":"http:\/\/dev.claret.cat\/producte\/control-de-plagues\/"},"modified":"2024-02-05T13:56:27","modified_gmt":"2024-02-05T12:56:27","slug":"control-de-plagues-9788498094114","status":"publish","type":"product","link":"https:\/\/www.claret.cat\/es\/libro\/control-de-plagues-9788498094114\/","title":{"rendered":"CONTROL DE PLAGUES"},"content":{"rendered":"<p>Es diu que cada catal\u00e0 t\u00e9 dins seu un home del temps, un entrenador del Bar\u00e7a i un ling\u00fcista.<br \/>Aix\u00ed com s\u2019han escrit llibres a l\u2019estil de 50 paraules que cal salvar, Enric Gom\u00e0 proposa ara 92 paraules que cal fumigar: calcs del castell\u00e0 o de l\u2019angl\u00e8s, hipercorreccions, modes, deformacions o directament disbarats, molt sovint popularitzats pels mitjans de comunicaci\u00f3.<\/p>\n","protected":false},"excerpt":{"rendered":"<p>GOM\u00c0 RIBAS, ENRIC<\/p>\n","protected":false},"featured_media":193110,"template":"","meta":{"_acf_changed":false,"om_disable_all_campaigns":false,"rs_blank_template":"","rs_page_bg_color":"","slide_template_v7":"","inline_featured_image":false,"_monsterinsights_skip_tracking":false,"_monsterinsights_sitenote_active":false,"_monsterinsights_sitenote_note":"","_monsterinsights_sitenote_category":0},"product_brand":[],"product_cat":[87,353],"product_tag":[],"class_list":{"0":"post-193109","1":"product","2":"type-product","3":"status-publish","4":"has-post-thumbnail","6":"product_cat-literatura","7":"product_cat-literatura-2_humanidades","9":"first","10":"instock","11":"taxable","12":"shipping-taxable","13":"purchasable","14":"product-type-simple"},"acf":{"autor":"GOM\u00c0 RIBAS, ENRIC","codart":"849809411","libros-coleccion":"P.VISIONS","ediciones":"1","encuadernacion":"R\u00fastica","fecha_de_publicacion":"01\/01\/2018","novedad":"1","paginas":"234","subtitulo":"92 PARAULES CATALANES PER FULMIGAR. AMB DIBUIXOS DE MARC TORRENT","orden":"0","portada":"0","idioma":"cat","editorial":[{"ID":148023,"post_author":"3","post_date":"2022-10-14 11:55:02","post_date_gmt":"2022-10-14 09:55:02","post_content":"","post_title":"Editorial P\u00f2rtic","post_excerpt":"","post_status":"publish","comment_status":"closed","ping_status":"closed","post_password":"","post_name":"editorial-portic","to_ping":"","pinged":"","post_modified":"2022-10-14 11:55:02","post_modified_gmt":"2022-10-14 09:55:02","post_content_filtered":"","post_parent":0,"guid":"http:\/\/dev.claret.cat\/editorial\/editorial-portic\/","menu_order":0,"post_type":"editorial","post_mime_type":"","comment_count":"0","filter":"raw"}],"autores-libros":[{"ID":155108,"post_author":"3","post_date":"2022-10-14 15:10:14","post_date_gmt":"2022-10-14 13:10:14","post_content":"","post_title":"ENRIC GOM\u00c0 RIBAS","post_excerpt":"","post_status":"publish","comment_status":"closed","ping_status":"closed","post_password":"","post_name":"enric-goma-ribas","to_ping":"","pinged":"","post_modified":"2022-10-14 15:10:14","post_modified_gmt":"2022-10-14 13:10:14","post_content_filtered":"","post_parent":0,"guid":"http:\/\/dev.claret.cat\/autor\/enric-goma-ribas\/","menu_order":0,"post_type":"autor","post_mime_type":"","comment_count":"0","filter":"raw"}]},"aioseo_notices":[],"_links":{"self":[{"href":"https:\/\/www.claret.cat\/es\/wp-json\/wp\/v2\/product\/193109","targetHints":{"allow":["GET"]}}],"collection":[{"href":"https:\/\/www.claret.cat\/es\/wp-json\/wp\/v2\/product"}],"about":[{"href":"https:\/\/www.claret.cat\/es\/wp-json\/wp\/v2\/types\/product"}],"wp:featuredmedia":[{"embeddable":true,"href":"https:\/\/www.claret.cat\/es\/wp-json\/wp\/v2\/media\/193110"}],"wp:attachment":[{"href":"https:\/\/www.claret.cat\/es\/wp-json\/wp\/v2\/media?parent=193109"}],"wp:term":[{"taxonomy":"product_brand","embeddable":true,"href":"https:\/\/www.claret.cat\/es\/wp-json\/wp\/v2\/product_brand?post=193109"},{"taxonomy":"product_cat","embeddable":true,"href":"https:\/\/www.claret.cat\/es\/wp-json\/wp\/v2\/product_cat?post=193109"},{"taxonomy":"product_tag","embeddable":true,"href":"https:\/\/www.claret.cat\/es\/wp-json\/wp\/v2\/product_tag?post=193109"}],"curies":[{"name":"wp","href":"https:\/\/api.w.org\/{rel}","templated":true}]}}