{"id":193115,"date":"2022-10-20T06:50:36","date_gmt":"2022-10-20T04:50:36","guid":{"rendered":"http:\/\/dev.claret.cat\/producte\/geografia-literaria-5-illes-balears-i-pitiuses\/"},"modified":"2024-02-05T13:56:10","modified_gmt":"2024-02-05T12:56:10","slug":"geografia-literaria-5-illes-balears-i-pitiuses-9788498094060","status":"publish","type":"product","link":"https:\/\/www.claret.cat\/es\/libro\/geografia-literaria-5-illes-balears-i-pitiuses-9788498094060\/","title":{"rendered":"GEOGRAFIA LITER\u00c0RIA 5. ILLES BALEARS I PITI\u00dcSES"},"content":{"rendered":"<p>En aquest volum, els textos literaris triats de prop de 100 autors de totes les \u00e8poques per cada un dels 500<br \/> llocs permeten la pr\u00e0ctica d&#8217;un turisme cultural sigui sobre el terreny o des de casa que facilita la descoberta o redescoberta de paratges illencs que coneix\u00edem massa superficialment. No hi ha cap llibre com<br \/>aquest, dedicat al turisme literari de les Illes. Abra\u00e7a de Ramon Llull a Sebasti\u00e0 Alzamora, passant per tots<br \/>els cl\u00e0ssics dels segles XIX i XX. Pel que fa als paisatges, cal destacar la riquesa i monumentalitat de la Serra<br \/>de Tramuntana, o l&#8217;illa de Cabrera, o la import\u00e0ncia liter\u00e0ria de Palma o de Manacor.<\/p>\n","protected":false},"excerpt":{"rendered":"<p>SOLDEVILA BALART, LLOREN\u00c7<\/p>\n","protected":false},"featured_media":193116,"template":"","meta":{"_acf_changed":false,"om_disable_all_campaigns":false,"rs_blank_template":"","rs_page_bg_color":"","slide_template_v7":"","inline_featured_image":false,"_monsterinsights_skip_tracking":false,"_monsterinsights_sitenote_active":false,"_monsterinsights_sitenote_note":"","_monsterinsights_sitenote_category":0},"product_brand":[],"product_cat":[87,353],"product_tag":[],"class_list":{"0":"post-193115","1":"product","2":"type-product","3":"status-publish","4":"has-post-thumbnail","6":"product_cat-literatura","7":"product_cat-literatura-2_humanidades","9":"first","10":"instock","11":"taxable","12":"shipping-taxable","13":"purchasable","14":"product-type-simple"},"acf":{"autor":"SOLDEVILA BALART, LLOREN\u00c7","codart":"849809406","libros-coleccion":"SUSHI BOOKS","ediciones":"1","encuadernacion":"R\u00fastica","fecha_de_publicacion":"01\/01\/2018","novedad":"1","paginas":"481","subtitulo":"","orden":"0","portada":"0","idioma":"cat","editorial":[{"ID":148023,"post_author":"3","post_date":"2022-10-14 11:55:02","post_date_gmt":"2022-10-14 09:55:02","post_content":"","post_title":"Editorial P\u00f2rtic","post_excerpt":"","post_status":"publish","comment_status":"closed","ping_status":"closed","post_password":"","post_name":"editorial-portic","to_ping":"","pinged":"","post_modified":"2022-10-14 11:55:02","post_modified_gmt":"2022-10-14 09:55:02","post_content_filtered":"","post_parent":0,"guid":"http:\/\/dev.claret.cat\/editorial\/editorial-portic\/","menu_order":0,"post_type":"editorial","post_mime_type":"","comment_count":"0","filter":"raw"}],"autores-libros":[{"ID":162317,"post_author":"3","post_date":"2022-10-14 17:30:04","post_date_gmt":"2022-10-14 15:30:04","post_content":"","post_title":"LLOREN\u00c7 SOLDEVILA BALART","post_excerpt":"","post_status":"publish","comment_status":"closed","ping_status":"closed","post_password":"","post_name":"llorenc-soldevila-balart","to_ping":"","pinged":"","post_modified":"2022-10-14 17:30:04","post_modified_gmt":"2022-10-14 15:30:04","post_content_filtered":"","post_parent":0,"guid":"http:\/\/dev.claret.cat\/autor\/llorenc-soldevila-balart\/","menu_order":0,"post_type":"autor","post_mime_type":"","comment_count":"0","filter":"raw"}]},"aioseo_notices":[],"_links":{"self":[{"href":"https:\/\/www.claret.cat\/es\/wp-json\/wp\/v2\/product\/193115","targetHints":{"allow":["GET"]}}],"collection":[{"href":"https:\/\/www.claret.cat\/es\/wp-json\/wp\/v2\/product"}],"about":[{"href":"https:\/\/www.claret.cat\/es\/wp-json\/wp\/v2\/types\/product"}],"wp:featuredmedia":[{"embeddable":true,"href":"https:\/\/www.claret.cat\/es\/wp-json\/wp\/v2\/media\/193116"}],"wp:attachment":[{"href":"https:\/\/www.claret.cat\/es\/wp-json\/wp\/v2\/media?parent=193115"}],"wp:term":[{"taxonomy":"product_brand","embeddable":true,"href":"https:\/\/www.claret.cat\/es\/wp-json\/wp\/v2\/product_brand?post=193115"},{"taxonomy":"product_cat","embeddable":true,"href":"https:\/\/www.claret.cat\/es\/wp-json\/wp\/v2\/product_cat?post=193115"},{"taxonomy":"product_tag","embeddable":true,"href":"https:\/\/www.claret.cat\/es\/wp-json\/wp\/v2\/product_tag?post=193115"}],"curies":[{"name":"wp","href":"https:\/\/api.w.org\/{rel}","templated":true}]}}