{"id":193226,"date":"2022-10-20T06:52:28","date_gmt":"2022-10-20T04:52:28","guid":{"rendered":"http:\/\/dev.claret.cat\/producte\/turismo-truco-o-trato\/"},"modified":"2023-01-28T19:40:35","modified_gmt":"2023-01-28T18:40:35","slug":"turismo-truco-o-trato-9788490974124","status":"publish","type":"product","link":"https:\/\/www.claret.cat\/es\/libro\/turismo-truco-o-trato-9788490974124\/","title":{"rendered":"TURISMO: \u00bfTRUCO O TRATO?"},"content":{"rendered":"<p>En 2018, Espa\u00f1a ya ocupa el segundo puesto del ranking mundial de pa\u00edses y esto tiene un impacto cada vez m\u00e1s visible en las econom\u00edas urbanas y en las ciudades. Sus centros hist\u00f3ricos y sus monumentos se han convertido en atractivos destinos, pero al mismo tiempo el precio de la vivienda en estas \u00e1reas centrales ha subido tanto que se ha vuelto inaccesible para sus ciudadanos, generalizando la gentrificaci\u00f3n. Este es el dilema que va a marcar el futuro de las pol\u00edticas p\u00fablicas y urbanas: la promoci\u00f3n del turismo cultural de calidad o la turismofobia.<\/p>\n","protected":false},"excerpt":{"rendered":"<p>HERN\u00c1NDEZ PEZZI, CARLOS<\/p>\n","protected":false},"featured_media":193227,"template":"","meta":{"_acf_changed":false,"om_disable_all_campaigns":false,"rs_blank_template":"","rs_page_bg_color":"","slide_template_v7":"","inline_featured_image":false,"_monsterinsights_skip_tracking":false,"_monsterinsights_sitenote_active":false,"_monsterinsights_sitenote_note":"","_monsterinsights_sitenote_category":0},"product_brand":[],"product_cat":[84],"product_tag":[],"class_list":{"0":"post-193226","1":"product","2":"type-product","3":"status-publish","4":"has-post-thumbnail","6":"product_cat-sociologia","8":"first","9":"instock","10":"taxable","11":"shipping-taxable","12":"purchasable","13":"product-type-simple"},"acf":{"autor":"HERN\u00c1NDEZ PEZZI, CARLOS","codart":"849097412","libros-coleccion":"SUSHI BOOKS","ediciones":"1","encuadernacion":"R\u00fastica","fecha_de_publicacion":"01\/01\/2018","novedad":"1","paginas":"123","subtitulo":"POL\u00cdTICAS URBANAS PARA EL TURISMO DE MASAS","orden":"0","portada":"0","idioma":"spa","editorial":[{"ID":6287,"post_author":"3","post_date":"2022-07-28 17:48:57","post_date_gmt":"2022-07-28 15:48:57","post_content":"","post_title":"LIBROS DE LA CATARATA","post_excerpt":"","post_status":"publish","comment_status":"closed","ping_status":"closed","post_password":"","post_name":"libros-de-la-catarata","to_ping":"","pinged":"","post_modified":"2022-07-28 17:48:57","post_modified_gmt":"2022-07-28 15:48:57","post_content_filtered":"","post_parent":0,"guid":"http:\/\/dev.claret.cat\/editorial\/libros-de-la-catarata\/","menu_order":0,"post_type":"editorial","post_mime_type":"","comment_count":"0","filter":"raw"}]},"aioseo_notices":[],"_links":{"self":[{"href":"https:\/\/www.claret.cat\/es\/wp-json\/wp\/v2\/product\/193226","targetHints":{"allow":["GET"]}}],"collection":[{"href":"https:\/\/www.claret.cat\/es\/wp-json\/wp\/v2\/product"}],"about":[{"href":"https:\/\/www.claret.cat\/es\/wp-json\/wp\/v2\/types\/product"}],"wp:featuredmedia":[{"embeddable":true,"href":"https:\/\/www.claret.cat\/es\/wp-json\/wp\/v2\/media\/193227"}],"wp:attachment":[{"href":"https:\/\/www.claret.cat\/es\/wp-json\/wp\/v2\/media?parent=193226"}],"wp:term":[{"taxonomy":"product_brand","embeddable":true,"href":"https:\/\/www.claret.cat\/es\/wp-json\/wp\/v2\/product_brand?post=193226"},{"taxonomy":"product_cat","embeddable":true,"href":"https:\/\/www.claret.cat\/es\/wp-json\/wp\/v2\/product_cat?post=193226"},{"taxonomy":"product_tag","embeddable":true,"href":"https:\/\/www.claret.cat\/es\/wp-json\/wp\/v2\/product_tag?post=193226"}],"curies":[{"name":"wp","href":"https:\/\/api.w.org\/{rel}","templated":true}]}}