{"id":193271,"date":"2022-10-20T06:53:14","date_gmt":"2022-10-20T04:53:14","guid":{"rendered":"http:\/\/dev.claret.cat\/producte\/reflexions-sobre-refranys-dites-populars-i-misteris\/"},"modified":"2023-01-28T17:17:06","modified_gmt":"2023-01-28T16:17:06","slug":"reflexions-sobre-refranys-dites-populars-i-misteris-9788494700538","status":"publish","type":"product","link":"https:\/\/www.claret.cat\/es\/libro\/reflexions-sobre-refranys-dites-populars-i-misteris-9788494700538\/","title":{"rendered":"REFLEXIONS SOBRE REFRANYS, DITES POPULARS I MISTERIS."},"content":{"rendered":"<p>Els pobles hereten dels avanpassats la riquesa del llenguatge i, gr\u00e0cies a ell, la saviesa popular de les dites sobre els diferents aspectes de la vida quotidiana; unes queden guardades en la mem\u00f2ria col.lectiva i en el patrimoni cultural, altres continuen vigents a trav\u00e9s del temps.<br \/>A la primera part del llibre l&#8217;autora reflexiona sobre un gran ventall de dites populars, les contrasta amb idees, sentiments i viv\u00e8ncies personals o de l&#8217;entorn, reals o de ficci\u00f3.<br \/>A la segona part el rerefons de creences religioses.<br \/>En tot cas l&#8217;autora ofereix les seves reflexions amb ironia amable, llenguatge planer i agilitat narrativa. Convida al lector a passar una bona estona, a recordar o a descobrir el que s&#8217;ha conservat del llenguatge popular, a prendre part d&#8217;acord o en diverg\u00e8ncia i, fins i tot, a facilitar la reflexi\u00f3 &#8216;a qui vulgui extreure&#8217;n experi\u00e8ncies&#8217; com diria en Joan Amades.<\/p>\n","protected":false},"excerpt":{"rendered":"<p>M. \u00c0NGELS PUIGB\u00d2<\/p>\n","protected":false},"featured_media":193272,"template":"","meta":{"_acf_changed":false,"om_disable_all_campaigns":false,"rs_blank_template":"","rs_page_bg_color":"","slide_template_v7":"","inline_featured_image":false,"_monsterinsights_skip_tracking":false,"_monsterinsights_sitenote_active":false,"_monsterinsights_sitenote_note":"","_monsterinsights_sitenote_category":0},"product_brand":[],"product_cat":[87],"product_tag":[],"class_list":{"0":"post-193271","1":"product","2":"type-product","3":"status-publish","4":"has-post-thumbnail","6":"product_cat-literatura","8":"first","9":"instock","10":"taxable","11":"shipping-taxable","12":"purchasable","13":"product-type-simple"},"acf":{"autor":"M. \u00c0NGELS PUIGB\u00d2","codart":"849470053","libros-coleccion":"","ediciones":"1","encuadernacion":"R\u00fastica","fecha_de_publicacion":"01\/01\/2018","novedad":"1","paginas":"204","subtitulo":"","orden":"0","portada":"0","idioma":"cat","editorial":[{"ID":147892,"post_author":"3","post_date":"2022-10-14 11:54:02","post_date_gmt":"2022-10-14 09:54:02","post_content":"","post_title":"EDICIONS SARAGOSSA","post_excerpt":"","post_status":"publish","comment_status":"closed","ping_status":"closed","post_password":"","post_name":"edicions-saragossa","to_ping":"","pinged":"","post_modified":"2022-10-14 11:54:02","post_modified_gmt":"2022-10-14 09:54:02","post_content_filtered":"","post_parent":0,"guid":"http:\/\/dev.claret.cat\/editorial\/edicions-saragossa\/","menu_order":0,"post_type":"editorial","post_mime_type":"","comment_count":"0","filter":"raw"}]},"aioseo_notices":[],"_links":{"self":[{"href":"https:\/\/www.claret.cat\/es\/wp-json\/wp\/v2\/product\/193271","targetHints":{"allow":["GET"]}}],"collection":[{"href":"https:\/\/www.claret.cat\/es\/wp-json\/wp\/v2\/product"}],"about":[{"href":"https:\/\/www.claret.cat\/es\/wp-json\/wp\/v2\/types\/product"}],"wp:featuredmedia":[{"embeddable":true,"href":"https:\/\/www.claret.cat\/es\/wp-json\/wp\/v2\/media\/193272"}],"wp:attachment":[{"href":"https:\/\/www.claret.cat\/es\/wp-json\/wp\/v2\/media?parent=193271"}],"wp:term":[{"taxonomy":"product_brand","embeddable":true,"href":"https:\/\/www.claret.cat\/es\/wp-json\/wp\/v2\/product_brand?post=193271"},{"taxonomy":"product_cat","embeddable":true,"href":"https:\/\/www.claret.cat\/es\/wp-json\/wp\/v2\/product_cat?post=193271"},{"taxonomy":"product_tag","embeddable":true,"href":"https:\/\/www.claret.cat\/es\/wp-json\/wp\/v2\/product_tag?post=193271"}],"curies":[{"name":"wp","href":"https:\/\/api.w.org\/{rel}","templated":true}]}}