{"id":193292,"date":"2022-10-20T06:53:35","date_gmt":"2022-10-20T04:53:35","guid":{"rendered":"http:\/\/dev.claret.cat\/producte\/hipatia\/"},"modified":"2023-01-28T00:59:17","modified_gmt":"2023-01-27T23:59:17","slug":"hipatia-9788417137076","status":"publish","type":"product","link":"https:\/\/www.claret.cat\/es\/libro\/hipatia-9788417137076\/","title":{"rendered":"HIP\u00c0TIA"},"content":{"rendered":"<p>Hip\u00e0tia d&#8217;Alexandria va ser una de les primeres fil\u00f2sofes per\u00f2, tot i aix\u00f2, els llibres d&#8217;hist\u00f2ria no li han fet gaire just\u00edcia. Gran mestra neoplat\u00f2nica, Hip\u00e0tia va destacar als camps de l&#8217;astronomia i les matem\u00e0tiques. Aquest llibre explica la hist\u00f2ria de com va aconseguir fer tantes coses en un m\u00f3n dominat pels homes, i \u00e9s apassionant&#8230;<\/p>\n","protected":false},"excerpt":{"rendered":"<p>GARC\u00cdA TUR, V\u00cdCTOR\/AZABAL, MAR<\/p>\n","protected":false},"featured_media":193293,"template":"","meta":{"_acf_changed":false,"om_disable_all_campaigns":false,"rs_blank_template":"","rs_page_bg_color":"","slide_template_v7":"","inline_featured_image":false,"_monsterinsights_skip_tracking":false,"_monsterinsights_sitenote_active":false,"_monsterinsights_sitenote_note":"","_monsterinsights_sitenote_category":0},"product_brand":[],"product_cat":[86],"product_tag":[],"class_list":{"0":"post-193292","1":"product","2":"type-product","3":"status-publish","4":"has-post-thumbnail","6":"product_cat-infantil","8":"first","9":"instock","10":"taxable","11":"shipping-taxable","12":"purchasable","13":"product-type-simple"},"acf":{"autor":"GARC\u00cdA TUR, V\u00cdCTOR\/AZABAL, MAR","codart":"841713707","libros-coleccion":"FORA DE COL.LECCI\u00d3","ediciones":"1","encuadernacion":"Carton\u00e9","fecha_de_publicacion":"01\/01\/2018","novedad":"1","paginas":"35","subtitulo":"LA GRAN MESTRA D'ALEXANDRIA","orden":"0","portada":"0","idioma":"cat","editorial":[{"ID":6389,"post_author":"3","post_date":"2022-07-28 17:51:06","post_date_gmt":"2022-07-28 15:51:06","post_content":"","post_title":"VEGUETA EDICIONES","post_excerpt":"","post_status":"publish","comment_status":"closed","ping_status":"closed","post_password":"","post_name":"vegueta-ediciones","to_ping":"","pinged":"","post_modified":"2022-07-28 17:51:06","post_modified_gmt":"2022-07-28 15:51:06","post_content_filtered":"","post_parent":0,"guid":"http:\/\/dev.claret.cat\/editorial\/vegueta-ediciones\/","menu_order":0,"post_type":"editorial","post_mime_type":"","comment_count":"0","filter":"raw"}],"autores-libros":[{"ID":171006,"post_author":"3","post_date":"2022-10-14 22:39:56","post_date_gmt":"2022-10-14 20:39:56","post_content":"","post_title":"VICTOR GARCIA TUR","post_excerpt":"","post_status":"publish","comment_status":"closed","ping_status":"closed","post_password":"","post_name":"victor-garcia-tur","to_ping":"","pinged":"","post_modified":"2022-10-14 22:39:56","post_modified_gmt":"2022-10-14 20:39:56","post_content_filtered":"","post_parent":0,"guid":"http:\/\/dev.claret.cat\/autor\/victor-garcia-tur\/","menu_order":0,"post_type":"autor","post_mime_type":"","comment_count":"0","filter":"raw"}]},"aioseo_notices":[],"_links":{"self":[{"href":"https:\/\/www.claret.cat\/es\/wp-json\/wp\/v2\/product\/193292","targetHints":{"allow":["GET"]}}],"collection":[{"href":"https:\/\/www.claret.cat\/es\/wp-json\/wp\/v2\/product"}],"about":[{"href":"https:\/\/www.claret.cat\/es\/wp-json\/wp\/v2\/types\/product"}],"wp:featuredmedia":[{"embeddable":true,"href":"https:\/\/www.claret.cat\/es\/wp-json\/wp\/v2\/media\/193293"}],"wp:attachment":[{"href":"https:\/\/www.claret.cat\/es\/wp-json\/wp\/v2\/media?parent=193292"}],"wp:term":[{"taxonomy":"product_brand","embeddable":true,"href":"https:\/\/www.claret.cat\/es\/wp-json\/wp\/v2\/product_brand?post=193292"},{"taxonomy":"product_cat","embeddable":true,"href":"https:\/\/www.claret.cat\/es\/wp-json\/wp\/v2\/product_cat?post=193292"},{"taxonomy":"product_tag","embeddable":true,"href":"https:\/\/www.claret.cat\/es\/wp-json\/wp\/v2\/product_tag?post=193292"}],"curies":[{"name":"wp","href":"https:\/\/api.w.org\/{rel}","templated":true}]}}