{"id":193295,"date":"2022-10-20T06:53:39","date_gmt":"2022-10-20T04:53:39","guid":{"rendered":"http:\/\/dev.claret.cat\/producte\/recetas-depurativas\/"},"modified":"2025-02-04T17:14:42","modified_gmt":"2025-02-04T16:14:42","slug":"recetas-depurativas-9788491181309","status":"publish","type":"product","link":"https:\/\/www.claret.cat\/es\/libro\/recetas-depurativas-9788491181309\/","title":{"rendered":"RECETAS DEPURATIVAS"},"content":{"rendered":"<p>Estr\u00e9s, cansancio, resfriados, problemas digestivos&#8230; \u00a1Ha llegado el momento de depurar tu cuerpo de las sustancias t\u00f3xicas que acumula y recuperar la energ\u00eda! Lucie Reynier nos propone un programa d\u00e9tox organizado seg\u00fan los alimentos de temporada, con una dieta de tres d\u00edas para cada estaci\u00f3n del a\u00f1o, con el que conseguir\u00e1s revitalizar tu cuerpo y recuperar el bienestar. Recetas depurativas resuelve las principales dudas sobre los planes d\u00e9tox: qui\u00e9n puede seguirlo, c\u00f3mo hay que hacerlo, durante cu\u00e1nto tiempo&#8230;, y proporciona recetas equilibradas y con paso a paso para que recuperar el bienestar sea f\u00e1cil y apetitoso.<\/p>\n","protected":false},"excerpt":{"rendered":"<p>REYNIER , LUCIE<\/p>\n","protected":false},"featured_media":193296,"template":"","meta":{"_acf_changed":false,"om_disable_all_campaigns":false,"rs_blank_template":"","rs_page_bg_color":"","slide_template_v7":"","inline_featured_image":false,"_monsterinsights_skip_tracking":false,"_monsterinsights_sitenote_active":false,"_monsterinsights_sitenote_note":"","_monsterinsights_sitenote_category":0},"product_brand":[],"product_cat":[553,103],"product_tag":[],"class_list":{"0":"post-193295","1":"product","2":"type-product","3":"status-publish","4":"has-post-thumbnail","6":"product_cat-cocina","7":"product_cat-cuina","9":"first","10":"instock","11":"taxable","12":"shipping-taxable","13":"purchasable","14":"product-type-simple"},"acf":{"autor":"REYNIER , LUCIE","codart":"849118130","libros-coleccion":"FORA DE COL.LECCI\u00d3","ediciones":"1","encuadernacion":"R\u00fastica","fecha_de_publicacion":"01\/01\/2018","novedad":"1","paginas":"118","subtitulo":"","orden":"0","portada":"0","idioma":"spa","editorial":[{"ID":148735,"post_author":"3","post_date":"2022-10-14 12:00:34","post_date_gmt":"2022-10-14 10:00:34","post_content":"","post_title":"RBA Integral","post_excerpt":"","post_status":"publish","comment_status":"closed","ping_status":"closed","post_password":"","post_name":"rba-integral","to_ping":"","pinged":"","post_modified":"2022-10-14 12:00:34","post_modified_gmt":"2022-10-14 10:00:34","post_content_filtered":"","post_parent":0,"guid":"http:\/\/dev.claret.cat\/editorial\/rba-integral\/","menu_order":0,"post_type":"editorial","post_mime_type":"","comment_count":"0","filter":"raw"}],"autores-libros":[{"ID":425657,"post_author":"3","post_date":"2023-05-16 08:26:15","post_date_gmt":"2023-05-16 06:26:15","post_content":"","post_title":"LUCIE REYNIER","post_excerpt":"","post_status":"publish","comment_status":"closed","ping_status":"closed","post_password":"","post_name":"lucie-reynier","to_ping":"","pinged":"","post_modified":"2023-05-16 08:26:15","post_modified_gmt":"2023-05-16 06:26:15","post_content_filtered":"","post_parent":0,"guid":"https:\/\/www.claret.cat\/autor\/lucie-reynier\/","menu_order":0,"post_type":"autor","post_mime_type":"","comment_count":"0","filter":"raw"}]},"aioseo_notices":[],"_links":{"self":[{"href":"https:\/\/www.claret.cat\/es\/wp-json\/wp\/v2\/product\/193295","targetHints":{"allow":["GET"]}}],"collection":[{"href":"https:\/\/www.claret.cat\/es\/wp-json\/wp\/v2\/product"}],"about":[{"href":"https:\/\/www.claret.cat\/es\/wp-json\/wp\/v2\/types\/product"}],"wp:featuredmedia":[{"embeddable":true,"href":"https:\/\/www.claret.cat\/es\/wp-json\/wp\/v2\/media\/193296"}],"wp:attachment":[{"href":"https:\/\/www.claret.cat\/es\/wp-json\/wp\/v2\/media?parent=193295"}],"wp:term":[{"taxonomy":"product_brand","embeddable":true,"href":"https:\/\/www.claret.cat\/es\/wp-json\/wp\/v2\/product_brand?post=193295"},{"taxonomy":"product_cat","embeddable":true,"href":"https:\/\/www.claret.cat\/es\/wp-json\/wp\/v2\/product_cat?post=193295"},{"taxonomy":"product_tag","embeddable":true,"href":"https:\/\/www.claret.cat\/es\/wp-json\/wp\/v2\/product_tag?post=193295"}],"curies":[{"name":"wp","href":"https:\/\/api.w.org\/{rel}","templated":true}]}}