{"id":193496,"date":"2022-10-20T06:57:07","date_gmt":"2022-10-20T04:57:07","guid":{"rendered":"http:\/\/dev.claret.cat\/producte\/suma-teologica-xi-tratado-del-verbo-encarnado\/"},"modified":"2024-07-12T11:49:38","modified_gmt":"2024-07-12T09:49:38","slug":"suma-teologica-xi-tratado-del-verbo-encarnado-9788422020004","status":"publish","type":"product","link":"https:\/\/www.claret.cat\/es\/libro\/suma-teologica-xi-tratado-del-verbo-encarnado-9788422020004\/","title":{"rendered":"SUMA TEOLOGICA XI TRATADO DEL VERBO ENCARNADO"},"content":{"rendered":"<p>Edici\u00f3n biling\u00fce con el texto latino de la edici\u00f3n cr\u00edtica leonina.<br \/>Traducci\u00f3n y anotaciones por una comisi\u00f3n de PP. Dominicos presidida por Francisco Barbado Viejo, OP.<br \/>Este und\u00e9cimo volumen comprende: Tratado del Verbo encarnado, versi\u00f3n Francisco Jos\u00e9 Ayala, OP; introducciones Manuel Cuervo, OP.<br \/>Reimpresi\u00f3n de la edici\u00f3n de 1960.<\/p>\n","protected":false},"excerpt":{"rendered":"<p>SANTO TOMAS DE AQUINO<\/p>\n","protected":false},"featured_media":974666,"template":"","meta":{"_acf_changed":false,"om_disable_all_campaigns":false,"rs_blank_template":"","rs_page_bg_color":"","slide_template_v7":"","inline_featured_image":false,"_monsterinsights_skip_tracking":false,"_monsterinsights_sitenote_active":false,"_monsterinsights_sitenote_note":"","_monsterinsights_sitenote_category":0},"product_brand":[],"product_cat":[543,93,342,76],"product_tag":[],"class_list":{"0":"post-193496","1":"product","2":"type-product","3":"status-publish","4":"has-post-thumbnail","6":"product_cat-eclesiologia-es","7":"product_cat-eclesiologia","8":"product_cat-teologia-1_espiritualidad","9":"product_cat-teologia","11":"first","12":"instock","13":"taxable","14":"shipping-taxable","15":"purchasable","16":"product-type-simple"},"acf":{"autor":"SANTO TOMAS DE AQUINO","codart":"842202000","libros-coleccion":"Thesaurus","ediciones":"1","encuadernacion":"Carpeta","fecha_de_publicacion":"01\/01\/2018","novedad":"0","paginas":"961","subtitulo":"","orden":"0","portada":"0","idioma":"spa","editorial":[{"ID":6142,"post_author":"3","post_date":"2022-07-28 17:45:47","post_date_gmt":"2022-07-28 15:45:47","post_content":"","post_title":"BIBLIOTECA AUTORES CRI   B.A.C","post_excerpt":"","post_status":"publish","comment_status":"closed","ping_status":"closed","post_password":"","post_name":"biblioteca-autores-cri-b-a-c","to_ping":"","pinged":"","post_modified":"2022-07-28 17:45:47","post_modified_gmt":"2022-07-28 15:45:47","post_content_filtered":"","post_parent":0,"guid":"http:\/\/dev.claret.cat\/editorial\/biblioteca-autores-cri-b-a-c\/","menu_order":0,"post_type":"editorial","post_mime_type":"","comment_count":"0","filter":"raw"}],"autores-libros":[{"ID":169077,"post_author":"3","post_date":"2022-10-14 22:24:17","post_date_gmt":"2022-10-14 20:24:17","post_content":"","post_title":"SANTO TOM\u00c1S DE AQUINO","post_excerpt":"","post_status":"publish","comment_status":"closed","ping_status":"closed","post_password":"","post_name":"santo-tomas-de-aquino-2","to_ping":"","pinged":"","post_modified":"2022-10-14 22:24:17","post_modified_gmt":"2022-10-14 20:24:17","post_content_filtered":"","post_parent":0,"guid":"http:\/\/dev.claret.cat\/autor\/santo-tomas-de-aquino-2\/","menu_order":0,"post_type":"autor","post_mime_type":"","comment_count":"0","filter":"raw"}]},"aioseo_notices":[],"_links":{"self":[{"href":"https:\/\/www.claret.cat\/es\/wp-json\/wp\/v2\/product\/193496","targetHints":{"allow":["GET"]}}],"collection":[{"href":"https:\/\/www.claret.cat\/es\/wp-json\/wp\/v2\/product"}],"about":[{"href":"https:\/\/www.claret.cat\/es\/wp-json\/wp\/v2\/types\/product"}],"wp:featuredmedia":[{"embeddable":true,"href":"https:\/\/www.claret.cat\/es\/wp-json\/wp\/v2\/media\/974666"}],"wp:attachment":[{"href":"https:\/\/www.claret.cat\/es\/wp-json\/wp\/v2\/media?parent=193496"}],"wp:term":[{"taxonomy":"product_brand","embeddable":true,"href":"https:\/\/www.claret.cat\/es\/wp-json\/wp\/v2\/product_brand?post=193496"},{"taxonomy":"product_cat","embeddable":true,"href":"https:\/\/www.claret.cat\/es\/wp-json\/wp\/v2\/product_cat?post=193496"},{"taxonomy":"product_tag","embeddable":true,"href":"https:\/\/www.claret.cat\/es\/wp-json\/wp\/v2\/product_tag?post=193496"}],"curies":[{"name":"wp","href":"https:\/\/api.w.org\/{rel}","templated":true}]}}