{"id":193580,"date":"2022-10-20T06:58:36","date_gmt":"2022-10-20T04:58:36","guid":{"rendered":"http:\/\/dev.claret.cat\/producte\/breve-historia-de-carlos-v\/"},"modified":"2025-06-03T12:54:28","modified_gmt":"2025-06-03T10:54:28","slug":"breve-historia-de-carlos-v-9788499678627","status":"publish","type":"product","link":"https:\/\/www.claret.cat\/es\/libro\/breve-historia-de-carlos-v-9788499678627\/","title":{"rendered":"BREVE HISTORIA DE CARLOS V"},"content":{"rendered":"<p>Descubra los apasionantes inicios de la Europa moderna a trav\u00e9s de la vida del emperador Carlos V, en cuya persona se aun\u00f3 el cetro imperial alem\u00e1n y la corona de la Monarqu\u00eda Hisp\u00e1nica. Un recorrido hist\u00f3rico completo por los principales aspectos pol\u00edticos, sociales y econ\u00f3micos de esta turbulenta \u00e9poca y el arte y cultura de este brillante periodo del Renacimiento humanista.<br \/>Breve historia de Carlos V le acercar\u00e1 a los principales aspectos pol\u00edticos, sociales y econ\u00f3micos de una etapa apasionante, el inicio de la \u00e9poca moderna europea, a trav\u00e9s de un personaje fascinante, Carlos I de Espa\u00f1a y V de Alemania, en cuya persona se aun\u00f3 el cetro imperial alem\u00e1n y la corona de la Monarqu\u00eda Hisp\u00e1nica.<br \/>Jos\u00e9 Ignacio Ortega, autor de la obra, le mostrar\u00e1 al emperador y monarca tanto en el \u00e1mbito p\u00fablico como en el privado y, a trav\u00e9s de testimonios y fuentes documentales primarias y variadas, le dar\u00e1 conocer pasajes palpitantes de la vida cotidiana de un personaje que tambi\u00e9n ama, acude a misa y colecciona relojes.<br \/>Con un estilo ameno y riguroso recorrer\u00e1 el reinado de Carlos V, el primer monarca de la dinast\u00eda Habsburgo, en su doble dimensi\u00f3n como emperador del Imperio alem\u00e1n y monarca de las coronas castellana y aragonesa, atendiendo no s\u00f3lo a los aspectos pol\u00edtico-institucionales, militares y territoriales, sino tambi\u00e9n abordando las caracter\u00edsticas de todos los grupos sociales: la nobleza, el clero, el artesanado, los comerciantes, el campesinado, los pobres, las minor\u00edas \u00e9tnicas, tanto en el entorno urbano como en el rural.<\/p>\n","protected":false},"excerpt":{"rendered":"<p>ORTEGA CERVIG\u00d3N, JOS\u00c9 IGNACIO<\/p>\n","protected":false},"featured_media":193581,"template":"","meta":{"_acf_changed":false,"om_disable_all_campaigns":false,"rs_blank_template":"","rs_page_bg_color":"","slide_template_v7":"","inline_featured_image":false,"_monsterinsights_skip_tracking":false,"_monsterinsights_sitenote_active":false,"_monsterinsights_sitenote_note":"","_monsterinsights_sitenote_category":0},"product_brand":[],"product_cat":[85,351],"product_tag":[],"class_list":{"0":"post-193580","1":"product","2":"type-product","3":"status-publish","4":"has-post-thumbnail","6":"product_cat-historia","7":"product_cat-historia-2_humanidades","9":"first","10":"instock","11":"taxable","12":"shipping-taxable","13":"purchasable","14":"product-type-simple"},"acf":{"autor":"ORTEGA CERVIG\u00d3N, JOS\u00c9 IGNACIO","codart":"849967862","libros-coleccion":"Breve Historia","ediciones":"1","encuadernacion":"R\u00fastica","fecha_de_publicacion":"01\/01\/2018","novedad":"1","paginas":"283","subtitulo":"","orden":"0","portada":"0","idioma":"spa","editorial":[{"ID":6205,"post_author":"3","post_date":"2022-07-28 17:47:07","post_date_gmt":"2022-07-28 15:47:07","post_content":"","post_title":"EDICIONES NOWTILUS","post_excerpt":"","post_status":"publish","comment_status":"closed","ping_status":"closed","post_password":"","post_name":"ediciones-nowtilus","to_ping":"","pinged":"","post_modified":"2022-07-28 17:47:07","post_modified_gmt":"2022-07-28 15:47:07","post_content_filtered":"","post_parent":0,"guid":"http:\/\/dev.claret.cat\/editorial\/ediciones-nowtilus\/","menu_order":0,"post_type":"editorial","post_mime_type":"","comment_count":"0","filter":"raw"}],"autores-libros":[{"ID":160284,"post_author":"3","post_date":"2022-10-14 15:51:49","post_date_gmt":"2022-10-14 13:51:49","post_content":"","post_title":"JOS\u00c9 IGNACIO ORTEGA CERVIG\u00d3N","post_excerpt":"","post_status":"publish","comment_status":"closed","ping_status":"closed","post_password":"","post_name":"jose-ignacio-ortega-cervigon","to_ping":"","pinged":"","post_modified":"2022-10-14 15:51:49","post_modified_gmt":"2022-10-14 13:51:49","post_content_filtered":"","post_parent":0,"guid":"http:\/\/dev.claret.cat\/autor\/jose-ignacio-ortega-cervigon\/","menu_order":0,"post_type":"autor","post_mime_type":"","comment_count":"0","filter":"raw"}],"booktrailer":"","resenas":""},"aioseo_notices":[],"_links":{"self":[{"href":"https:\/\/www.claret.cat\/es\/wp-json\/wp\/v2\/product\/193580","targetHints":{"allow":["GET"]}}],"collection":[{"href":"https:\/\/www.claret.cat\/es\/wp-json\/wp\/v2\/product"}],"about":[{"href":"https:\/\/www.claret.cat\/es\/wp-json\/wp\/v2\/types\/product"}],"wp:featuredmedia":[{"embeddable":true,"href":"https:\/\/www.claret.cat\/es\/wp-json\/wp\/v2\/media\/193581"}],"wp:attachment":[{"href":"https:\/\/www.claret.cat\/es\/wp-json\/wp\/v2\/media?parent=193580"}],"wp:term":[{"taxonomy":"product_brand","embeddable":true,"href":"https:\/\/www.claret.cat\/es\/wp-json\/wp\/v2\/product_brand?post=193580"},{"taxonomy":"product_cat","embeddable":true,"href":"https:\/\/www.claret.cat\/es\/wp-json\/wp\/v2\/product_cat?post=193580"},{"taxonomy":"product_tag","embeddable":true,"href":"https:\/\/www.claret.cat\/es\/wp-json\/wp\/v2\/product_tag?post=193580"}],"curies":[{"name":"wp","href":"https:\/\/api.w.org\/{rel}","templated":true}]}}