{"id":193634,"date":"2022-10-20T06:59:34","date_gmt":"2022-10-20T04:59:34","guid":{"rendered":"http:\/\/dev.claret.cat\/producte\/recetas-para-triunfar-gastando-poco\/"},"modified":"2025-02-04T18:05:00","modified_gmt":"2025-02-04T17:05:00","slug":"recetas-para-triunfar-gastando-poco-9788490569733","status":"publish","type":"product","link":"https:\/\/www.claret.cat\/es\/libro\/recetas-para-triunfar-gastando-poco-9788490569733\/","title":{"rendered":"RECETAS PARA TRIUNFAR GASTANDO POCO"},"content":{"rendered":"<p>Una cocina econ\u00f3mica no es sin\u00f3nimo ni de aburrimiento ni de baja calidad. Elaborar nuestras recetas con productos de temporada, planificar bien los men\u00fas de la semana, utilizar las t\u00e9cnicas apropiadas y los mejores condimentos, as\u00ed como aprovechar las sobras con acierto y conservar los alimentos de un modo eficaz son los secretos para cocinar platos de lujo a buen precio. En este libro encontrar\u00e1s todos los trucos para combinar sencillez y originalidad en la mesa: C\u00f3mo elaborar platos de cinco estrellas con alimentos sencillos que te ayudar\u00e1n a mejorar la econom\u00eda dom\u00e9stica. Ideas para sacar el m\u00e1ximo partido a los alimentos m\u00e1s b\u00e1sicos, populares y sanos. Recetas para reinventar los platos tradicionales y convertirlos en men\u00fas original.<\/p>\n","protected":false},"excerpt":{"rendered":"<p>REDACCION RBA LIBROS, S.A.<\/p>\n","protected":false},"featured_media":193635,"template":"","meta":{"_acf_changed":false,"om_disable_all_campaigns":false,"rs_blank_template":"","rs_page_bg_color":"","slide_template_v7":"","inline_featured_image":false,"_monsterinsights_skip_tracking":false,"_monsterinsights_sitenote_active":false,"_monsterinsights_sitenote_note":"","_monsterinsights_sitenote_category":0},"product_brand":[],"product_cat":[553,103],"product_tag":[],"class_list":{"0":"post-193634","1":"product","2":"type-product","3":"status-publish","4":"has-post-thumbnail","6":"product_cat-cocina","7":"product_cat-cuina","9":"first","10":"instock","11":"taxable","12":"shipping-taxable","13":"purchasable","14":"product-type-simple"},"acf":{"autor":"REDACCION RBA LIBROS, S.A.","codart":"849056973","libros-coleccion":"PRACTICA","ediciones":"1","encuadernacion":"R\u00fastica","fecha_de_publicacion":"01\/01\/2018","novedad":"1","paginas":"144","subtitulo":"","orden":"0","portada":"0","idioma":"spa","editorial":[{"ID":148737,"post_author":"3","post_date":"2022-10-14 12:00:35","post_date_gmt":"2022-10-14 10:00:35","post_content":"","post_title":"RBA Libros","post_excerpt":"","post_status":"publish","comment_status":"closed","ping_status":"closed","post_password":"","post_name":"rba-libros","to_ping":"","pinged":"","post_modified":"2022-10-14 12:00:35","post_modified_gmt":"2022-10-14 10:00:35","post_content_filtered":"","post_parent":0,"guid":"http:\/\/dev.claret.cat\/editorial\/rba-libros\/","menu_order":0,"post_type":"editorial","post_mime_type":"","comment_count":"0","filter":"raw"}],"autores-libros":[{"ID":168748,"post_author":"3","post_date":"2022-10-14 22:21:37","post_date_gmt":"2022-10-14 20:21:37","post_content":"","post_title":"S.A. REDACCION RBA LIBROS","post_excerpt":"","post_status":"publish","comment_status":"closed","ping_status":"closed","post_password":"","post_name":"s-a-redaccion-rba-libros","to_ping":"","pinged":"","post_modified":"2022-10-14 22:21:37","post_modified_gmt":"2022-10-14 20:21:37","post_content_filtered":"","post_parent":0,"guid":"http:\/\/dev.claret.cat\/autor\/s-a-redaccion-rba-libros\/","menu_order":0,"post_type":"autor","post_mime_type":"","comment_count":"0","filter":"raw"}]},"aioseo_notices":[],"_links":{"self":[{"href":"https:\/\/www.claret.cat\/es\/wp-json\/wp\/v2\/product\/193634","targetHints":{"allow":["GET"]}}],"collection":[{"href":"https:\/\/www.claret.cat\/es\/wp-json\/wp\/v2\/product"}],"about":[{"href":"https:\/\/www.claret.cat\/es\/wp-json\/wp\/v2\/types\/product"}],"wp:featuredmedia":[{"embeddable":true,"href":"https:\/\/www.claret.cat\/es\/wp-json\/wp\/v2\/media\/193635"}],"wp:attachment":[{"href":"https:\/\/www.claret.cat\/es\/wp-json\/wp\/v2\/media?parent=193634"}],"wp:term":[{"taxonomy":"product_brand","embeddable":true,"href":"https:\/\/www.claret.cat\/es\/wp-json\/wp\/v2\/product_brand?post=193634"},{"taxonomy":"product_cat","embeddable":true,"href":"https:\/\/www.claret.cat\/es\/wp-json\/wp\/v2\/product_cat?post=193634"},{"taxonomy":"product_tag","embeddable":true,"href":"https:\/\/www.claret.cat\/es\/wp-json\/wp\/v2\/product_tag?post=193634"}],"curies":[{"name":"wp","href":"https:\/\/api.w.org\/{rel}","templated":true}]}}