{"id":193718,"date":"2022-10-20T07:01:07","date_gmt":"2022-10-20T05:01:07","guid":{"rendered":"http:\/\/dev.claret.cat\/producte\/love-you-un-amor-tempestuos-una-relacio-addictiva\/"},"modified":"2024-01-31T18:59:45","modified_gmt":"2024-01-31T17:59:45","slug":"love-you-un-amor-tempestuos-una-relacio-addictiva-9788417031473","status":"publish","type":"product","link":"https:\/\/www.claret.cat\/es\/libro\/love-you-un-amor-tempestuos-una-relacio-addictiva-9788417031473\/","title":{"rendered":"LOVE YOU: UN AMOR TEMPESTU\u00d3S ,UNA RELACI\u00d3 ADDICTIVA"},"content":{"rendered":"<p>L&#8217;Eden, de setze anys, arriba a Los Angeles per passar-hi\u00a0l&#8217;estiu amb la nova fam\u00edlia del seu pare. No t\u00e9 gaires ganes\u00a0de con\u00e8ixer els seus tres germanastres, que ella suposa\u00a0que seran una llauna. Per\u00f2 llavors coneix en Tyler, el gran,\u00a0de disset anys, i el troba absolutament odi\u00f3s, irritant, presumptu\u00f3s\u00a0i&#8230; francament atractiu. La tensi\u00f3 entre tots dos\u00a0fa que la conviv\u00e8ncia sigui molt dif\u00edcil. Per\u00f2 tot aix\u00f2 no \u00e9s\u00a0res m\u00e9s que el comen\u00e7ament.<\/p>\n","protected":false},"excerpt":{"rendered":"<p>MASKAME, ESTELLE<\/p>\n","protected":false},"featured_media":193719,"template":"","meta":{"_acf_changed":false,"om_disable_all_campaigns":false,"rs_blank_template":"","rs_page_bg_color":"","slide_template_v7":"","inline_featured_image":false,"_monsterinsights_skip_tracking":false,"_monsterinsights_sitenote_active":false,"_monsterinsights_sitenote_note":"","_monsterinsights_sitenote_category":0},"product_brand":[],"product_cat":[566,117,87,353],"product_tag":[],"class_list":{"0":"post-193718","1":"product","2":"type-product","3":"status-publish","4":"has-post-thumbnail","6":"product_cat-juvenil-3_infantil-juvenil-spa-spa","7":"product_cat-juvenil","8":"product_cat-literatura","9":"product_cat-literatura-2_humanidades","11":"first","12":"instock","13":"taxable","14":"shipping-taxable","15":"purchasable","16":"product-type-simple"},"acf":{"autor":"MASKAME, ESTELLE","codart":"841703147","libros-coleccion":"","ediciones":"1","encuadernacion":"R\u00fastica","fecha_de_publicacion":"01\/01\/2018","novedad":"1","paginas":"487","subtitulo":"","orden":"0","portada":"0","idioma":"cat","editorial":[{"ID":6281,"post_author":"3","post_date":"2022-07-28 17:48:50","post_date_gmt":"2022-07-28 15:48:50","post_content":"","post_title":"LABUTXACA","post_excerpt":"","post_status":"publish","comment_status":"closed","ping_status":"closed","post_password":"","post_name":"labutxaca","to_ping":"","pinged":"","post_modified":"2022-07-28 17:48:50","post_modified_gmt":"2022-07-28 15:48:50","post_content_filtered":"","post_parent":0,"guid":"http:\/\/dev.claret.cat\/editorial\/labutxaca\/","menu_order":0,"post_type":"editorial","post_mime_type":"","comment_count":"0","filter":"raw"}],"autores-libros":[{"ID":155399,"post_author":"3","post_date":"2022-10-14 15:12:31","post_date_gmt":"2022-10-14 13:12:31","post_content":"","post_title":"ESTELLE MASKAME","post_excerpt":"","post_status":"publish","comment_status":"closed","ping_status":"closed","post_password":"","post_name":"estelle-maskame","to_ping":"","pinged":"","post_modified":"2022-10-14 15:12:31","post_modified_gmt":"2022-10-14 13:12:31","post_content_filtered":"","post_parent":0,"guid":"http:\/\/dev.claret.cat\/autor\/estelle-maskame\/","menu_order":0,"post_type":"autor","post_mime_type":"","comment_count":"0","filter":"raw"}]},"aioseo_notices":[],"_links":{"self":[{"href":"https:\/\/www.claret.cat\/es\/wp-json\/wp\/v2\/product\/193718","targetHints":{"allow":["GET"]}}],"collection":[{"href":"https:\/\/www.claret.cat\/es\/wp-json\/wp\/v2\/product"}],"about":[{"href":"https:\/\/www.claret.cat\/es\/wp-json\/wp\/v2\/types\/product"}],"wp:featuredmedia":[{"embeddable":true,"href":"https:\/\/www.claret.cat\/es\/wp-json\/wp\/v2\/media\/193719"}],"wp:attachment":[{"href":"https:\/\/www.claret.cat\/es\/wp-json\/wp\/v2\/media?parent=193718"}],"wp:term":[{"taxonomy":"product_brand","embeddable":true,"href":"https:\/\/www.claret.cat\/es\/wp-json\/wp\/v2\/product_brand?post=193718"},{"taxonomy":"product_cat","embeddable":true,"href":"https:\/\/www.claret.cat\/es\/wp-json\/wp\/v2\/product_cat?post=193718"},{"taxonomy":"product_tag","embeddable":true,"href":"https:\/\/www.claret.cat\/es\/wp-json\/wp\/v2\/product_tag?post=193718"}],"curies":[{"name":"wp","href":"https:\/\/api.w.org\/{rel}","templated":true}]}}