{"id":193727,"date":"2022-10-20T07:01:18","date_gmt":"2022-10-20T05:01:18","guid":{"rendered":"http:\/\/dev.claret.cat\/producte\/proteinas-vegetales\/"},"modified":"2025-02-04T17:17:54","modified_gmt":"2025-02-04T16:17:54","slug":"proteinas-vegetales-9788491180777","status":"publish","type":"product","link":"https:\/\/www.claret.cat\/es\/libro\/proteinas-vegetales-9788491180777\/","title":{"rendered":"PROTEINAS VEGETALES"},"content":{"rendered":"<p>Las prote\u00ednas son vitales: el cuerpo humano depende de ellas para realizar una largu\u00edsima lista de funciones fundamentales para el o rganismo. Sin embargo, no puede fabricarlas, por lo que tiene que ingerirlas. Para conseguirlas, muchas veces suele pensarse en alimentos de origen animal, pero los vegetales, como legumbres, semillas, frutos secos, algas&#8230;, tambi\u00e9n son una fuente inagotable de prote\u00ednas. Explicaciones claras y concisas sobre las prote\u00ednas y sus funcionalidades. Diferencias entre las prote\u00ednas vegetales y las animales.Tablas detalladas con datos nutricionales precisos. Consejos y recomendaciones para una dieta vegetariana integral. Un completo recetario con propuestas alternativasa la carne.<\/p>\n","protected":false},"excerpt":{"rendered":"<p>VIVER BARRI, NURIA<\/p>\n","protected":false},"featured_media":193728,"template":"","meta":{"_acf_changed":false,"om_disable_all_campaigns":false,"rs_blank_template":"","rs_page_bg_color":"","slide_template_v7":"","inline_featured_image":false,"_monsterinsights_skip_tracking":false,"_monsterinsights_sitenote_active":false,"_monsterinsights_sitenote_note":"","_monsterinsights_sitenote_category":0},"product_brand":[],"product_cat":[553,103],"product_tag":[],"class_list":{"0":"post-193727","1":"product","2":"type-product","3":"status-publish","4":"has-post-thumbnail","6":"product_cat-cocina","7":"product_cat-cuina","9":"first","10":"instock","11":"taxable","12":"shipping-taxable","13":"purchasable","14":"product-type-simple"},"acf":{"autor":"VIVER BARRI, NURIA","codart":"849118077","libros-coleccion":"FORA DE COL.LECCI\u00d3","ediciones":"1","encuadernacion":"R\u00fastica","fecha_de_publicacion":"01\/01\/2018","novedad":"1","paginas":"173","subtitulo":"","orden":"0","portada":"0","idioma":"spa","editorial":[{"ID":148735,"post_author":"3","post_date":"2022-10-14 12:00:34","post_date_gmt":"2022-10-14 10:00:34","post_content":"","post_title":"RBA Integral","post_excerpt":"","post_status":"publish","comment_status":"closed","ping_status":"closed","post_password":"","post_name":"rba-integral","to_ping":"","pinged":"","post_modified":"2022-10-14 12:00:34","post_modified_gmt":"2022-10-14 10:00:34","post_content_filtered":"","post_parent":0,"guid":"http:\/\/dev.claret.cat\/editorial\/rba-integral\/","menu_order":0,"post_type":"editorial","post_mime_type":"","comment_count":"0","filter":"raw"}],"autores-libros":[{"ID":427176,"post_author":"3","post_date":"2023-05-16 09:00:39","post_date_gmt":"2023-05-16 07:00:39","post_content":"","post_title":"NURIA VIVER BARRI","post_excerpt":"","post_status":"publish","comment_status":"closed","ping_status":"closed","post_password":"","post_name":"nuria-viver-barri","to_ping":"","pinged":"","post_modified":"2023-05-16 09:00:39","post_modified_gmt":"2023-05-16 07:00:39","post_content_filtered":"","post_parent":0,"guid":"https:\/\/www.claret.cat\/autor\/nuria-viver-barri\/","menu_order":0,"post_type":"autor","post_mime_type":"","comment_count":"0","filter":"raw"}]},"aioseo_notices":[],"_links":{"self":[{"href":"https:\/\/www.claret.cat\/es\/wp-json\/wp\/v2\/product\/193727","targetHints":{"allow":["GET"]}}],"collection":[{"href":"https:\/\/www.claret.cat\/es\/wp-json\/wp\/v2\/product"}],"about":[{"href":"https:\/\/www.claret.cat\/es\/wp-json\/wp\/v2\/types\/product"}],"wp:featuredmedia":[{"embeddable":true,"href":"https:\/\/www.claret.cat\/es\/wp-json\/wp\/v2\/media\/193728"}],"wp:attachment":[{"href":"https:\/\/www.claret.cat\/es\/wp-json\/wp\/v2\/media?parent=193727"}],"wp:term":[{"taxonomy":"product_brand","embeddable":true,"href":"https:\/\/www.claret.cat\/es\/wp-json\/wp\/v2\/product_brand?post=193727"},{"taxonomy":"product_cat","embeddable":true,"href":"https:\/\/www.claret.cat\/es\/wp-json\/wp\/v2\/product_cat?post=193727"},{"taxonomy":"product_tag","embeddable":true,"href":"https:\/\/www.claret.cat\/es\/wp-json\/wp\/v2\/product_tag?post=193727"}],"curies":[{"name":"wp","href":"https:\/\/api.w.org\/{rel}","templated":true}]}}