{"id":193748,"date":"2022-10-20T07:01:43","date_gmt":"2022-10-20T05:01:43","guid":{"rendered":"http:\/\/dev.claret.cat\/producte\/romanic\/"},"modified":"2023-01-28T23:42:23","modified_gmt":"2023-01-28T22:42:23","slug":"romanic-9788423208371","status":"publish","type":"product","link":"https:\/\/www.claret.cat\/es\/libro\/romanic-9788423208371\/","title":{"rendered":"ROM\u00c0NIC"},"content":{"rendered":"<p>Quadern dedicat al Rom\u00e0nic: arquitectura civil i religiosa, escultura, pintura, arts decoratives, els llibres, la m\u00fasica culta i popular&#8230;<\/p>\n","protected":false},"excerpt":{"rendered":"<p>RIART I JOU, FRANCESC \/ SOSPEDRA I ROCA, RAFEL<\/p>\n","protected":false},"featured_media":193749,"template":"","meta":{"_acf_changed":false,"om_disable_all_campaigns":false,"rs_blank_template":"","rs_page_bg_color":"","slide_template_v7":"","inline_featured_image":false,"_monsterinsights_skip_tracking":false,"_monsterinsights_sitenote_active":false,"_monsterinsights_sitenote_note":"","_monsterinsights_sitenote_category":0},"product_brand":[],"product_cat":[16],"product_tag":[],"class_list":{"0":"post-193748","1":"product","2":"type-product","3":"status-publish","4":"has-post-thumbnail","6":"product_cat-sense-categoria","8":"first","9":"instock","10":"taxable","11":"shipping-taxable","12":"purchasable","13":"product-type-simple"},"acf":{"autor":"RIART I JOU, FRANCESC \/ SOSPEDRA I ROCA, RAFEL","codart":"842320837","libros-coleccion":"Historia","ediciones":"1","encuadernacion":"R\u00fastica","fecha_de_publicacion":"01\/01\/2018","novedad":"1","paginas":"30","subtitulo":"","orden":"0","portada":"0","idioma":"cat","editorial":[{"ID":148724,"post_author":"3","post_date":"2022-10-14 12:00:29","post_date_gmt":"2022-10-14 10:00:29","post_content":"","post_title":"Rafael dalmau","post_excerpt":"","post_status":"publish","comment_status":"closed","ping_status":"closed","post_password":"","post_name":"rafael-dalmau","to_ping":"","pinged":"","post_modified":"2022-10-14 12:00:29","post_modified_gmt":"2022-10-14 10:00:29","post_content_filtered":"","post_parent":0,"guid":"http:\/\/dev.claret.cat\/editorial\/rafael-dalmau\/","menu_order":0,"post_type":"editorial","post_mime_type":"","comment_count":"0","filter":"raw"}],"autores-libros":[{"ID":167633,"post_author":"3","post_date":"2022-10-14 18:12:46","post_date_gmt":"2022-10-14 16:12:46","post_content":"","post_title":"RAFEL SOSPEDRA I ROCA","post_excerpt":"","post_status":"publish","comment_status":"closed","ping_status":"closed","post_password":"","post_name":"rafel-sospedra-i-roca","to_ping":"","pinged":"","post_modified":"2022-10-14 18:12:46","post_modified_gmt":"2022-10-14 16:12:46","post_content_filtered":"","post_parent":0,"guid":"http:\/\/dev.claret.cat\/autor\/rafel-sospedra-i-roca\/","menu_order":0,"post_type":"autor","post_mime_type":"","comment_count":"0","filter":"raw"},{"ID":156132,"post_author":"3","post_date":"2022-10-14 15:18:22","post_date_gmt":"2022-10-14 13:18:22","post_content":"","post_title":"FRANCESC RIART I JOU","post_excerpt":"","post_status":"publish","comment_status":"closed","ping_status":"closed","post_password":"","post_name":"francesc-riart-i-jou","to_ping":"","pinged":"","post_modified":"2022-10-14 15:18:22","post_modified_gmt":"2022-10-14 13:18:22","post_content_filtered":"","post_parent":0,"guid":"http:\/\/dev.claret.cat\/autor\/francesc-riart-i-jou\/","menu_order":0,"post_type":"autor","post_mime_type":"","comment_count":"0","filter":"raw"}]},"aioseo_notices":[],"_links":{"self":[{"href":"https:\/\/www.claret.cat\/es\/wp-json\/wp\/v2\/product\/193748","targetHints":{"allow":["GET"]}}],"collection":[{"href":"https:\/\/www.claret.cat\/es\/wp-json\/wp\/v2\/product"}],"about":[{"href":"https:\/\/www.claret.cat\/es\/wp-json\/wp\/v2\/types\/product"}],"wp:featuredmedia":[{"embeddable":true,"href":"https:\/\/www.claret.cat\/es\/wp-json\/wp\/v2\/media\/193749"}],"wp:attachment":[{"href":"https:\/\/www.claret.cat\/es\/wp-json\/wp\/v2\/media?parent=193748"}],"wp:term":[{"taxonomy":"product_brand","embeddable":true,"href":"https:\/\/www.claret.cat\/es\/wp-json\/wp\/v2\/product_brand?post=193748"},{"taxonomy":"product_cat","embeddable":true,"href":"https:\/\/www.claret.cat\/es\/wp-json\/wp\/v2\/product_cat?post=193748"},{"taxonomy":"product_tag","embeddable":true,"href":"https:\/\/www.claret.cat\/es\/wp-json\/wp\/v2\/product_tag?post=193748"}],"curies":[{"name":"wp","href":"https:\/\/api.w.org\/{rel}","templated":true}]}}