{"id":19380,"date":"2022-10-02T09:04:24","date_gmt":"2022-10-02T07:04:24","guid":{"rendered":"http:\/\/dev.claret.cat\/producte\/mindsight\/"},"modified":"2023-01-28T12:24:51","modified_gmt":"2023-01-28T11:24:51","slug":"mindsight-9788449325212","status":"publish","type":"product","link":"https:\/\/www.claret.cat\/es\/libro\/mindsight-9788449325212\/","title":{"rendered":"MINDSIGHT"},"content":{"rendered":"<p>Mindsight es la capacidad de la mente humana para contemplarse a s\u00ed misma. Es una lente poderosa mediante la cual podemos comprender nuestra vida interior con mayor claridad, transformar nuestro cerebro y mejorar nuestras relaciones con los dem\u00e1s. Daniel Siegel<br \/>Daniel Siegel nos ofrece un texto pionero sobre el poder curativo del mindsight, la capacidad innata que es la base de la inteligencia emocional y social. El mindsight nos permite efectuar cambios positivos en nuestro cerebro y en nuestra vida. Por ejemplo: \u00bfAlguna vez ha pensado que no puede dejar de comportarse como lo hace, por mucho que lo intente? \u00bfLe atormenta alg\u00fan recuerdo, o padece miedos irracionales de los que no puede deshacerse? El autor explica que podemos poner fin a estas din\u00e1micas que nos amargan y vivir de manera m\u00e1s plena y sosegada, indic\u00e1ndonos c\u00f3mo aprender a centrar nuestra atenci\u00f3n en el mundo interno de la mente para cambiar la configuraci\u00f3n, la arquitectura de nuestro cerebro. Mindsight es un texto informativo y pr\u00e1ctico a la vez que demuestra que no estamos predeterminados para actuar de determinadas maneras, sino que podemos utilizar el poder de nuestras mentes para moldear los circuitos neuronales de nuestros cerebros y transformar nuestras vidas.<\/p>\n","protected":false},"excerpt":{"rendered":"<p>SIEGEL, DANIEL J.<\/p>\n","protected":false},"featured_media":78340,"template":"","meta":{"_acf_changed":false,"om_disable_all_campaigns":false,"rs_blank_template":"","rs_page_bg_color":"","slide_template_v7":"","inline_featured_image":false,"_monsterinsights_skip_tracking":false,"_monsterinsights_sitenote_active":false,"_monsterinsights_sitenote_note":"","_monsterinsights_sitenote_category":0},"product_brand":[],"product_cat":[16],"product_tag":[],"class_list":{"0":"post-19380","1":"product","2":"type-product","3":"status-publish","4":"has-post-thumbnail","6":"product_cat-sense-categoria","8":"first","9":"instock","10":"taxable","11":"shipping-taxable","12":"purchasable","13":"product-type-simple"},"acf":{"autor":"SIEGEL, DANIEL J.","codart":"844932521","libros-coleccion":"","ediciones":"1","encuadernacion":"R\u00fastica","fecha_de_publicacion":"14\/04\/2011","novedad":"0","paginas":"384","subtitulo":"LA NUEVA CIENCIA DE LA TRANSFORMACI\u00d3N PERSONAL","orden":"999","portada":"0","idioma":"spa","editorial":[{"ID":148619,"post_author":"3","post_date":"2022-10-14 11:59:40","post_date_gmt":"2022-10-14 09:59:40","post_content":"","post_title":"PAIDOS, EDITORIAL","post_excerpt":"","post_status":"publish","comment_status":"closed","ping_status":"closed","post_password":"","post_name":"paidos-editorial","to_ping":"","pinged":"","post_modified":"2022-10-14 11:59:40","post_modified_gmt":"2022-10-14 09:59:40","post_content_filtered":"","post_parent":0,"guid":"http:\/\/dev.claret.cat\/editorial\/paidos-editorial\/","menu_order":0,"post_type":"editorial","post_mime_type":"","comment_count":"0","filter":"raw"}],"autores-libros":[{"ID":153600,"post_author":"3","post_date":"2022-10-14 14:58:02","post_date_gmt":"2022-10-14 12:58:02","post_content":"","post_title":"DANIEL J. SIEGEL","post_excerpt":"","post_status":"publish","comment_status":"closed","ping_status":"closed","post_password":"","post_name":"daniel-j-siegel","to_ping":"","pinged":"","post_modified":"2022-10-14 14:58:02","post_modified_gmt":"2022-10-14 12:58:02","post_content_filtered":"","post_parent":0,"guid":"http:\/\/dev.claret.cat\/autor\/daniel-j-siegel\/","menu_order":0,"post_type":"autor","post_mime_type":"","comment_count":"0","filter":"raw"}]},"aioseo_notices":[],"_links":{"self":[{"href":"https:\/\/www.claret.cat\/es\/wp-json\/wp\/v2\/product\/19380","targetHints":{"allow":["GET"]}}],"collection":[{"href":"https:\/\/www.claret.cat\/es\/wp-json\/wp\/v2\/product"}],"about":[{"href":"https:\/\/www.claret.cat\/es\/wp-json\/wp\/v2\/types\/product"}],"wp:featuredmedia":[{"embeddable":true,"href":"https:\/\/www.claret.cat\/es\/wp-json\/wp\/v2\/media\/78340"}],"wp:attachment":[{"href":"https:\/\/www.claret.cat\/es\/wp-json\/wp\/v2\/media?parent=19380"}],"wp:term":[{"taxonomy":"product_brand","embeddable":true,"href":"https:\/\/www.claret.cat\/es\/wp-json\/wp\/v2\/product_brand?post=19380"},{"taxonomy":"product_cat","embeddable":true,"href":"https:\/\/www.claret.cat\/es\/wp-json\/wp\/v2\/product_cat?post=19380"},{"taxonomy":"product_tag","embeddable":true,"href":"https:\/\/www.claret.cat\/es\/wp-json\/wp\/v2\/product_tag?post=19380"}],"curies":[{"name":"wp","href":"https:\/\/api.w.org\/{rel}","templated":true}]}}