{"id":193814,"date":"2022-10-20T07:02:54","date_gmt":"2022-10-20T05:02:54","guid":{"rendered":"http:\/\/dev.claret.cat\/producte\/las-lagrimas-de-la-diosa-maori-trilogia-del-arbol-kauri-3\/"},"modified":"2023-01-28T05:43:56","modified_gmt":"2023-01-28T04:43:56","slug":"las-lagrimas-de-la-diosa-maori-trilogia-del-arbol-kauri-3-9788490704257","status":"publish","type":"product","link":"https:\/\/www.claret.cat\/es\/libro\/las-lagrimas-de-la-diosa-maori-trilogia-del-arbol-kauri-3-9788490704257\/","title":{"rendered":"LAS L\u00c1GRIMAS DE LA DIOSA MAOR\u00cd (TRILOG\u00cdA DEL \u00c1RBOL KAURI 3)"},"content":{"rendered":"<p>Tras seducir a un mill\u00f3n y medio de lectores en castellano, Sarah Lark cierra su magistral \u00abTrilog\u00eda del  \u00e1rbol Kauri\u00bb. Ahora, adem\u00e1s de las habituales sagas familiares ambientadas en un pa\u00eds ex\u00f3tico, Lark nos habla de las pioneras de las conquistas sociales  femeninas: primero el sufragio, despu\u00e9s el acceso a la universidad y, por \u00faltimo, la posibilidad de volar, volar, volar&#8230; \u00abEcharon a volar sus cometas y sus sue\u00f1os hacia los dioses. Y aquellas se llevaron consigo la tristeza.\u00bb Nueva Zelanda, 1899. El hijo de Lizzie y Michael Drury es enviado como m\u00e9dico a Sud\u00e1frica, donde se libra la guerra de los B\u00f3ers. Pero Roberta luchar\u00e1 para estar con \u00e9l a toda costa.Paralelamente, la joven Atamarie obtiene una importante victoria: ser la primera mujer que cursa estudios de Ingenier\u00eda en la Universidad de Nueva Zelanda. Desde ni\u00f1a le fascinaron las cometas maor\u00edes, y ahora  esta afici\u00f3n le permite conocer al pionero de la aviaci\u00f3n mundial.<\/p>\n","protected":false},"excerpt":{"rendered":"<p>SARAH LARK<\/p>\n","protected":false},"featured_media":193815,"template":"","meta":{"_acf_changed":false,"om_disable_all_campaigns":false,"rs_blank_template":"","rs_page_bg_color":"","slide_template_v7":"","inline_featured_image":false,"_monsterinsights_skip_tracking":false,"_monsterinsights_sitenote_active":false,"_monsterinsights_sitenote_note":"","_monsterinsights_sitenote_category":0},"product_brand":[],"product_cat":[87],"product_tag":[],"class_list":{"0":"post-193814","1":"product","2":"type-product","3":"status-publish","4":"has-post-thumbnail","6":"product_cat-literatura","8":"first","9":"instock","10":"taxable","11":"shipping-taxable","12":"purchasable","13":"product-type-simple"},"acf":{"autor":"SARAH LARK","codart":"849070425","libros-coleccion":"FORA DE COL.LECCI\u00d3","ediciones":"1","encuadernacion":"R\u00fastica","fecha_de_publicacion":"01\/01\/2018","novedad":"1","paginas":"801","subtitulo":"","orden":"0","portada":"0","idioma":"spa","editorial":[{"ID":6138,"post_author":"3","post_date":"2022-07-28 17:45:42","post_date_gmt":"2022-07-28 15:45:42","post_content":"","post_title":"B de Bolsillo (Ediciones B)","post_excerpt":"","post_status":"publish","comment_status":"closed","ping_status":"closed","post_password":"","post_name":"b-de-bolsillo-ediciones-b","to_ping":"","pinged":"","post_modified":"2022-07-28 17:45:42","post_modified_gmt":"2022-07-28 15:45:42","post_content_filtered":"","post_parent":0,"guid":"http:\/\/dev.claret.cat\/editorial\/b-de-bolsillo-ediciones-b\/","menu_order":0,"post_type":"editorial","post_mime_type":"","comment_count":"0","filter":"raw"}],"autores-libros":[{"ID":169150,"post_author":"3","post_date":"2022-10-14 22:24:52","post_date_gmt":"2022-10-14 20:24:52","post_content":"","post_title":"SARAH LARK","post_excerpt":"","post_status":"publish","comment_status":"closed","ping_status":"closed","post_password":"","post_name":"sarah-lark-2","to_ping":"","pinged":"","post_modified":"2022-10-14 22:24:52","post_modified_gmt":"2022-10-14 20:24:52","post_content_filtered":"","post_parent":0,"guid":"http:\/\/dev.claret.cat\/autor\/sarah-lark-2\/","menu_order":0,"post_type":"autor","post_mime_type":"","comment_count":"0","filter":"raw"}]},"aioseo_notices":[],"_links":{"self":[{"href":"https:\/\/www.claret.cat\/es\/wp-json\/wp\/v2\/product\/193814","targetHints":{"allow":["GET"]}}],"collection":[{"href":"https:\/\/www.claret.cat\/es\/wp-json\/wp\/v2\/product"}],"about":[{"href":"https:\/\/www.claret.cat\/es\/wp-json\/wp\/v2\/types\/product"}],"wp:featuredmedia":[{"embeddable":true,"href":"https:\/\/www.claret.cat\/es\/wp-json\/wp\/v2\/media\/193815"}],"wp:attachment":[{"href":"https:\/\/www.claret.cat\/es\/wp-json\/wp\/v2\/media?parent=193814"}],"wp:term":[{"taxonomy":"product_brand","embeddable":true,"href":"https:\/\/www.claret.cat\/es\/wp-json\/wp\/v2\/product_brand?post=193814"},{"taxonomy":"product_cat","embeddable":true,"href":"https:\/\/www.claret.cat\/es\/wp-json\/wp\/v2\/product_cat?post=193814"},{"taxonomy":"product_tag","embeddable":true,"href":"https:\/\/www.claret.cat\/es\/wp-json\/wp\/v2\/product_tag?post=193814"}],"curies":[{"name":"wp","href":"https:\/\/api.w.org\/{rel}","templated":true}]}}