{"id":193817,"date":"2022-10-20T07:02:58","date_gmt":"2022-10-20T05:02:58","guid":{"rendered":"http:\/\/dev.claret.cat\/producte\/les-llagrimes-de-la-deessa-maori-trilogia-de-larbre-kauri-3\/"},"modified":"2023-01-28T18:21:24","modified_gmt":"2023-01-28T17:21:24","slug":"les-llagrimes-de-la-deessa-maori-trilogia-de-larbre-kauri-3-9788490704264","status":"publish","type":"product","link":"https:\/\/www.claret.cat\/es\/libro\/les-llagrimes-de-la-deessa-maori-trilogia-de-larbre-kauri-3-9788490704264\/","title":{"rendered":"LES LL\u00c0GRIMES DE LA DEESSA MAOR\u00cd (TRILOGIA DE L&#8217;ARBRE KAURI 3)"},"content":{"rendered":"<p>Despr\u00e9s de seduir cent mil lectors en catal\u00e0. Sarah Lark tanca la seva magistral \u00abTrilogia de l&#8217;arbre Kauri\u00bb. Ara, a banda de les seves habituals sagues familiars ambientades en  un pa\u00eds ex\u00f2tic, Lark ens parla de les pioneres de los conquestes socials femenines: primer el sufragi, despr\u00e9s l&#8217;acc\u00e9s a la universitat, i, per \u00faltim, la possibilitat de volar, volar, volar&#8230; \u00abVan fer volar els seus estels i els seus somnis cap als d\u00e9us. I ells s&#8217;emportaren la tristesa.\u00bb Nova Zelanda, 1899. El fill de la Lizzie i en Michael Drury \u00e9s enviat com a metge a Sud-\u00e0frica, on es lliura la guerra dels b\u00f2ers. Tanmateix, la Roberta lluitar\u00e0 per estar amb ell amb totes les seves forces. Paral\u00b7lelament, la jove Atamarie obt\u00e9 una important vict\u00f2ria: ser la  primera dona que cursa estudis d&#8217;Enginyeria a la Universitat de Nova  Zelanda. Des que era una nena li van fascinar els estels maoris, per\u00f2 ara aquesta afici\u00f3 li permet con\u00e8ixer al pioner de l&#8217;aviaci\u00f3 mundial.<\/p>\n","protected":false},"excerpt":{"rendered":"<p>SARAH LARK<\/p>\n","protected":false},"featured_media":193818,"template":"","meta":{"_acf_changed":false,"om_disable_all_campaigns":false,"rs_blank_template":"","rs_page_bg_color":"","slide_template_v7":"","inline_featured_image":false,"_monsterinsights_skip_tracking":false,"_monsterinsights_sitenote_active":false,"_monsterinsights_sitenote_note":"","_monsterinsights_sitenote_category":0},"product_brand":[],"product_cat":[87],"product_tag":[],"class_list":{"0":"post-193817","1":"product","2":"type-product","3":"status-publish","4":"has-post-thumbnail","6":"product_cat-literatura","8":"first","9":"instock","10":"taxable","11":"shipping-taxable","12":"purchasable","13":"product-type-simple"},"acf":{"autor":"SARAH LARK","codart":"849070426","libros-coleccion":"FORA DE COL.LECCI\u00d3","ediciones":"1","encuadernacion":"R\u00fastica","fecha_de_publicacion":"01\/01\/2018","novedad":"1","paginas":"815","subtitulo":"","orden":"0","portada":"0","idioma":"cat","editorial":[{"ID":6138,"post_author":"3","post_date":"2022-07-28 17:45:42","post_date_gmt":"2022-07-28 15:45:42","post_content":"","post_title":"B de Bolsillo (Ediciones B)","post_excerpt":"","post_status":"publish","comment_status":"closed","ping_status":"closed","post_password":"","post_name":"b-de-bolsillo-ediciones-b","to_ping":"","pinged":"","post_modified":"2022-07-28 17:45:42","post_modified_gmt":"2022-07-28 15:45:42","post_content_filtered":"","post_parent":0,"guid":"http:\/\/dev.claret.cat\/editorial\/b-de-bolsillo-ediciones-b\/","menu_order":0,"post_type":"editorial","post_mime_type":"","comment_count":"0","filter":"raw"}],"autores-libros":[{"ID":169150,"post_author":"3","post_date":"2022-10-14 22:24:52","post_date_gmt":"2022-10-14 20:24:52","post_content":"","post_title":"SARAH LARK","post_excerpt":"","post_status":"publish","comment_status":"closed","ping_status":"closed","post_password":"","post_name":"sarah-lark-2","to_ping":"","pinged":"","post_modified":"2022-10-14 22:24:52","post_modified_gmt":"2022-10-14 20:24:52","post_content_filtered":"","post_parent":0,"guid":"http:\/\/dev.claret.cat\/autor\/sarah-lark-2\/","menu_order":0,"post_type":"autor","post_mime_type":"","comment_count":"0","filter":"raw"}]},"aioseo_notices":[],"_links":{"self":[{"href":"https:\/\/www.claret.cat\/es\/wp-json\/wp\/v2\/product\/193817","targetHints":{"allow":["GET"]}}],"collection":[{"href":"https:\/\/www.claret.cat\/es\/wp-json\/wp\/v2\/product"}],"about":[{"href":"https:\/\/www.claret.cat\/es\/wp-json\/wp\/v2\/types\/product"}],"wp:featuredmedia":[{"embeddable":true,"href":"https:\/\/www.claret.cat\/es\/wp-json\/wp\/v2\/media\/193818"}],"wp:attachment":[{"href":"https:\/\/www.claret.cat\/es\/wp-json\/wp\/v2\/media?parent=193817"}],"wp:term":[{"taxonomy":"product_brand","embeddable":true,"href":"https:\/\/www.claret.cat\/es\/wp-json\/wp\/v2\/product_brand?post=193817"},{"taxonomy":"product_cat","embeddable":true,"href":"https:\/\/www.claret.cat\/es\/wp-json\/wp\/v2\/product_cat?post=193817"},{"taxonomy":"product_tag","embeddable":true,"href":"https:\/\/www.claret.cat\/es\/wp-json\/wp\/v2\/product_tag?post=193817"}],"curies":[{"name":"wp","href":"https:\/\/api.w.org\/{rel}","templated":true}]}}