{"id":193829,"date":"2022-10-20T07:03:11","date_gmt":"2022-10-20T05:03:11","guid":{"rendered":"http:\/\/dev.claret.cat\/producte\/las-recetas-de-adelgaza-para-siempre\/"},"modified":"2023-01-28T13:47:10","modified_gmt":"2023-01-28T12:47:10","slug":"las-recetas-de-adelgaza-para-siempre-9788408180555","status":"publish","type":"product","link":"https:\/\/www.claret.cat\/es\/libro\/las-recetas-de-adelgaza-para-siempre-9788408180555\/","title":{"rendered":"LAS RECETAS DE ADELGAZA PARA SIEMPRE"},"content":{"rendered":"<p>\u00bfPerder\u00e9 peso si como alimentos light? \u00bfDebo comer aunque no tenga hambre? \u00bfQu\u00e9 platos elijo si como fuera de casa? \u00bfMe puedo tomar una copa de vino si estoy a dieta? Resuelve tus dudas de una vez por todas con la revolucionaria dieta que te ayudar\u00e1 a perder peso de manera saludable, definitiva y placentera. En este libro, pr\u00e1ctico y lleno de informaci\u00f3n, encontrar\u00e1s: <br \/>1. Los fundamentos del m\u00e9todo: sabr\u00e1s qu\u00e9 ocurre en tu cuerpo a lo largo del d\u00eda cuando comes, y aprender\u00e1s a combinar los alimentos para obtener el mayor potencial de cada uno ellos.<br \/>2. La dieta paso a paso: \u00a1ser\u00e1 como tener a la experta en nutrici\u00f3n en casa!<br \/>3. La parte pr\u00e1ctica, con m\u00e1s de 90 recetas y men\u00fas semanales: con ellos seguir\u00e1s con \u00e9xito las distintas fases de la dieta. Tienes en tus manos el libro perfecto para todas las personas que quieren adelgazar y cuidarse pero no saben c\u00f3mo, o se aburren en el camino de lograrlo. Al\u00edate con tu cuerpo y&#8230;\u00a0\u00a1adelgaza para siempre!<\/p>\n","protected":false},"excerpt":{"rendered":"<p>QUINTAS, \u00c1NGELA<\/p>\n","protected":false},"featured_media":193830,"template":"","meta":{"_acf_changed":false,"om_disable_all_campaigns":false,"rs_blank_template":"","rs_page_bg_color":"","slide_template_v7":"","inline_featured_image":false,"_monsterinsights_skip_tracking":false,"_monsterinsights_sitenote_active":false,"_monsterinsights_sitenote_note":"","_monsterinsights_sitenote_category":0},"product_brand":[],"product_cat":[103,97],"product_tag":[],"class_list":{"0":"post-193829","1":"product","2":"type-product","3":"status-publish","4":"has-post-thumbnail","6":"product_cat-cuina","7":"product_cat-salut","9":"first","10":"instock","11":"taxable","12":"shipping-taxable","13":"purchasable","14":"product-type-simple"},"acf":{"autor":"QUINTAS, \u00c1NGELA","codart":"840818055","libros-coleccion":"NO FICCION","ediciones":"1","encuadernacion":"R\u00fastica","fecha_de_publicacion":"01\/01\/2018","novedad":"1","paginas":"351","subtitulo":"MEN\u00daS F\u00c1CILES, VARIADOS Y SALUDABLES","orden":"0","portada":"0","idioma":"spa","editorial":[{"ID":6377,"post_author":"3","post_date":"2022-07-28 17:50:53","post_date_gmt":"2022-07-28 15:50:53","post_content":"","post_title":"Timun Mas CAT","post_excerpt":"","post_status":"publish","comment_status":"closed","ping_status":"closed","post_password":"","post_name":"timun-mas-cat","to_ping":"","pinged":"","post_modified":"2022-07-28 17:50:53","post_modified_gmt":"2022-07-28 15:50:53","post_content_filtered":"","post_parent":0,"guid":"http:\/\/dev.claret.cat\/editorial\/timun-mas-cat\/","menu_order":0,"post_type":"editorial","post_mime_type":"","comment_count":"0","filter":"raw"}],"autores-libros":[{"ID":150439,"post_author":"3","post_date":"2022-10-14 14:32:58","post_date_gmt":"2022-10-14 12:32:58","post_content":"","post_title":"\u00c1NGELA QUINTAS","post_excerpt":"","post_status":"publish","comment_status":"closed","ping_status":"closed","post_password":"","post_name":"angela-quintas","to_ping":"","pinged":"","post_modified":"2022-10-14 14:32:58","post_modified_gmt":"2022-10-14 12:32:58","post_content_filtered":"","post_parent":0,"guid":"http:\/\/dev.claret.cat\/autor\/angela-quintas\/","menu_order":0,"post_type":"autor","post_mime_type":"","comment_count":"0","filter":"raw"}]},"aioseo_notices":[],"_links":{"self":[{"href":"https:\/\/www.claret.cat\/es\/wp-json\/wp\/v2\/product\/193829","targetHints":{"allow":["GET"]}}],"collection":[{"href":"https:\/\/www.claret.cat\/es\/wp-json\/wp\/v2\/product"}],"about":[{"href":"https:\/\/www.claret.cat\/es\/wp-json\/wp\/v2\/types\/product"}],"wp:featuredmedia":[{"embeddable":true,"href":"https:\/\/www.claret.cat\/es\/wp-json\/wp\/v2\/media\/193830"}],"wp:attachment":[{"href":"https:\/\/www.claret.cat\/es\/wp-json\/wp\/v2\/media?parent=193829"}],"wp:term":[{"taxonomy":"product_brand","embeddable":true,"href":"https:\/\/www.claret.cat\/es\/wp-json\/wp\/v2\/product_brand?post=193829"},{"taxonomy":"product_cat","embeddable":true,"href":"https:\/\/www.claret.cat\/es\/wp-json\/wp\/v2\/product_cat?post=193829"},{"taxonomy":"product_tag","embeddable":true,"href":"https:\/\/www.claret.cat\/es\/wp-json\/wp\/v2\/product_tag?post=193829"}],"curies":[{"name":"wp","href":"https:\/\/api.w.org\/{rel}","templated":true}]}}