{"id":194084,"date":"2022-10-20T07:07:34","date_gmt":"2022-10-20T05:07:34","guid":{"rendered":"http:\/\/dev.claret.cat\/producte\/asturias-4\/"},"modified":"2023-01-28T01:12:35","modified_gmt":"2023-01-28T00:12:35","slug":"asturias-9788417368111","status":"publish","type":"product","link":"https:\/\/www.claret.cat\/es\/libro\/asturias-9788417368111\/","title":{"rendered":"ASTURIAS"},"content":{"rendered":"<p>Un completo recorrido por la diversidad de Asturias, por sus paisajes \u00fanicos, sus aldeas y sus pintorescos puertos pesqueros. Haciendo paradas en animadas casas de comidas, sidrer\u00edas y mercados. Es una ruta detallada, pueblo a pueblo, restaurante a restaurante, playa a playa, que  incluye las excursiones m\u00e1s  interesantes, los parajes m\u00e1s secretos, las  fiestas populares y los alojamientos m\u00e1s recomendables. Sin olvidar sus  principales centros urbanos, Oviedo, Gij\u00f3n y Avil\u00e9s, que sorprenden por  su alta calidad de vida y  su rico e interesante patrimonio art\u00edstico y monumental. Y todo ello, sin dejar atr\u00e1s localidades como Cangas de On\u00eds, Covadonga, Cudillero, Lastres, Llanes?etc, con multitud de atractivos: museos, asentamientos hist\u00f3ricos y paisajes protegidos.<\/p>\n","protected":false},"excerpt":{"rendered":"<p>GARC\u00cdA, JES\u00daS \/ MONREAL, MANUEL<\/p>\n","protected":false},"featured_media":194085,"template":"","meta":{"_acf_changed":false,"om_disable_all_campaigns":false,"rs_blank_template":"","rs_page_bg_color":"","slide_template_v7":"","inline_featured_image":false,"_monsterinsights_skip_tracking":false,"_monsterinsights_sitenote_active":false,"_monsterinsights_sitenote_note":"","_monsterinsights_sitenote_category":0},"product_brand":[],"product_cat":[107],"product_tag":[],"class_list":{"0":"post-194084","1":"product","2":"type-product","3":"status-publish","4":"has-post-thumbnail","6":"product_cat-guies-de-viatge","8":"first","9":"instock","10":"taxable","11":"shipping-taxable","12":"purchasable","13":"product-type-simple"},"acf":{"autor":"GARC\u00cdA, JES\u00daS \/ MONREAL, MANUEL","codart":"841736811","libros-coleccion":"FORA DE COL.LECCI\u00d3","ediciones":"1","encuadernacion":"R\u00fastica","fecha_de_publicacion":"01\/01\/2018","novedad":"1","paginas":"480","subtitulo":"ASTURIAS GU\u00cdA AZUL","orden":"0","portada":"0","idioma":"spa","editorial":[{"ID":148235,"post_author":"3","post_date":"2022-10-14 11:56:40","post_date_gmt":"2022-10-14 09:56:40","post_content":"","post_title":"GU\u00cdAS AZULES DE ESPA\u00d1A","post_excerpt":"","post_status":"publish","comment_status":"closed","ping_status":"closed","post_password":"","post_name":"guias-azules-de-espana","to_ping":"","pinged":"","post_modified":"2022-10-14 11:56:40","post_modified_gmt":"2022-10-14 09:56:40","post_content_filtered":"","post_parent":0,"guid":"http:\/\/dev.claret.cat\/editorial\/guias-azules-de-espana\/","menu_order":0,"post_type":"editorial","post_mime_type":"","comment_count":"0","filter":"raw"}],"autores-libros":[{"ID":159107,"post_author":"3","post_date":"2022-10-14 15:42:08","post_date_gmt":"2022-10-14 13:42:08","post_content":"","post_title":"JES\u00daS GARC\u00cdA","post_excerpt":"","post_status":"publish","comment_status":"closed","ping_status":"closed","post_password":"","post_name":"jesus-garcia","to_ping":"","pinged":"","post_modified":"2022-10-14 15:42:08","post_modified_gmt":"2022-10-14 13:42:08","post_content_filtered":"","post_parent":0,"guid":"http:\/\/dev.claret.cat\/autor\/jesus-garcia\/","menu_order":0,"post_type":"autor","post_mime_type":"","comment_count":"0","filter":"raw"},{"ID":163194,"post_author":"3","post_date":"2022-10-14 17:37:04","post_date_gmt":"2022-10-14 15:37:04","post_content":"","post_title":"MANUEL MONREAL","post_excerpt":"","post_status":"publish","comment_status":"closed","ping_status":"closed","post_password":"","post_name":"manuel-monreal","to_ping":"","pinged":"","post_modified":"2022-10-14 17:37:04","post_modified_gmt":"2022-10-14 15:37:04","post_content_filtered":"","post_parent":0,"guid":"http:\/\/dev.claret.cat\/autor\/manuel-monreal\/","menu_order":0,"post_type":"autor","post_mime_type":"","comment_count":"0","filter":"raw"}]},"aioseo_notices":[],"_links":{"self":[{"href":"https:\/\/www.claret.cat\/es\/wp-json\/wp\/v2\/product\/194084","targetHints":{"allow":["GET"]}}],"collection":[{"href":"https:\/\/www.claret.cat\/es\/wp-json\/wp\/v2\/product"}],"about":[{"href":"https:\/\/www.claret.cat\/es\/wp-json\/wp\/v2\/types\/product"}],"wp:featuredmedia":[{"embeddable":true,"href":"https:\/\/www.claret.cat\/es\/wp-json\/wp\/v2\/media\/194085"}],"wp:attachment":[{"href":"https:\/\/www.claret.cat\/es\/wp-json\/wp\/v2\/media?parent=194084"}],"wp:term":[{"taxonomy":"product_brand","embeddable":true,"href":"https:\/\/www.claret.cat\/es\/wp-json\/wp\/v2\/product_brand?post=194084"},{"taxonomy":"product_cat","embeddable":true,"href":"https:\/\/www.claret.cat\/es\/wp-json\/wp\/v2\/product_cat?post=194084"},{"taxonomy":"product_tag","embeddable":true,"href":"https:\/\/www.claret.cat\/es\/wp-json\/wp\/v2\/product_tag?post=194084"}],"curies":[{"name":"wp","href":"https:\/\/api.w.org\/{rel}","templated":true}]}}