{"id":194219,"date":"2022-10-20T07:09:56","date_gmt":"2022-10-20T05:09:56","guid":{"rendered":"http:\/\/dev.claret.cat\/producte\/el-idiota-2\/"},"modified":"2023-01-28T21:54:52","modified_gmt":"2023-01-28T20:54:52","slug":"el-idiota-9788491049593","status":"publish","type":"product","link":"https:\/\/www.claret.cat\/es\/libro\/el-idiota-9788491049593\/","title":{"rendered":"EL IDIOTA"},"content":{"rendered":"<p>Proveniente de un establecimiento de salud en Suiza donde un doctor le ha tratado una enfermedad no concretada, el joven pr\u00edncipe Myshkin (persona esencialmente buena y sin ninguna malicia) regresa a Rusia sin un rublo con el fin de hallar cobijo o ayuda en algunos parientes lejanos. Su aparici\u00f3n e integraci\u00f3n en la sociedad de San Petersburgo llevar\u00e1, precisamente en raz\u00f3n de su car\u00e1cter, a que todo aquel que entable relaci\u00f3n con \u00e9l, desnudado por su mirada ingenua, sus mansas palabras y sus actos inocentes, experimente un trastorno inesperado en su vida o en sus sentimientos.<\/p>\n","protected":false},"excerpt":{"rendered":"<p>DOSTOYEVSKI, FI\u00d3DOR<\/p>\n","protected":false},"featured_media":194220,"template":"","meta":{"_acf_changed":false,"om_disable_all_campaigns":false,"rs_blank_template":"","rs_page_bg_color":"","slide_template_v7":"","inline_featured_image":false,"_monsterinsights_skip_tracking":false,"_monsterinsights_sitenote_active":false,"_monsterinsights_sitenote_note":"","_monsterinsights_sitenote_category":0},"product_brand":[],"product_cat":[87],"product_tag":[],"class_list":{"0":"post-194219","1":"product","2":"type-product","3":"status-publish","4":"has-post-thumbnail","6":"product_cat-literatura","8":"first","9":"instock","10":"taxable","11":"shipping-taxable","12":"purchasable","13":"product-type-simple"},"acf":{"autor":"DOSTOYEVSKI, FI\u00d3DOR","codart":"849104959","libros-coleccion":"13\/20","ediciones":"1","encuadernacion":"R\u00fastica","fecha_de_publicacion":"01\/01\/2018","novedad":"1","paginas":"940","subtitulo":"","orden":"0","portada":"0","idioma":"spa","editorial":[{"ID":147652,"post_author":"3","post_date":"2022-10-14 11:52:13","post_date_gmt":"2022-10-14 09:52:13","post_content":"","post_title":"COMERCIAL GRUPO ANAYA","post_excerpt":"","post_status":"publish","comment_status":"closed","ping_status":"closed","post_password":"","post_name":"comercial-grupo-anaya","to_ping":"","pinged":"","post_modified":"2022-10-14 11:52:13","post_modified_gmt":"2022-10-14 09:52:13","post_content_filtered":"","post_parent":0,"guid":"http:\/\/dev.claret.cat\/editorial\/comercial-grupo-anaya\/","menu_order":0,"post_type":"editorial","post_mime_type":"","comment_count":"0","filter":"raw"}],"autores-libros":[{"ID":155946,"post_author":"3","post_date":"2022-10-14 15:16:53","post_date_gmt":"2022-10-14 13:16:53","post_content":"","post_title":"FI\u00d3DOR DOSTOYEVSKI","post_excerpt":"","post_status":"publish","comment_status":"closed","ping_status":"closed","post_password":"","post_name":"fiodor-dostoyevski","to_ping":"","pinged":"","post_modified":"2022-10-14 15:16:53","post_modified_gmt":"2022-10-14 13:16:53","post_content_filtered":"","post_parent":0,"guid":"http:\/\/dev.claret.cat\/autor\/fiodor-dostoyevski\/","menu_order":0,"post_type":"autor","post_mime_type":"","comment_count":"0","filter":"raw"}]},"aioseo_notices":[],"_links":{"self":[{"href":"https:\/\/www.claret.cat\/es\/wp-json\/wp\/v2\/product\/194219","targetHints":{"allow":["GET"]}}],"collection":[{"href":"https:\/\/www.claret.cat\/es\/wp-json\/wp\/v2\/product"}],"about":[{"href":"https:\/\/www.claret.cat\/es\/wp-json\/wp\/v2\/types\/product"}],"wp:featuredmedia":[{"embeddable":true,"href":"https:\/\/www.claret.cat\/es\/wp-json\/wp\/v2\/media\/194220"}],"wp:attachment":[{"href":"https:\/\/www.claret.cat\/es\/wp-json\/wp\/v2\/media?parent=194219"}],"wp:term":[{"taxonomy":"product_brand","embeddable":true,"href":"https:\/\/www.claret.cat\/es\/wp-json\/wp\/v2\/product_brand?post=194219"},{"taxonomy":"product_cat","embeddable":true,"href":"https:\/\/www.claret.cat\/es\/wp-json\/wp\/v2\/product_cat?post=194219"},{"taxonomy":"product_tag","embeddable":true,"href":"https:\/\/www.claret.cat\/es\/wp-json\/wp\/v2\/product_tag?post=194219"}],"curies":[{"name":"wp","href":"https:\/\/api.w.org\/{rel}","templated":true}]}}